{"id":953,"date":"2024-09-13T11:38:29","date_gmt":"2024-09-13T11:38:29","guid":{"rendered":"https:\/\/testtorr.no\/index.php\/produkt\/premium-adult-rod-15-kg-2\/"},"modified":"2024-10-20T13:33:27","modified_gmt":"2024-10-20T11:33:27","slug":"premium-adult-rod-15-kg-2","status":"publish","type":"product","link":"https:\/\/xn--trrfor-bya.no\/index.php\/produkt\/premium-adult-rod-15-kg-2\/","title":{"rendered":"Premium Adult &#8211; R\u00f8d, 15 kg"},"content":{"rendered":"<p>&nbsp;<\/p>\n<p>&nbsp;<\/p>\n<p>Bestselgeren!<\/p>\n<p>&nbsp;<\/p>\n<p>Sportsman`s Pride aktiv hund er et Super Premium hundef\u00f4r. Foret er v\u00e5rt nest \u00f8verste alternativ for aktive hunder. Foret er velegnet for aktive og hardt arbeidene voksne hunder under stress og andre krevende forhold. Vi bruker selv denne i jaktsessongen for \u00e5 sikre v\u00e5re 4 beinte sin ern\u00e6ring og raskest mulig restutisjon. I perdioder hvor man forventer st\u00f8rre p\u00e5kjenning kan man blande inn en fordeling med 50\/50 lilla for \u00e5 oppn\u00e5 bedre restutisjon.<\/p>\n<p>&nbsp;<\/p>\n<p>Omega fettsyrer for hud og pels<\/p>\n<p>Inneholder Selen for beskyttelse av celler<\/p>\n<p>Utviklet for \u00f8kt utholdenhet og styrke<\/p>\n<p>Ingen kunstige tilsetningsmidler<\/p>\n<p>Garantert fri for GMO<\/p>\n<p>Naturlig konservert<\/p>\n<p>100% smaksgaranti<\/p>\n<p>Leveres i 15kg<\/p>\n<p>&nbsp;<\/p>\n<p>&nbsp;<\/p>\n<p>Ingredienser :<\/p>\n<p>Kyllingmel, bygg, maismel, mais, kj\u00f8tt mel, kyllingfett ( naturlig konservert med blanding av tokoferoler og citronsyre ), ris, sukkerroer, mineraler og vitaminer.<\/p>\n<p>&nbsp;<\/p>\n<p>Vitaminer :<\/p>\n<p>Vitamintilskudd A, D3, E, B1, B2, B6, B12, folsyre, pantothenat, niacin og biotin.<\/p>\n<p>&nbsp;<\/p>\n<p>Mineraler :<\/p>\n<p>Jern, sink ( glysin \u2013 Hydrat ), mangan, kobber, kalsiumjod, koboltkarbonat og selenium.<\/p>\n<p>&nbsp;<\/p>\n<p>Analyse % Viktig og nyttig for :<\/p>\n<ul>\n<li>R\u00e5protein 26,0 Vekst, bevegelse, regenerering<\/li>\n<li>R\u00e5fett 18,0 Energi , optimal hud og pels<\/li>\n<li>R\u00e5fiber 2,5 Bist\u00e5r en god ford\u00f8yelse<\/li>\n<li>Aske 7,0<\/li>\n<\/ul>\n<p>Mineraler<\/p>\n<ul>\n<li>Kalsium 1,3 Knokler , tenner , nerver , blodkar<\/li>\n<li>Fosfor 1,0 Knokler , tenner , bevegelighet<\/li>\n<li>Natrium 0,5 Regulerer vann og elektrolytter<\/li>\n<li>Magnesium 0,12 Muskler , nerver<\/li>\n<li>Vann &lt; 9,0<\/li>\n<\/ul>\n","protected":false},"excerpt":{"rendered":"<p>&nbsp; &nbsp; Bestselgeren! &nbsp; Sportsman`s Pride aktiv hund er et Super Premium hundef\u00f4r. Foret er v\u00e5rt nest \u00f8verste alternativ for aktive hunder. Foret er velegnet for aktive og hardt arbeidene voksne hunder under stress og andre krevende forhold. Vi bruker selv denne i jaktsessongen for \u00e5 sikre v\u00e5re 4 beinte sin ern\u00e6ring og raskest mulig [&hellip;]<\/p>\n","protected":false},"featured_media":965,"comment_status":"open","ping_status":"closed","template":"","meta":{"_crdt_document":""},"product_cat":[23,24],"product_tag":[],"class_list":{"0":"post-953","1":"product","2":"type-product","3":"status-publish","4":"has-post-thumbnail","6":"product_cat-torrfor-hund","7":"product_cat-sportsmans-pride-torrfor-hund","9":"first","10":"instock","11":"taxable","12":"shipping-taxable","13":"purchasable","14":"product-type-simple"},"supplier_id":null,"supplier_sku":"","barcode":null,"atum_controlled":true,"out_stock_date":null,"out_stock_threshold":null,"inheritable":false,"inbound_stock":0,"stock_on_hold":0,"sold_today":0,"sales_last_days":0,"reserved_stock":0,"customer_returns":0,"warehouse_damage":0,"lost_in_post":0,"other_logs":0,"out_stock_days":0,"lost_sales":0,"has_location":false,"update_date":"2026-04-18T17:36:55","atum_locations":[],"atum_stock_status":"instock","restock_status":false,"low_stock_amount":"","sales_update_date":"2026-04-18T17:36:55","calc_backorders":null,"_links":{"self":[{"href":"https:\/\/xn--trrfor-bya.no\/index.php\/wp-json\/wp\/v2\/product\/953","targetHints":{"allow":["GET"]}}],"collection":[{"href":"https:\/\/xn--trrfor-bya.no\/index.php\/wp-json\/wp\/v2\/product"}],"about":[{"href":"https:\/\/xn--trrfor-bya.no\/index.php\/wp-json\/wp\/v2\/types\/product"}],"replies":[{"embeddable":true,"href":"https:\/\/xn--trrfor-bya.no\/index.php\/wp-json\/wp\/v2\/comments?post=953"}],"wp:featuredmedia":[{"embeddable":true,"href":"https:\/\/xn--trrfor-bya.no\/index.php\/wp-json\/wp\/v2\/media\/965"}],"wp:attachment":[{"href":"https:\/\/xn--trrfor-bya.no\/index.php\/wp-json\/wp\/v2\/media?parent=953"}],"wp:term":[{"taxonomy":"product_cat","embeddable":true,"href":"https:\/\/xn--trrfor-bya.no\/index.php\/wp-json\/wp\/v2\/product_cat?post=953"},{"taxonomy":"product_tag","embeddable":true,"href":"https:\/\/xn--trrfor-bya.no\/index.php\/wp-json\/wp\/v2\/product_tag?post=953"}],"curies":[{"name":"wp","href":"https:\/\/api.w.org\/{rel}","templated":true}]}}