{"id":952,"date":"2024-09-13T11:38:29","date_gmt":"2024-09-13T11:38:29","guid":{"rendered":"https:\/\/testtorr.no\/index.php\/produkt\/senior-og-light-lys-bla-15-kg-2\/"},"modified":"2024-10-20T13:33:27","modified_gmt":"2024-10-20T11:33:27","slug":"senior-og-light-lys-bla-15-kg-2","status":"publish","type":"product","link":"https:\/\/xn--trrfor-bya.no\/index.php\/produkt\/senior-og-light-lys-bla-15-kg-2\/","title":{"rendered":"Senior og Light &#8211; Lys bl\u00e5, 15 kg"},"content":{"rendered":"<p>&nbsp;<\/p>\n<p>&nbsp;<\/p>\n<p>Sportsman`s Pride senior er et Super Premium f\u00f4r. Komplett fullf\u00f4r for senior hunder og hunder med redusert energibehov. Foret passer ogs\u00e5 godt for overvektige hunder, og hunder som har lett for \u00e5 g\u00e5 opp i vekt.<\/p>\n<p>&nbsp;<\/p>\n<p>Ingredienser: Maismel, kj\u00f8tt fra fj\u00e6rkre, ris, sukkerbeteroer, hydrolisert protein fra fj\u00e6rkre\/kylling, fett fra fj\u00e6rkre, natriumchlorid, sikoripulver, vitaminer og mineraler<\/p>\n<p>&nbsp;<\/p>\n<p>Vitamintilskudd: A, C, D3, E, B1,, B2, B6,, B12, folsyre, niacin, pantothenat og biotin<\/p>\n<p>&nbsp;<\/p>\n<p>Mineraler: Jern, sink (glysin &#8211; hydrat), mangan, kobber, kalsiumjod, koboltkarbonat og selenium<\/p>\n<p>&nbsp;<\/p>\n<table>\n<tbody>\n<tr>\n<th>Analyse<\/th>\n<th>%<\/th>\n<th>Viktig og nyttig for :<\/th>\n<\/tr>\n<tr>\n<td>R\u00e5protein<\/td>\n<td>20,0<\/td>\n<td>Vekst, bevegelse, regenerering<\/td>\n<\/tr>\n<tr>\n<td>R\u00e5fett<\/td>\n<td>9,0<\/td>\n<td>Energi , optimal hud og pels<\/td>\n<\/tr>\n<tr>\n<td>R\u00e5fiber<\/td>\n<td>3,0<\/td>\n<td>Bist\u00e5r en god ford\u00f8yelse<\/td>\n<\/tr>\n<tr>\n<td>Aske<\/td>\n<td>6,5<\/td>\n<td>Mineraler<\/td>\n<\/tr>\n<tr>\n<td>Kalsium<\/td>\n<td>0,95<\/td>\n<td>Knokler , tenner , nerver , blodkar<\/td>\n<\/tr>\n<tr>\n<td>Fosfor<\/td>\n<td>0,75<\/td>\n<td>Knokler , tenner , bevegelighet<\/td>\n<\/tr>\n<tr>\n<td>Natrium<\/td>\n<td>0,50<\/td>\n<td>Regulerer vann og elektrolytter<\/td>\n<\/tr>\n<tr>\n<td>Magnesium<\/td>\n<td>0,10<\/td>\n<td>Muskler , nerver<\/td>\n<\/tr>\n<tr>\n<td>Vann<\/td>\n<td>&lt; 9,0<\/td>\n<\/tr>\n<\/tbody>\n<\/table>\n","protected":false},"excerpt":{"rendered":"<p>&nbsp; &nbsp; Sportsman`s Pride senior er et Super Premium f\u00f4r. Komplett fullf\u00f4r for senior hunder og hunder med redusert energibehov. Foret passer ogs\u00e5 godt for overvektige hunder, og hunder som har lett for \u00e5 g\u00e5 opp i vekt. &nbsp; Ingredienser: Maismel, kj\u00f8tt fra fj\u00e6rkre, ris, sukkerbeteroer, hydrolisert protein fra fj\u00e6rkre\/kylling, fett fra fj\u00e6rkre, natriumchlorid, sikoripulver, [&hellip;]<\/p>\n","protected":false},"featured_media":967,"comment_status":"open","ping_status":"closed","template":"","meta":{"_crdt_document":""},"product_cat":[23,24],"product_tag":[],"class_list":{"0":"post-952","1":"product","2":"type-product","3":"status-publish","4":"has-post-thumbnail","6":"product_cat-torrfor-hund","7":"product_cat-sportsmans-pride-torrfor-hund","9":"first","10":"instock","11":"taxable","12":"shipping-taxable","13":"purchasable","14":"product-type-simple"},"supplier_id":null,"supplier_sku":"","barcode":null,"atum_controlled":true,"out_stock_date":null,"out_stock_threshold":null,"inheritable":false,"inbound_stock":0,"stock_on_hold":0,"sold_today":0,"sales_last_days":0,"reserved_stock":0,"customer_returns":0,"warehouse_damage":0,"lost_in_post":0,"other_logs":0,"out_stock_days":0,"lost_sales":0,"has_location":false,"update_date":"2026-04-18T17:36:55","atum_locations":[],"atum_stock_status":"instock","restock_status":false,"low_stock_amount":"","sales_update_date":"2026-04-18T17:36:55","calc_backorders":null,"_links":{"self":[{"href":"https:\/\/xn--trrfor-bya.no\/index.php\/wp-json\/wp\/v2\/product\/952","targetHints":{"allow":["GET"]}}],"collection":[{"href":"https:\/\/xn--trrfor-bya.no\/index.php\/wp-json\/wp\/v2\/product"}],"about":[{"href":"https:\/\/xn--trrfor-bya.no\/index.php\/wp-json\/wp\/v2\/types\/product"}],"replies":[{"embeddable":true,"href":"https:\/\/xn--trrfor-bya.no\/index.php\/wp-json\/wp\/v2\/comments?post=952"}],"wp:featuredmedia":[{"embeddable":true,"href":"https:\/\/xn--trrfor-bya.no\/index.php\/wp-json\/wp\/v2\/media\/967"}],"wp:attachment":[{"href":"https:\/\/xn--trrfor-bya.no\/index.php\/wp-json\/wp\/v2\/media?parent=952"}],"wp:term":[{"taxonomy":"product_cat","embeddable":true,"href":"https:\/\/xn--trrfor-bya.no\/index.php\/wp-json\/wp\/v2\/product_cat?post=952"},{"taxonomy":"product_tag","embeddable":true,"href":"https:\/\/xn--trrfor-bya.no\/index.php\/wp-json\/wp\/v2\/product_tag?post=952"}],"curies":[{"name":"wp","href":"https:\/\/api.w.org\/{rel}","templated":true}]}}