{"id":951,"date":"2024-09-13T11:38:29","date_gmt":"2024-09-13T11:38:29","guid":{"rendered":"https:\/\/testtorr.no\/index.php\/produkt\/professional-hoy-energi-lilla-15-kg-2\/"},"modified":"2024-10-20T13:33:27","modified_gmt":"2024-10-20T11:33:27","slug":"professional-hoy-energi-lilla-15-kg-2","status":"publish","type":"product","link":"https:\/\/xn--trrfor-bya.no\/index.php\/produkt\/professional-hoy-energi-lilla-15-kg-2\/","title":{"rendered":"Professional H\u00f8y energi &#8211; Lilla, 15 kg"},"content":{"rendered":"<p>&nbsp;<\/p>\n<p>&nbsp;<\/p>\n<p>Anbefalt av Norges jeger- og fiskerforbund!<\/p>\n<p>&nbsp;<\/p>\n<p>Sportsman`s Pride h\u00f8yenergi er et Super Premium hundefor. Foret har et ekstra h\u00f8yt niv\u00e5 av protein og fett av veldig h\u00f8y kvalitet for maksimal utholdenhet og styrke. Foret er velegnet for hardt arbeidende voksne hunder under stress og andre krevende forhold.<\/p>\n<p>&nbsp;<\/p>\n<p>Ingredienser: Kyllingmel, mais, kyllingfett ( naturlig konservert med blanding av tokoferoler og citronsyre ), ris, maismel, fettmel, laks, bryggerimel, chicorypulver, skalldyrsmel, sukkerroer, vitaminer og mineraler.<\/p>\n<p>&nbsp;<\/p>\n<p>Vitamintilskudd: A, D3, E, B1,, B2, B6,, B12, folsyre, niacin, pantothenat og biotin<\/p>\n<p>&nbsp;<\/p>\n<p>Mineraler: Jern, sink (glysin &#8211; hydrat), mangan, kobber, kalsiumjod, koboltkarbonat og selenium<\/p>\n<p>&nbsp;<\/p>\n<p>Analyse % Viktig og nyttig for :<\/p>\n<ul>\n<li>R\u00e5protein 31,0 Vekst, bevegelse, regenerering<\/li>\n<li>R\u00e5fett 22,0 Energi , optimal hud og pels<\/li>\n<li>R\u00e5fiber 2,5 Bist\u00e5r en god ford\u00f8yelse<\/li>\n<li>Aske 7,5<\/li>\n<\/ul>\n<p>Mineraler<\/p>\n<ul>\n<li>Kalsium 1,6 Knokler , tenner , nerver , blodkar<\/li>\n<li>Fosfor 1,1 Knokler , tenner , bevegelighet<\/li>\n<li>Natrium 0,35 Regulerer vann og elektrolytter<\/li>\n<li>Magnesium 0,12 Muskler , nerver<\/li>\n<li>Vann &lt;\u00a09,0<\/li>\n<\/ul>\n","protected":false},"excerpt":{"rendered":"<p>&nbsp; &nbsp; Anbefalt av Norges jeger- og fiskerforbund! &nbsp; Sportsman`s Pride h\u00f8yenergi er et Super Premium hundefor. Foret har et ekstra h\u00f8yt niv\u00e5 av protein og fett av veldig h\u00f8y kvalitet for maksimal utholdenhet og styrke. Foret er velegnet for hardt arbeidende voksne hunder under stress og andre krevende forhold. &nbsp; Ingredienser: Kyllingmel, mais, kyllingfett [&hellip;]<\/p>\n","protected":false},"featured_media":966,"comment_status":"open","ping_status":"closed","template":"","meta":{"_crdt_document":""},"product_cat":[23,24],"product_tag":[],"class_list":{"0":"post-951","1":"product","2":"type-product","3":"status-publish","4":"has-post-thumbnail","6":"product_cat-torrfor-hund","7":"product_cat-sportsmans-pride-torrfor-hund","9":"first","10":"instock","11":"taxable","12":"shipping-taxable","13":"purchasable","14":"product-type-simple"},"supplier_id":null,"supplier_sku":"","barcode":null,"atum_controlled":true,"out_stock_date":null,"out_stock_threshold":null,"inheritable":false,"inbound_stock":0,"stock_on_hold":0,"sold_today":0,"sales_last_days":0,"reserved_stock":0,"customer_returns":0,"warehouse_damage":0,"lost_in_post":0,"other_logs":0,"out_stock_days":0,"lost_sales":0,"has_location":false,"update_date":"2026-04-18T17:36:55","atum_locations":[],"atum_stock_status":"instock","restock_status":false,"low_stock_amount":"","sales_update_date":"2026-04-18T17:36:55","calc_backorders":null,"_links":{"self":[{"href":"https:\/\/xn--trrfor-bya.no\/index.php\/wp-json\/wp\/v2\/product\/951","targetHints":{"allow":["GET"]}}],"collection":[{"href":"https:\/\/xn--trrfor-bya.no\/index.php\/wp-json\/wp\/v2\/product"}],"about":[{"href":"https:\/\/xn--trrfor-bya.no\/index.php\/wp-json\/wp\/v2\/types\/product"}],"replies":[{"embeddable":true,"href":"https:\/\/xn--trrfor-bya.no\/index.php\/wp-json\/wp\/v2\/comments?post=951"}],"wp:featuredmedia":[{"embeddable":true,"href":"https:\/\/xn--trrfor-bya.no\/index.php\/wp-json\/wp\/v2\/media\/966"}],"wp:attachment":[{"href":"https:\/\/xn--trrfor-bya.no\/index.php\/wp-json\/wp\/v2\/media?parent=951"}],"wp:term":[{"taxonomy":"product_cat","embeddable":true,"href":"https:\/\/xn--trrfor-bya.no\/index.php\/wp-json\/wp\/v2\/product_cat?post=951"},{"taxonomy":"product_tag","embeddable":true,"href":"https:\/\/xn--trrfor-bya.no\/index.php\/wp-json\/wp\/v2\/product_tag?post=951"}],"curies":[{"name":"wp","href":"https:\/\/api.w.org\/{rel}","templated":true}]}}