{"id":946,"date":"2024-09-13T11:38:28","date_gmt":"2024-09-13T11:38:28","guid":{"rendered":"https:\/\/testtorr.no\/index.php\/produkt\/kattemat-75-kg-2\/"},"modified":"2024-10-20T13:33:27","modified_gmt":"2024-10-20T11:33:27","slug":"kattemat-75-kg-2","status":"publish","type":"product","link":"https:\/\/xn--trrfor-bya.no\/index.php\/produkt\/kattemat-75-kg-2\/","title":{"rendered":"Kattemat &#8211; 7,5 kg"},"content":{"rendered":"<p>&nbsp;<\/p>\n<p>&nbsp;<\/p>\n<p>Fullf\u00f4r til alle typer katt helt fra kattunger til voksen katt.<\/p>\n<p>Ved bruk av fullf\u00f4r f\u00e5r katten dekket alle sine behov fra f\u00f4ret. F\u00f4ret inneholder fett av h\u00f8y kvalitet som sikrer at katten f\u00e5r i seg det den har behov for.<\/p>\n<p>F\u00f4ret er garantert fritt for GMO, og inneholder ikke hvete,soya eller tilsatt sukker.<\/p>\n<p>R\u00e5varene som brukes er samme r\u00e5vare som brukes i mat til mennesker, her brukes kun det beste.<\/p>\n<p>&nbsp;<\/p>\n<p>&nbsp;<\/p>\n<p>Kontrollert niv\u00e5 av mineraler ( magnesium, fosfor, kalsium og natrium ) forebygger stein i urinveiene. En resept som fremmer et sunt liv for katten.<\/p>\n<p>&nbsp;<\/p>\n<ul>\n<li><strong>Ingredienser:\u00a0<\/strong>Kyllingkj\u00f8tt, rismel, mais, maismel, kyllingfett ( naturlig konservert med blanding av tokoferoler og citronsyre ), laks, sukkerroer, t\u00f8rket lever, bryggerigj\u00e6r, vitaminer og mineraler.<\/li>\n<li>Vitamintilskudd:\u00a0A, D3, E, B1,, B2, B6,, B12, folsyre, niacin, pantothenat, biotin og taurin.<\/li>\n<li><strong>Mineraler<\/strong>: Jern, sink (glysin &#8211; hydrat), mangan, kobber, kalsiumjod, koboltkarbonat og selenium<\/li>\n<\/ul>\n<p>&nbsp;<\/p>\n<table>\n<tbody>\n<tr>\n<th>Analyse<\/th>\n<th>%<\/th>\n<th>Viktig og nyttig for :<\/th>\n<\/tr>\n<tr>\n<td>R\u00e5protein<\/td>\n<td>34,5<\/td>\n<td>Vekst, bevegelse og regenerering<\/td>\n<\/tr>\n<tr>\n<td>R\u00e5fett<\/td>\n<td>21,5<\/td>\n<td>Energi, optimal hud og pels<\/td>\n<\/tr>\n<tr>\n<td>R\u00e5fiber<\/td>\n<td>2,0<\/td>\n<td>Bist\u00e5r en god ford\u00f8yelse<\/td>\n<\/tr>\n<tr>\n<td>Aske<\/td>\n<td>7,0<\/td>\n<td>Mineraler<\/td>\n<\/tr>\n<tr>\n<td>Kalsium<\/td>\n<td>1,3<\/td>\n<td>Knokler, tenner, nerver og blodkar<\/td>\n<\/tr>\n<tr>\n<td>Fosfor<\/td>\n<td>1,2<\/td>\n<td>Knokler, tenner og bevegelighet<\/td>\n<\/tr>\n<tr>\n<td>Omega 3 og 6<\/td>\n<td>6,0<\/td>\n<td>Hud, pels og immunforsvar<\/td>\n<\/tr>\n<tr>\n<td>Magnesium<\/td>\n<td>0,02<\/td>\n<td>Muskler og nerver<\/td>\n<\/tr>\n<tr>\n<td>Vann<\/td>\n<td>&lt; 9,0<\/td>\n<td><\/td>\n<\/tr>\n<\/tbody>\n<\/table>\n","protected":false},"excerpt":{"rendered":"<p>&nbsp; &nbsp; Fullf\u00f4r til alle typer katt helt fra kattunger til voksen katt. Ved bruk av fullf\u00f4r f\u00e5r katten dekket alle sine behov fra f\u00f4ret. F\u00f4ret inneholder fett av h\u00f8y kvalitet som sikrer at katten f\u00e5r i seg det den har behov for. F\u00f4ret er garantert fritt for GMO, og inneholder ikke hvete,soya eller tilsatt [&hellip;]<\/p>\n","protected":false},"featured_media":972,"comment_status":"open","ping_status":"closed","template":"","meta":{"_crdt_document":""},"product_cat":[64,65],"product_tag":[45],"class_list":{"0":"post-946","1":"product","2":"type-product","3":"status-publish","4":"has-post-thumbnail","6":"product_cat-for","7":"product_cat-torrfor","8":"product_tag-sport","10":"first","11":"instock","12":"taxable","13":"shipping-taxable","14":"purchasable","15":"product-type-simple"},"supplier_id":null,"supplier_sku":"","barcode":null,"atum_controlled":true,"out_stock_date":null,"out_stock_threshold":null,"inheritable":false,"inbound_stock":0,"stock_on_hold":0,"sold_today":0,"sales_last_days":0,"reserved_stock":0,"customer_returns":0,"warehouse_damage":0,"lost_in_post":0,"other_logs":0,"out_stock_days":0,"lost_sales":0,"has_location":false,"update_date":"2026-04-18T17:36:55","atum_locations":[],"atum_stock_status":"instock","restock_status":false,"low_stock_amount":"","sales_update_date":"2026-04-18T17:36:55","calc_backorders":null,"_links":{"self":[{"href":"https:\/\/xn--trrfor-bya.no\/index.php\/wp-json\/wp\/v2\/product\/946","targetHints":{"allow":["GET"]}}],"collection":[{"href":"https:\/\/xn--trrfor-bya.no\/index.php\/wp-json\/wp\/v2\/product"}],"about":[{"href":"https:\/\/xn--trrfor-bya.no\/index.php\/wp-json\/wp\/v2\/types\/product"}],"replies":[{"embeddable":true,"href":"https:\/\/xn--trrfor-bya.no\/index.php\/wp-json\/wp\/v2\/comments?post=946"}],"wp:featuredmedia":[{"embeddable":true,"href":"https:\/\/xn--trrfor-bya.no\/index.php\/wp-json\/wp\/v2\/media\/972"}],"wp:attachment":[{"href":"https:\/\/xn--trrfor-bya.no\/index.php\/wp-json\/wp\/v2\/media?parent=946"}],"wp:term":[{"taxonomy":"product_cat","embeddable":true,"href":"https:\/\/xn--trrfor-bya.no\/index.php\/wp-json\/wp\/v2\/product_cat?post=946"},{"taxonomy":"product_tag","embeddable":true,"href":"https:\/\/xn--trrfor-bya.no\/index.php\/wp-json\/wp\/v2\/product_tag?post=946"}],"curies":[{"name":"wp","href":"https:\/\/api.w.org\/{rel}","templated":true}]}}