{"id":945,"date":"2024-09-13T11:38:28","date_gmt":"2024-09-13T11:38:28","guid":{"rendered":"https:\/\/testtorr.no\/index.php\/produkt\/proveposer-puppy-maks-2-per-kunde-2\/"},"modified":"2024-10-20T13:33:27","modified_gmt":"2024-10-20T11:33:27","slug":"proveposer-puppy-maks-2-per-kunde-2","status":"publish","type":"product","link":"https:\/\/xn--trrfor-bya.no\/index.php\/produkt\/proveposer-puppy-maks-2-per-kunde-2\/","title":{"rendered":"Pr\u00f8veposer Puppy &#8211; Maks 2 per kunde"},"content":{"rendered":"<p>&nbsp;<\/p>\n<p>&nbsp;<\/p>\n<p>Sportsman`s Pride valpefor er et Super Premium for. Komplett for for valper og unge hunder i sin vekstfase. Foret har et h\u00f8yt niv\u00e5 av protein og fett av veldig h\u00f8y kvalitet for \u00e5 gi den unge hunden best mulig start p\u00e5 livet. Foret er ogs\u00e5 velegnet for drektige tisper for \u00e5 gi styrke til f\u00f8dsel, samtidig som det gir overskudd til valpene.<\/p>\n<p>&nbsp;<\/p>\n<ul>\n<li><strong>Inngredienser:\u00a0<\/strong>Kyllingmel, ris, mais, maismel, kyllingfett ( naturlig konservert med blanding av tokoferoler og citronsyre ), sukkerroer, bryggerigj\u00e6r, chicorypulver, vitaminer og mineraler.<\/li>\n<\/ul>\n<p>&nbsp;<\/p>\n<ul>\n<li>Vitamintilskudd:\u00a0A, D3, E, B1,, B2, B6,, B12, folsyre, niacin, pantothenat og biotin<\/li>\n<\/ul>\n<p>&nbsp;<\/p>\n<ul>\n<li><strong>Mineraler<\/strong>: Jern, sink (glysin &#8211; hydrat), mangan, kobber, kalsiumjod, koboltkarbonat og selenium<\/li>\n<\/ul>\n<table>\n<tbody>\n<tr>\n<th>Analyse<\/th>\n<th>%<\/th>\n<th>Viktig og nyttig for :<\/th>\n<\/tr>\n<tr>\n<td>R\u00e5protein<\/td>\n<td>29,0<\/td>\n<td>Vekst, bevegelse, regenerering<\/td>\n<\/tr>\n<tr>\n<td>R\u00e5fett<\/td>\n<td>17,0<\/td>\n<td>Energi , optimal hud og pels<\/td>\n<\/tr>\n<tr>\n<td>R\u00e5fiber<\/td>\n<td>2,3<\/td>\n<td>Bist\u00e5r en god ford\u00f8yelse<\/td>\n<\/tr>\n<tr>\n<td>Aske<\/td>\n<td>7,0<\/td>\n<td>Mineraler<\/td>\n<\/tr>\n<tr>\n<td>Kalsium<\/td>\n<td>1,4<\/td>\n<td>Knokler , tenner , nerver , blodkar<\/td>\n<\/tr>\n<tr>\n<td>Fosfor<\/td>\n<td>1,0<\/td>\n<td>Knokler , tenner , bevegelighet<\/td>\n<\/tr>\n<tr>\n<td>Natrium<\/td>\n<td>0,35<\/td>\n<td>Regulerer vann og elektrolytter<\/td>\n<\/tr>\n<tr>\n<td>Magnesium<\/td>\n<td>0,12<\/td>\n<td>Muskler , nerver<\/td>\n<\/tr>\n<tr>\n<td>Vann<\/td>\n<td>&lt; 9,0<\/td>\n<\/tr>\n<\/tbody>\n<\/table>\n","protected":false},"excerpt":{"rendered":"<p>&nbsp; &nbsp; Sportsman`s Pride valpefor er et Super Premium for. Komplett for for valper og unge hunder i sin vekstfase. Foret har et h\u00f8yt niv\u00e5 av protein og fett av veldig h\u00f8y kvalitet for \u00e5 gi den unge hunden best mulig start p\u00e5 livet. Foret er ogs\u00e5 velegnet for drektige tisper for \u00e5 gi styrke [&hellip;]<\/p>\n","protected":false},"featured_media":971,"comment_status":"open","ping_status":"closed","template":"","meta":{"_crdt_document":""},"product_cat":[22,23,24],"product_tag":[],"class_list":{"0":"post-945","1":"product","2":"type-product","3":"status-publish","4":"has-post-thumbnail","6":"product_cat-hund","7":"product_cat-torrfor-hund","8":"product_cat-sportsmans-pride-torrfor-hund","10":"first","11":"instock","12":"taxable","13":"shipping-taxable","14":"purchasable","15":"product-type-simple"},"supplier_id":null,"supplier_sku":"","barcode":null,"atum_controlled":true,"out_stock_date":null,"out_stock_threshold":null,"inheritable":false,"inbound_stock":0,"stock_on_hold":0,"sold_today":0,"sales_last_days":0,"reserved_stock":0,"customer_returns":0,"warehouse_damage":0,"lost_in_post":0,"other_logs":0,"out_stock_days":0,"lost_sales":0,"has_location":false,"update_date":"2026-04-18T17:36:55","atum_locations":[],"atum_stock_status":"instock","restock_status":false,"low_stock_amount":"","sales_update_date":"2026-04-18T17:36:55","calc_backorders":null,"_links":{"self":[{"href":"https:\/\/xn--trrfor-bya.no\/index.php\/wp-json\/wp\/v2\/product\/945","targetHints":{"allow":["GET"]}}],"collection":[{"href":"https:\/\/xn--trrfor-bya.no\/index.php\/wp-json\/wp\/v2\/product"}],"about":[{"href":"https:\/\/xn--trrfor-bya.no\/index.php\/wp-json\/wp\/v2\/types\/product"}],"replies":[{"embeddable":true,"href":"https:\/\/xn--trrfor-bya.no\/index.php\/wp-json\/wp\/v2\/comments?post=945"}],"wp:featuredmedia":[{"embeddable":true,"href":"https:\/\/xn--trrfor-bya.no\/index.php\/wp-json\/wp\/v2\/media\/971"}],"wp:attachment":[{"href":"https:\/\/xn--trrfor-bya.no\/index.php\/wp-json\/wp\/v2\/media?parent=945"}],"wp:term":[{"taxonomy":"product_cat","embeddable":true,"href":"https:\/\/xn--trrfor-bya.no\/index.php\/wp-json\/wp\/v2\/product_cat?post=945"},{"taxonomy":"product_tag","embeddable":true,"href":"https:\/\/xn--trrfor-bya.no\/index.php\/wp-json\/wp\/v2\/product_tag?post=945"}],"curies":[{"name":"wp","href":"https:\/\/api.w.org\/{rel}","templated":true}]}}