{"id":942,"date":"2024-09-13T11:38:28","date_gmt":"2024-09-13T11:38:28","guid":{"rendered":"https:\/\/testtorr.no\/index.php\/produkt\/knuspies-400g-2\/"},"modified":"2024-10-20T13:41:40","modified_gmt":"2024-10-20T11:41:40","slug":"knuspies-400g-2","status":"publish","type":"product","link":"https:\/\/xn--trrfor-bya.no\/index.php\/produkt\/knuspies-400g-2\/","title":{"rendered":"Knuspies 400g"},"content":{"rendered":"<p>&nbsp;<\/p>\n<p>&nbsp;<\/p>\n<p>Knuspies er en spr\u00f8 og deilig snacks laget med and og fullkorn, noe som gj\u00f8r dem til solide godbiter for ditt kj\u00e6ledyr.<\/p>\n<p>Disse godbitene er perfekte for \u00e5 skjemme bort hunden din eller som en bel\u00f8nning under trening. Med h\u00f8ykvalitets ingredienser som t\u00f8rket fj\u00e6rkreprotein og en blanding av fullkorn av mais, bygg, betefiber og ris, vil din firbente venn elske smaken og du vil elske \u00e5 vite at du gir dem en sunn godbit. Dessuten inneholder Knuspies urter og frukt for ekstra smak og ern\u00e6ringsmessige fordeler.<\/p>\n<p>Med en balansert blanding av proteiner, fett og fiber, kan du v\u00e6re sikker p\u00e5 at du gir din hund en godbiter som b\u00e5de smaker godt og er godt for dem.<\/p>\n<p>I tillegg til alt dette er godbitene ogs\u00e5 fettredusert slik at du kan bel\u00f8nne med god samvittighet.<\/p>\n<p>&nbsp;<\/p>\n<p>Ingredienser: T\u00f8rket fj\u00e6rkreprotein (fj\u00e6rkre 17,0%, and 15,0 %), fullkorn av mais,bygg,betefiber,ris,hydrolysert vegetabilsk protein,mineraler,urter,frukt 0,30%<\/p>\n<p>&nbsp;<\/p>\n<p>Analytiske komponenter:<\/p>\n<p>protein 27,0%<\/p>\n<p>fettinnhold 6,0%<\/p>\n<p>r\u00e5fiber 2,7%<\/p>\n<p>r\u00e5aske 7,5%<\/p>\n<p>kalsium 1,70%<\/p>\n<p>fosfor 1,10%<\/p>\n<p>natrium 0,45%<\/p>\n<p>&nbsp;<\/p>\n<p>100g = 324,8 kcal<\/p>\n","protected":false},"excerpt":{"rendered":"<p>&nbsp; &nbsp; Knuspies er en spr\u00f8 og deilig snacks laget med and og fullkorn, noe som gj\u00f8r dem til solide godbiter for ditt kj\u00e6ledyr. Disse godbitene er perfekte for \u00e5 skjemme bort hunden din eller som en bel\u00f8nning under trening. Med h\u00f8ykvalitets ingredienser som t\u00f8rket fj\u00e6rkreprotein og en blanding av fullkorn av mais, bygg, betefiber [&hellip;]<\/p>\n","protected":false},"featured_media":0,"comment_status":"open","ping_status":"closed","template":"","meta":{"_crdt_document":""},"product_cat":[26,27],"product_tag":[],"class_list":{"0":"post-942","1":"product","2":"type-product","3":"status-publish","5":"product_cat-godbiter-og-tygg","6":"product_cat-godbiter","8":"first","9":"instock","10":"taxable","11":"shipping-taxable","12":"purchasable","13":"product-type-simple"},"supplier_id":null,"supplier_sku":"","barcode":null,"atum_controlled":true,"out_stock_date":null,"out_stock_threshold":null,"inheritable":false,"inbound_stock":0,"stock_on_hold":0,"sold_today":0,"sales_last_days":0,"reserved_stock":0,"customer_returns":0,"warehouse_damage":0,"lost_in_post":0,"other_logs":0,"out_stock_days":0,"lost_sales":0,"has_location":false,"update_date":"2026-04-18T17:36:55","atum_locations":[],"atum_stock_status":"instock","restock_status":false,"low_stock_amount":"","sales_update_date":"2026-04-18T17:36:55","calc_backorders":null,"_links":{"self":[{"href":"https:\/\/xn--trrfor-bya.no\/index.php\/wp-json\/wp\/v2\/product\/942","targetHints":{"allow":["GET"]}}],"collection":[{"href":"https:\/\/xn--trrfor-bya.no\/index.php\/wp-json\/wp\/v2\/product"}],"about":[{"href":"https:\/\/xn--trrfor-bya.no\/index.php\/wp-json\/wp\/v2\/types\/product"}],"replies":[{"embeddable":true,"href":"https:\/\/xn--trrfor-bya.no\/index.php\/wp-json\/wp\/v2\/comments?post=942"}],"wp:attachment":[{"href":"https:\/\/xn--trrfor-bya.no\/index.php\/wp-json\/wp\/v2\/media?parent=942"}],"wp:term":[{"taxonomy":"product_cat","embeddable":true,"href":"https:\/\/xn--trrfor-bya.no\/index.php\/wp-json\/wp\/v2\/product_cat?post=942"},{"taxonomy":"product_tag","embeddable":true,"href":"https:\/\/xn--trrfor-bya.no\/index.php\/wp-json\/wp\/v2\/product_tag?post=942"}],"curies":[{"name":"wp","href":"https:\/\/api.w.org\/{rel}","templated":true}]}}