{"id":920,"date":"2024-09-13T11:38:23","date_gmt":"2024-09-13T11:38:23","guid":{"rendered":"https:\/\/testtorr.no\/index.php\/produkt\/garden-bites-dental-sticks-420g-2\/"},"modified":"2024-10-20T15:11:14","modified_gmt":"2024-10-20T13:11:14","slug":"garden-bites-dental-sticks-420g-2","status":"publish","type":"product","link":"https:\/\/xn--trrfor-bya.no\/index.php\/produkt\/garden-bites-dental-sticks-420g-2\/","title":{"rendered":"Garden bites Dental sticks, 420g"},"content":{"rendered":"<p><iframe loading=\"lazy\" title=\"Garden Bites Catwalk\" width=\"980\" height=\"551\" src=\"https:\/\/www.youtube.com\/embed\/MiB14QOi98E?feature=oembed\" frameborder=\"0\" allow=\"accelerometer; autoplay; clipboard-write; encrypted-media; gyroscope; picture-in-picture; web-share\" referrerpolicy=\"strict-origin-when-cross-origin\" allowfullscreen><\/iframe><\/p>\n<p>Velsmakende vegetarisk tygg, ideell som en bel\u00f8nning eller en liten matbit.<\/p>\n<ul>\n<li>Glutenfri: Lett \u00e5 ford\u00f8ye og egnet for hunder med allergi.<\/li>\n<li>Tannpleie: Den spesielle formen bidrar til \u00e5 massere tannkj\u00f8ttet og rengj\u00f8re tennene under tyggingen.<\/li>\n<li>Beriket med naturlig mynteolje for en frisk pust.<\/li>\n<li>55% s\u00f8tpotet: rik p\u00e5 vitaminer, kalsium, jern ++.<\/li>\n<\/ul>\n<p><strong>Innhold:<\/strong><\/p>\n<p>Gr\u00f8nnsaker(55% s\u00f8tpotet, 4,5% Brokkoli, 4,5% paprika) Derivat av vegetabilsk opprinnelse, mineraler, gj\u00e6r, oljer og fett (0,1% naturlig mynteolje).<\/p>\n<p><strong>Analyse:\u00a0<\/strong><\/p>\n<p>R\u00e5 protein: 1,5%. R\u00e5 fett: 0,5%. R\u00e5 fiber: 2,5%. R\u00e5 aske: 6,5%. Fuktighet: 15%. Kalsium: 2,4%. Fosfor: 0,3%. Magnesium: 0,1%<\/p>\n<p><strong>Tilsetningsstoffer:<\/strong><\/p>\n<p>Inneholder EU-godkjente fargestoffer og konserveringsmidler<\/p>\n","protected":false},"excerpt":{"rendered":"<p>Velsmakende vegetarisk tygg, ideell som en bel\u00f8nning eller en liten matbit. Glutenfri: Lett \u00e5 ford\u00f8ye og egnet for hunder med allergi. Tannpleie: Den spesielle formen bidrar til \u00e5 massere tannkj\u00f8ttet og rengj\u00f8re tennene under tyggingen. Beriket med naturlig mynteolje for en frisk pust. 55% s\u00f8tpotet: rik p\u00e5 vitaminer, kalsium, jern ++. Innhold: Gr\u00f8nnsaker(55% s\u00f8tpotet, 4,5% [&hellip;]<\/p>\n","protected":false},"featured_media":973,"comment_status":"open","ping_status":"closed","template":"","meta":{"_crdt_document":""},"product_cat":[22,26],"product_tag":[],"class_list":{"0":"post-920","1":"product","2":"type-product","3":"status-publish","4":"has-post-thumbnail","6":"product_cat-hund","7":"product_cat-godbiter-og-tygg","9":"first","10":"outofstock","11":"taxable","12":"shipping-taxable","13":"purchasable","14":"product-type-variable"},"supplier_id":null,"supplier_sku":"","barcode":null,"atum_controlled":true,"out_stock_date":null,"out_stock_threshold":null,"inheritable":true,"inbound_stock":0,"stock_on_hold":0,"sold_today":0,"sales_last_days":0,"reserved_stock":0,"customer_returns":0,"warehouse_damage":0,"lost_in_post":0,"other_logs":0,"out_stock_days":0,"lost_sales":0,"has_location":false,"update_date":"2026-04-18T17:36:55","atum_locations":[],"atum_stock_status":"outofstock","restock_status":false,"low_stock_amount":"","sales_update_date":"2026-04-18T17:36:55","calc_backorders":null,"_links":{"self":[{"href":"https:\/\/xn--trrfor-bya.no\/index.php\/wp-json\/wp\/v2\/product\/920","targetHints":{"allow":["GET"]}}],"collection":[{"href":"https:\/\/xn--trrfor-bya.no\/index.php\/wp-json\/wp\/v2\/product"}],"about":[{"href":"https:\/\/xn--trrfor-bya.no\/index.php\/wp-json\/wp\/v2\/types\/product"}],"replies":[{"embeddable":true,"href":"https:\/\/xn--trrfor-bya.no\/index.php\/wp-json\/wp\/v2\/comments?post=920"}],"wp:featuredmedia":[{"embeddable":true,"href":"https:\/\/xn--trrfor-bya.no\/index.php\/wp-json\/wp\/v2\/media\/973"}],"wp:attachment":[{"href":"https:\/\/xn--trrfor-bya.no\/index.php\/wp-json\/wp\/v2\/media?parent=920"}],"wp:term":[{"taxonomy":"product_cat","embeddable":true,"href":"https:\/\/xn--trrfor-bya.no\/index.php\/wp-json\/wp\/v2\/product_cat?post=920"},{"taxonomy":"product_tag","embeddable":true,"href":"https:\/\/xn--trrfor-bya.no\/index.php\/wp-json\/wp\/v2\/product_tag?post=920"}],"curies":[{"name":"wp","href":"https:\/\/api.w.org\/{rel}","templated":true}]}}