{"id":912,"date":"2024-09-13T11:38:22","date_gmt":"2024-09-13T11:38:22","guid":{"rendered":"https:\/\/testtorr.no\/index.php\/produkt\/snacksbag-32292-be-nordic-o10x14cm-sort-2\/"},"modified":"2024-10-06T14:14:42","modified_gmt":"2024-10-06T14:14:42","slug":"snacksbag-32292-be-nordic-o10x14cm-sort-2","status":"publish","type":"product","link":"https:\/\/xn--trrfor-bya.no\/index.php\/produkt\/snacksbag-32292-be-nordic-o10x14cm-sort-2\/","title":{"rendered":"Snacksbag 32292 Be Nordic \u00d810x14cm Sort"},"content":{"rendered":"<p>\u2022 Kan lukkes med sn\u00f8ring<\/p>\n<p>\u2022 Integrert hundeposeholder<\/p>\n<p>\u2022 Med klips og l\u00f8kke for \u00e5 feste til belte<\/p>\n<p>\u2022 Lerretslook (polyester)<\/p>\n<p>TRIXIE st\u00f8tter maritime verneprosjekter fra salg av serien og ved \u00e5 gj\u00f8re dette bidrar vi til b\u00e6rekraftig naturvern og beskyttelse av mange arter.<\/p>\n","protected":false},"excerpt":{"rendered":"<p>\u2022 Kan lukkes med sn\u00f8ring \u2022 Integrert hundeposeholder \u2022 Med klips og l\u00f8kke for \u00e5 feste til belte \u2022 Lerretslook (polyester) TRIXIE st\u00f8tter maritime verneprosjekter fra salg av serien og ved \u00e5 gj\u00f8re dette bidrar vi til b\u00e6rekraftig naturvern og beskyttelse av mange arter.<\/p>\n","protected":false},"featured_media":1051,"comment_status":"open","ping_status":"closed","template":"","meta":{"_crdt_document":""},"product_cat":[26,27],"product_tag":[],"class_list":{"0":"post-912","1":"product","2":"type-product","3":"status-publish","4":"has-post-thumbnail","6":"product_cat-godbiter-og-tygg","7":"product_cat-godbiter","9":"first","10":"instock","11":"taxable","12":"shipping-taxable","13":"purchasable","14":"product-type-simple"},"supplier_id":null,"supplier_sku":"","barcode":null,"atum_controlled":true,"out_stock_date":null,"out_stock_threshold":null,"inheritable":false,"inbound_stock":0,"stock_on_hold":0,"sold_today":0,"sales_last_days":0,"reserved_stock":0,"customer_returns":0,"warehouse_damage":0,"lost_in_post":0,"other_logs":0,"out_stock_days":0,"lost_sales":0,"has_location":false,"update_date":"2026-04-18T17:36:55","atum_locations":[],"atum_stock_status":"instock","restock_status":false,"low_stock_amount":"","sales_update_date":"2026-04-18T17:36:55","calc_backorders":null,"_links":{"self":[{"href":"https:\/\/xn--trrfor-bya.no\/index.php\/wp-json\/wp\/v2\/product\/912","targetHints":{"allow":["GET"]}}],"collection":[{"href":"https:\/\/xn--trrfor-bya.no\/index.php\/wp-json\/wp\/v2\/product"}],"about":[{"href":"https:\/\/xn--trrfor-bya.no\/index.php\/wp-json\/wp\/v2\/types\/product"}],"replies":[{"embeddable":true,"href":"https:\/\/xn--trrfor-bya.no\/index.php\/wp-json\/wp\/v2\/comments?post=912"}],"wp:featuredmedia":[{"embeddable":true,"href":"https:\/\/xn--trrfor-bya.no\/index.php\/wp-json\/wp\/v2\/media\/1051"}],"wp:attachment":[{"href":"https:\/\/xn--trrfor-bya.no\/index.php\/wp-json\/wp\/v2\/media?parent=912"}],"wp:term":[{"taxonomy":"product_cat","embeddable":true,"href":"https:\/\/xn--trrfor-bya.no\/index.php\/wp-json\/wp\/v2\/product_cat?post=912"},{"taxonomy":"product_tag","embeddable":true,"href":"https:\/\/xn--trrfor-bya.no\/index.php\/wp-json\/wp\/v2\/product_tag?post=912"}],"curies":[{"name":"wp","href":"https:\/\/api.w.org\/{rel}","templated":true}]}}