{"id":908,"date":"2024-09-13T11:38:21","date_gmt":"2024-09-13T11:38:21","guid":{"rendered":"https:\/\/testtorr.no\/index.php\/produkt\/sporline-flat-10m-x-20mm-sort-2\/"},"modified":"2024-10-18T12:28:06","modified_gmt":"2024-10-18T12:28:06","slug":"sporline-flat-10m-x-20mm-sort-2","status":"publish","type":"product","link":"https:\/\/xn--trrfor-bya.no\/index.php\/produkt\/sporline-flat-10m-x-20mm-sort-2\/","title":{"rendered":"Sporline Flat, 10m x 20mm Sort"},"content":{"rendered":"<p>10 meter<\/p>\n<p>20mm bred for bedre kontroll<\/p>\n<p>&nbsp;<\/p>\n<p>Flat sporline som ligger lett og pent i h\u00e5nden. Forhindrer ikke passering av terreng, hverken i spor eller p\u00e5 g\u00e5turer.<\/p>\n<p>&nbsp;<\/p>\n<p>V\u00e5r foretrukne line ved sporpr\u00f8ver da denne sikrer bedre kontroll.<\/p>\n<p>&nbsp;<\/p>\n<p>&nbsp;<\/p>\n","protected":false},"excerpt":{"rendered":"<p>10 meter 20mm bred for bedre kontroll &nbsp; Flat sporline som ligger lett og pent i h\u00e5nden. Forhindrer ikke passering av terreng, hverken i spor eller p\u00e5 g\u00e5turer. &nbsp; V\u00e5r foretrukne line ved sporpr\u00f8ver da denne sikrer bedre kontroll. &nbsp; &nbsp;<\/p>\n","protected":false},"featured_media":1124,"comment_status":"open","ping_status":"closed","template":"","meta":{"_crdt_document":""},"product_cat":[22,62],"product_tag":[31],"class_list":{"0":"post-908","1":"product","2":"type-product","3":"status-publish","4":"has-post-thumbnail","6":"product_cat-hund","7":"product_cat-sporline","8":"product_tag-trixie","10":"first","11":"instock","12":"taxable","13":"shipping-taxable","14":"purchasable","15":"product-type-simple"},"supplier_id":null,"supplier_sku":"","barcode":null,"atum_controlled":true,"out_stock_date":null,"out_stock_threshold":null,"inheritable":false,"inbound_stock":0,"stock_on_hold":0,"sold_today":0,"sales_last_days":0,"reserved_stock":0,"customer_returns":0,"warehouse_damage":0,"lost_in_post":0,"other_logs":0,"out_stock_days":0,"lost_sales":0,"has_location":false,"update_date":"2026-04-18T17:36:55","atum_locations":[],"atum_stock_status":"instock","restock_status":false,"low_stock_amount":"","sales_update_date":"2026-04-18T17:36:55","calc_backorders":null,"_links":{"self":[{"href":"https:\/\/xn--trrfor-bya.no\/index.php\/wp-json\/wp\/v2\/product\/908","targetHints":{"allow":["GET"]}}],"collection":[{"href":"https:\/\/xn--trrfor-bya.no\/index.php\/wp-json\/wp\/v2\/product"}],"about":[{"href":"https:\/\/xn--trrfor-bya.no\/index.php\/wp-json\/wp\/v2\/types\/product"}],"replies":[{"embeddable":true,"href":"https:\/\/xn--trrfor-bya.no\/index.php\/wp-json\/wp\/v2\/comments?post=908"}],"wp:featuredmedia":[{"embeddable":true,"href":"https:\/\/xn--trrfor-bya.no\/index.php\/wp-json\/wp\/v2\/media\/1124"}],"wp:attachment":[{"href":"https:\/\/xn--trrfor-bya.no\/index.php\/wp-json\/wp\/v2\/media?parent=908"}],"wp:term":[{"taxonomy":"product_cat","embeddable":true,"href":"https:\/\/xn--trrfor-bya.no\/index.php\/wp-json\/wp\/v2\/product_cat?post=908"},{"taxonomy":"product_tag","embeddable":true,"href":"https:\/\/xn--trrfor-bya.no\/index.php\/wp-json\/wp\/v2\/product_tag?post=908"}],"curies":[{"name":"wp","href":"https:\/\/api.w.org\/{rel}","templated":true}]}}