{"id":901,"date":"2024-09-13T11:38:20","date_gmt":"2024-09-13T11:38:20","guid":{"rendered":"https:\/\/testtorr.no\/index.php\/produkt\/garden-bites-veggie-friends-small-6cm-270g-2\/"},"modified":"2024-10-18T12:47:55","modified_gmt":"2024-10-18T12:47:55","slug":"garden-bites-veggie-friends-small-6cm-270g-2","status":"publish","type":"product","link":"https:\/\/xn--trrfor-bya.no\/index.php\/produkt\/garden-bites-veggie-friends-small-6cm-270g-2\/","title":{"rendered":"Garden Bites Veggie Friends Small 6cm 270g"},"content":{"rendered":"<p>\u2022\u00a0Velsmakende vegetarisk tygg, ideell som en bel\u00f8nning eller en liten matbit.<\/p>\n<p>\u2022\u00a0Glutenfri: Lett \u00e5 ford\u00f8ye og egnet for hunder med allergi.<\/p>\n<p>\u2022\u00a0Tannpleie: Den spesielle formen bidrar til \u00e5 massere tannkj\u00f8ttet og rengj\u00f8re tennene under\u00a0 \u00a0tyggingen.<\/p>\n<p>\u2022\u00a0Beriket med naturlig mynteolje for en frisk pust.<\/p>\n<p>\u2022\u00a055% s\u00f8tpotet: rik p\u00e5 vitaminer, kalsium, jern ++<\/p>\n<p><strong>Beskrivelse:<\/strong><\/p>\n<p>18 Biter av herlig tannrensende gr\u00f8nnsaker. Vegetarian Garden Bites fra Duvo + er en ideell bel\u00f8nning eller snack for hunden din. Garden Bites inneholder ikke mindre enn 55% s\u00f8tpotet. S\u00f8tpotet er et verdifullt supplement i hundens kosthold. Den er rik p\u00e5 vitaminer, kalsium, jern og mer. Den spesielle formen bidrar til \u00e5 massere tannkj\u00f8ttet og rengj\u00f8re tennene under tyggingen. Det naturlige myntekstraktet gir ogs\u00e5 frisk pust. Snackene er 100% glutenfrie, noe som gj\u00f8r dem enkle \u00e5 ford\u00f8ye og sv\u00e6rt egnet for hunder med allergi. Smaken gj\u00f8r disse snacksen helt uimotst\u00e5elig!<\/p>\n<p><strong>Innhold:<\/strong><\/p>\n<p>Gr\u00f8nnsaker(55% s\u00f8tpotet, 4,5% Brokkoli, 4,5% paprika) Derivat av vegetabilsk opprinnelse, mineraler, gj\u00e6r, oljer og fett (0,1% naturlig mynteolje).<\/p>\n<p><strong>Analyse:<\/strong><\/p>\n<p>R\u00e5 protein: 1,5%. R\u00e5 fett: 0,5%. R\u00e5 fiber: 2,5%. R\u00e5 aske: 6,5%. Fuktighet: 15%. Kalsium: 2,4%. Fosfor: 0,3%. Magnesium: 0,1%<\/p>\n<p><strong>Tilsetningsstoffer:<\/strong><\/p>\n<p>Inneholde EU-godkjente fargestoffer og konserveringsmidler<\/p>\n","protected":false},"excerpt":{"rendered":"<p>\u2022\u00a0Velsmakende vegetarisk tygg, ideell som en bel\u00f8nning eller en liten matbit. \u2022\u00a0Glutenfri: Lett \u00e5 ford\u00f8ye og egnet for hunder med allergi. \u2022\u00a0Tannpleie: Den spesielle formen bidrar til \u00e5 massere tannkj\u00f8ttet og rengj\u00f8re tennene under\u00a0 \u00a0tyggingen. \u2022\u00a0Beriket med naturlig mynteolje for en frisk pust. \u2022\u00a055% s\u00f8tpotet: rik p\u00e5 vitaminer, kalsium, jern ++ Beskrivelse: 18 Biter av [&hellip;]<\/p>\n","protected":false},"featured_media":1117,"comment_status":"open","ping_status":"closed","template":"","meta":{"_crdt_document":""},"product_cat":[22,26,50],"product_tag":[32],"class_list":{"0":"post-901","1":"product","2":"type-product","3":"status-publish","4":"has-post-thumbnail","6":"product_cat-hund","7":"product_cat-godbiter-og-tygg","8":"product_cat-tygg","9":"product_tag-garden-bites","11":"first","12":"instock","13":"taxable","14":"shipping-taxable","15":"purchasable","16":"product-type-variable"},"supplier_id":null,"supplier_sku":"","barcode":null,"atum_controlled":true,"out_stock_date":null,"out_stock_threshold":null,"inheritable":true,"inbound_stock":0,"stock_on_hold":0,"sold_today":0,"sales_last_days":0,"reserved_stock":0,"customer_returns":0,"warehouse_damage":0,"lost_in_post":0,"other_logs":0,"out_stock_days":0,"lost_sales":0,"has_location":false,"update_date":"2026-04-18T17:36:55","atum_locations":[],"atum_stock_status":"instock","restock_status":false,"low_stock_amount":"","sales_update_date":"2026-04-18T17:36:55","calc_backorders":null,"_links":{"self":[{"href":"https:\/\/xn--trrfor-bya.no\/index.php\/wp-json\/wp\/v2\/product\/901","targetHints":{"allow":["GET"]}}],"collection":[{"href":"https:\/\/xn--trrfor-bya.no\/index.php\/wp-json\/wp\/v2\/product"}],"about":[{"href":"https:\/\/xn--trrfor-bya.no\/index.php\/wp-json\/wp\/v2\/types\/product"}],"replies":[{"embeddable":true,"href":"https:\/\/xn--trrfor-bya.no\/index.php\/wp-json\/wp\/v2\/comments?post=901"}],"wp:featuredmedia":[{"embeddable":true,"href":"https:\/\/xn--trrfor-bya.no\/index.php\/wp-json\/wp\/v2\/media\/1117"}],"wp:attachment":[{"href":"https:\/\/xn--trrfor-bya.no\/index.php\/wp-json\/wp\/v2\/media?parent=901"}],"wp:term":[{"taxonomy":"product_cat","embeddable":true,"href":"https:\/\/xn--trrfor-bya.no\/index.php\/wp-json\/wp\/v2\/product_cat?post=901"},{"taxonomy":"product_tag","embeddable":true,"href":"https:\/\/xn--trrfor-bya.no\/index.php\/wp-json\/wp\/v2\/product_tag?post=901"}],"curies":[{"name":"wp","href":"https:\/\/api.w.org\/{rel}","templated":true}]}}