{"id":889,"date":"2024-09-13T11:38:17","date_gmt":"2024-09-13T11:38:17","guid":{"rendered":"https:\/\/testtorr.no\/index.php\/produkt\/happy-dog-fit-vital-senior-12kg-2\/"},"modified":"2024-10-18T12:27:00","modified_gmt":"2024-10-18T12:27:00","slug":"happy-dog-fit-vital-senior-12kg-2","status":"publish","type":"product","link":"https:\/\/xn--trrfor-bya.no\/index.php\/produkt\/happy-dog-fit-vital-senior-12kg-2\/","title":{"rendered":"Happy Dog Fit &#038; Vital Senior 12Kg"},"content":{"rendered":"<p>\u2022 Balansert utvalg av proteiner<\/p>\n<p>\u2022 Muskel og skjelettst\u00f8tte<\/p>\n<p>\u2022 Hvetefri formel<\/p>\n<p>\u2022 Sk\u00e5nsom mot organer<\/p>\n<p>Lettford\u00f8yelig og balansert fullf\u00f4r for hunder i 3. livsfase.<\/p>\n<p>Balanse og mat som tar naturen som modell, er det det du \u00f8nsker for din firbeinte venn? Da er Happy Dog fit &amp; vital perfekt for din lodne venn. Fem forskjellige proteinkomponenter: laks, sj\u00f8fisk, egg, lam og fj\u00e6rfe for et sunt utvalg av proteiner. Laks har essensielle omega-3 og omega-6 fettsyrer, som er ideelle for hud og pels. Den lettford\u00f8yelige sj\u00f8fisken gir kroppen mange vitaminer, mens egget gir biologisk verdifullt protein og lammet gir mange viktige mineraler. Oppskriften er supplert med spesielt n\u00e6ringsrikt fj\u00e6rfe, som fungerer som leverand\u00f8r av livsviktige sporstoffer. Happy Dog fit &amp; vital Senior er ideelt skreddersydd til behovene til eldre hunder, ettersom organmetabolismen endres med alderen. Den smakfulle og lett ford\u00f8yelige helf\u00f4ret med optimalt protein-, fosfor- og natriuminnhold er lett for organene og er basert p\u00e5 det unike Happy Dog Natural Life Concept\u00ae . Den organsk\u00e5nende, hvetefrie formelen er beriket med revitaliserende L-karnitin og gir mer bevegelsesglede med New Zealand-skjell og st\u00f8tter kroppens eget forsvar med vitamin C. P\u00e5 denne m\u00e5ten er vitalitet, immunforsvar og livsglede mulig inn i alderdommen og du kan fortsatt tilbringe mange vakre \u00f8yeblikk med din firbeinte venn.<\/p>\n<p><strong>Innhold:<\/strong><\/p>\n<p>Animalske proteiner* (9 % fj\u00e6rfe, 4 % lam), ris, rismel, mais, maismel, bygg, fiskemel (4 %, inkludert 50 % laksemel), grever, fj\u00e6rfefett, hydrolysert lever, solsikkeolje, bete melassemasse* (avsukket), eplerester*, kaliumklorid, rapsolje, gj\u00e6r*, natriumklorid, tang*, linfr\u00f8 (0,16%), t\u00f8rket hele egg (0,12%), sikorirot* (ekstrahert) (0,05%) , bl\u00e5skjellkj\u00f8tt* (0,02%), gj\u00e6r* (ekstrahert), melketistel, artisjokk, l\u00f8vetann, ingef\u00e6r (0,013%), bj\u00f8rkeblader, brennesle, kamille, koriander, rosmarin, salvie, lakrisrot, timian (totalt t\u00f8rkede urter: 0,16%); *) t\u00f8rket. Metaboliserbar energi: 1505 KJ\/100g; 3595 kalorier\/kg<\/p>\n<p><strong>Analyse:<\/strong><\/p>\n<p>R\u00e5protein 21,0 %, r\u00e5fett 10,0 %, r\u00e5fiber 2,5 %, r\u00e5aske 5,5 %, kalsium 1,0 %, fosfor 0,75 %, natrium 0,35 %, magnesium 0,08 %, kalium 0,5 %, omega-3,0 % fettsyrer, omega-3 fettsyrer 0,3%.<\/p>\n<p><strong>Tilsetningsstoffer:<\/strong><\/p>\n<p>Vitaminer\/kg: vitamin A (3a672a) 12000 IE, vitamin D3 (3a671) 1000 IE, vitamin E (3a700) 75 mg, vitamin B1 (3a821) 4 mg, vitamin B2 (3a825ii) 6 mg, vitamin B6 (3a831) 4 mg, biotin (3a880) 575 mcg, kalsium D-pantotenat (3a841) 10 mg, niacin (3a314) 40 mg, vitamin B12 70 mcg, kolinklorid (3a890) 60 mg, vitamin C (3a312) &#8211; 20 mg, karnitin (3a910) 200 mg.<\/p>\n<p>Sporelementer\/kg: jern (som 3b103, 3b106) 105 mg, kobber (som 3b405, 3b406) 10 mg, sink (som 3b603, 3b606, 3b607) 105 mg, mangan (som 3b504, 3b504, 3b504, 3b504, iodin) 3b202) 2 mg, selen (som 3b801, 3b8.12) 0,15 mg. Antioksidanter, tokoferolekstrakter fra vegetabilske oljer 1b306(i).<\/p>\n","protected":false},"excerpt":{"rendered":"<p>\u2022 Balansert utvalg av proteiner \u2022 Muskel og skjelettst\u00f8tte \u2022 Hvetefri formel \u2022 Sk\u00e5nsom mot organer Lettford\u00f8yelig og balansert fullf\u00f4r for hunder i 3. livsfase. Balanse og mat som tar naturen som modell, er det det du \u00f8nsker for din firbeinte venn? Da er Happy Dog fit &amp; vital perfekt for din lodne venn. Fem [&hellip;]<\/p>\n","protected":false},"featured_media":247,"comment_status":"open","ping_status":"closed","template":"","meta":{"_crdt_document":""},"product_cat":[22,23,46,48],"product_tag":[],"class_list":{"0":"post-889","1":"product","2":"type-product","3":"status-publish","4":"has-post-thumbnail","6":"product_cat-hund","7":"product_cat-torrfor-hund","8":"product_cat-46","9":"product_cat-fitogvital","11":"first","12":"instock","13":"taxable","14":"shipping-taxable","15":"purchasable","16":"product-type-simple"},"supplier_id":null,"supplier_sku":"","barcode":null,"atum_controlled":true,"out_stock_date":null,"out_stock_threshold":null,"inheritable":false,"inbound_stock":0,"stock_on_hold":0,"sold_today":0,"sales_last_days":0,"reserved_stock":0,"customer_returns":0,"warehouse_damage":0,"lost_in_post":0,"other_logs":0,"out_stock_days":0,"lost_sales":0,"has_location":false,"update_date":"2026-04-18T17:36:55","atum_locations":[],"atum_stock_status":"instock","restock_status":false,"low_stock_amount":"","sales_update_date":"2026-04-18T17:36:55","calc_backorders":null,"_links":{"self":[{"href":"https:\/\/xn--trrfor-bya.no\/index.php\/wp-json\/wp\/v2\/product\/889","targetHints":{"allow":["GET"]}}],"collection":[{"href":"https:\/\/xn--trrfor-bya.no\/index.php\/wp-json\/wp\/v2\/product"}],"about":[{"href":"https:\/\/xn--trrfor-bya.no\/index.php\/wp-json\/wp\/v2\/types\/product"}],"replies":[{"embeddable":true,"href":"https:\/\/xn--trrfor-bya.no\/index.php\/wp-json\/wp\/v2\/comments?post=889"}],"wp:featuredmedia":[{"embeddable":true,"href":"https:\/\/xn--trrfor-bya.no\/index.php\/wp-json\/wp\/v2\/media\/247"}],"wp:attachment":[{"href":"https:\/\/xn--trrfor-bya.no\/index.php\/wp-json\/wp\/v2\/media?parent=889"}],"wp:term":[{"taxonomy":"product_cat","embeddable":true,"href":"https:\/\/xn--trrfor-bya.no\/index.php\/wp-json\/wp\/v2\/product_cat?post=889"},{"taxonomy":"product_tag","embeddable":true,"href":"https:\/\/xn--trrfor-bya.no\/index.php\/wp-json\/wp\/v2\/product_tag?post=889"}],"curies":[{"name":"wp","href":"https:\/\/api.w.org\/{rel}","templated":true}]}}