{"id":886,"date":"2024-09-13T11:38:17","date_gmt":"2024-09-13T11:38:17","guid":{"rendered":"https:\/\/testtorr.no\/index.php\/produkt\/happy-dog-fit-vital-maxi-adult-14kg-2\/"},"modified":"2024-10-20T15:45:14","modified_gmt":"2024-10-20T13:45:14","slug":"happy-dog-fit-vital-maxi-adult-14kg-2","status":"publish","type":"product","link":"https:\/\/xn--trrfor-bya.no\/index.php\/produkt\/happy-dog-fit-vital-maxi-adult-14kg-2\/","title":{"rendered":"Happy Dog Fit &#038; Vital Maxi Adult 14Kg"},"content":{"rendered":"<p>\u2022 Balansert utvalg av proteiner<\/p>\n<p>\u2022 Hvetefri formel<\/p>\n<p>\u2022 Muskel og skjelettst\u00f8tte<\/p>\n<p>\u2022 For store hunder<\/p>\n<p>Lettford\u00f8yelig og balansert helf\u00f4r for store, normalt aktive hunder.<\/p>\n<p>Naturlig og balansert ern\u00e6ring med en ekstra porsjon helse, er det akkurat det du leter etter for din firbeinte venn? Da har du funnet den med Happy Dog fit &amp; vital. I henhold til ern\u00e6ringsprinsippet i naturen s\u00f8rger de fem ulike proteinkomponentene: laks, sj\u00f8fisk, egg, lam og fj\u00e6rfe for et sunt utvalg av proteiner. Laksen inneholder essensielle omega-3 og omega-6 fettsyrer, som er veldig bra for hud og pels. Lettford\u00f8yelig sj\u00f8fisk gir kroppen mange viktige vitaminer, mens egget gir biologisk verdifullt protein og lam gir mange viktige mineraler. Den unike oppskriften kompletteres av spesielt n\u00e6ringsrikt fj\u00e6rfe, som fungerer som leverand\u00f8r av livsviktige sporstoffer. Happy Dog fit &amp; vital Maxi Adult er perfekt tilpasset behovene til voksne, store hunder over 26 kg. Det balanserte og smakfulle helf\u00f4ret er basert p\u00e5 det unike Happy Dog Natural Life Concept\u00ae og er beriket med verdifulle New Zealand-skjell for \u00e5 st\u00f8tte leddene. Viktige omega-3 og omega-6 fettsyrer er bra for hud og pels. Happy Dog fit &amp; vital maxi Adult er ogs\u00e5 preget av en hvetefri oppskrift og XL-kroketter skreddersydd til tennene til store hunder.<\/p>\n<p><strong>Innhold:<\/strong><\/p>\n<p>Animalske proteiner* (14 % fj\u00e6rfe, 4 % lam), mais, maismel, rismel, bygg, fj\u00e6rfefett, fiskemel (4 %, hvorav 50 % laksemel), hemoglobin*, hydrolysert lever, solsikkeolje, bete melassemasse* (avsukket), eplerester*, kaliumklorid, rapsolje, gj\u00e6r*, natriumklorid, tang*, linfr\u00f8 (0,16%), t\u00f8rket hele egg (0,12%), bl\u00e5skjellkj\u00f8tt* (0,02%), gj\u00e6r* (ekstrahert), melketistel, artisjokk, l\u00f8vetann, ingef\u00e6r (0,013%), bj\u00f8rk, brennesle, kamille, koriander, rosmarin, salvie, lakrisrot, timian (totalt t\u00f8rkede urter: 0,16%);*) t\u00f8rket. Metaboliserbar energi: 1550 KJ\/100g; 3705 kalorier\/kg<\/p>\n<p><strong>Analyse:<\/strong><\/p>\n<p>R\u00e5protein 23,0 %, r\u00e5fett 13,0 %, r\u00e5fiber 2,5 %, r\u00e5aske 6,5 %, kalsium 1,3 %, fosfor 0,9 %, natrium 0,4 %, kalium 0,5 %, magnesium 0,09 %, omega-6 fettsyrer, 3 omega-3 fettsyrer 0,3%.<\/p>\n<p><strong>Tilsetningsstoffer:<\/strong><\/p>\n<p>Vitaminer\/kg: vitamin A (3a672a) 12000 IE, vitamin D3 (3a671) 1000 IE, vitamin E (3a700) 75 mg, vitamin B1 (3a821) 4 mg, vitamin B2 (3a825ii) 6 mg, vitamin B6 (3a831) 4 mg, biotin (3a880) 575 mcg, kalsium D-pantotenat (3a841) 10 mg, niacin (3a314) 40 mg, vitamin B12 70 mcg, kolinklorid (3a890) 60 mg.<\/p>\n<p>Sporelementer\/kg: jern (som 3b103, 3b106) 105 mg, kobber (som 3b405, 3b406) 10 mg, sink (som 3b603, 3b606, 3b607) 105 mg, mangan (som 3b504, 3b504, 3b504, 3b504, iodin) 3b202) 2 mg, selen (som 3b801, 3b8.12) 0,15 mg. Antioksidanter, tokoferolekstrakter fra vegetabilske oljer 1b306(i).<\/p>\n","protected":false},"excerpt":{"rendered":"<p>\u2022 Balansert utvalg av proteiner \u2022 Hvetefri formel \u2022 Muskel og skjelettst\u00f8tte \u2022 For store hunder Lettford\u00f8yelig og balansert helf\u00f4r for store, normalt aktive hunder. Naturlig og balansert ern\u00e6ring med en ekstra porsjon helse, er det akkurat det du leter etter for din firbeinte venn? Da har du funnet den med Happy Dog fit &amp; [&hellip;]<\/p>\n","protected":false},"featured_media":246,"comment_status":"open","ping_status":"closed","template":"","meta":{"_crdt_document":""},"product_cat":[22,23,46,48],"product_tag":[28],"class_list":{"0":"post-886","1":"product","2":"type-product","3":"status-publish","4":"has-post-thumbnail","6":"product_cat-hund","7":"product_cat-torrfor-hund","8":"product_cat-46","9":"product_cat-fitogvital","10":"product_tag-happy-dog","12":"first","13":"instock","14":"taxable","15":"shipping-taxable","16":"purchasable","17":"product-type-simple"},"supplier_id":null,"supplier_sku":"","barcode":null,"atum_controlled":true,"out_stock_date":null,"out_stock_threshold":null,"inheritable":false,"inbound_stock":0,"stock_on_hold":0,"sold_today":0,"sales_last_days":0,"reserved_stock":0,"customer_returns":0,"warehouse_damage":0,"lost_in_post":0,"other_logs":0,"out_stock_days":0,"lost_sales":0,"has_location":false,"update_date":"2026-04-18T17:36:55","atum_locations":[],"atum_stock_status":"instock","restock_status":false,"low_stock_amount":"","sales_update_date":"2026-04-18T17:36:55","calc_backorders":null,"_links":{"self":[{"href":"https:\/\/xn--trrfor-bya.no\/index.php\/wp-json\/wp\/v2\/product\/886","targetHints":{"allow":["GET"]}}],"collection":[{"href":"https:\/\/xn--trrfor-bya.no\/index.php\/wp-json\/wp\/v2\/product"}],"about":[{"href":"https:\/\/xn--trrfor-bya.no\/index.php\/wp-json\/wp\/v2\/types\/product"}],"replies":[{"embeddable":true,"href":"https:\/\/xn--trrfor-bya.no\/index.php\/wp-json\/wp\/v2\/comments?post=886"}],"wp:featuredmedia":[{"embeddable":true,"href":"https:\/\/xn--trrfor-bya.no\/index.php\/wp-json\/wp\/v2\/media\/246"}],"wp:attachment":[{"href":"https:\/\/xn--trrfor-bya.no\/index.php\/wp-json\/wp\/v2\/media?parent=886"}],"wp:term":[{"taxonomy":"product_cat","embeddable":true,"href":"https:\/\/xn--trrfor-bya.no\/index.php\/wp-json\/wp\/v2\/product_cat?post=886"},{"taxonomy":"product_tag","embeddable":true,"href":"https:\/\/xn--trrfor-bya.no\/index.php\/wp-json\/wp\/v2\/product_tag?post=886"}],"curies":[{"name":"wp","href":"https:\/\/api.w.org\/{rel}","templated":true}]}}