{"id":884,"date":"2024-09-13T11:38:17","date_gmt":"2024-09-13T11:38:17","guid":{"rendered":"https:\/\/testtorr.no\/index.php\/produkt\/happy-dog-sensible-karibik-11kg-m-saltvannsfisk-2\/"},"modified":"2024-10-20T15:45:14","modified_gmt":"2024-10-20T13:45:14","slug":"happy-dog-sensible-karibik-11kg-m-saltvannsfisk-2","status":"publish","type":"product","link":"https:\/\/xn--trrfor-bya.no\/index.php\/produkt\/happy-dog-sensible-karibik-11kg-m-saltvannsfisk-2\/","title":{"rendered":"Happy Dog Sensible Karibik 11Kg M\/Saltvannsfisk"},"content":{"rendered":"<p>\u2022 Kornfri formel<\/p>\n<p>\u2022 Monoprotein<\/p>\n<p>\u2022 Anbefales ved matintoleranse<\/p>\n<p>\u2022 For sensitive hunder<\/p>\n<p>Kornfritt fullf\u00f4r med sj\u00f8fisk for matsensitive hunder.<\/p>\n<p>Vil du skjemme bort din firbeinte venn med en helt spesiell mat? Eller har du en ern\u00e6ringssensitiv hund hjemme som er utsatt for hud- og pelsproblemer? Lettford\u00f8yelig sj\u00f8fisk som eneste kilde til animalsk protein og glutenfrie poteter gj\u00f8r Happy Dog Karibik til en smaksopplevelse selv for ern\u00e6ringssensitive hunder. Poteter inneholder ikke gluten og anbefales derfor til dyr med kornintoleranse. Som en sjelden og eksklusiv proteinkilde tolereres sj\u00f8fisk godt og er ogs\u00e5 rik p\u00e5 verdifulle omega-3 og omega-6 fettsyrer \u2013 viktig for sunn hud og en skinnende pels. Dette gj\u00f8r Supreme Sensible Karibik til et balansert og ideelt t\u00f8rrf\u00f4r for hunder med allergier og matintoleranse. Det usedvanlig smakfulle superpremium Happy Dog Karibik\u00a0fullf\u00f4ret er ogs\u00e5 ideelt for alle kresne, voksne hunder fra 11 kg som er ute etter en spesiell smak eller er veldig kresne.<\/p>\n<p><strong>Innhold:<\/strong><\/p>\n<p>Poteter*, fiskemel fra dyphavsfisk (18 %), potetprotein*, fj\u00e6rfefett, solsikkeolje, hydrolysert lever, betemelassemasse* (avsukket), eplerester*, rapsolje, natriumklorid, gj\u00e6r* (ekstrahert) , yucca schidigera* *) t\u00f8rket<\/p>\n<p><strong>Analyse:<\/strong><\/p>\n<p>R\u00e5protein 23,0 %, r\u00e5fett 12,0 %, r\u00e5fiber 2,5 %, r\u00e5aske 7,0 %, kalsium 1,5 %, fosfor 1,0 %, natrium 0,4 %, kalium 0,9 %, magnesium 0,1 %, omega-6 5 % fettsyrer, 3. omega-3 fettsyrer 0,4 %<\/p>\n<p><strong>Tilsetningsstoffer:<\/strong><\/p>\n<p>Vitaminer\/kg: vitamin A (3a672a) 15000 IE, vitamin D3 (3a671) 900 IE, vitamin E (all rac-alfa-tokoferylacetat 3a700) 110 mg, vitamin B1 (tiaminmononitrat 3a821) 4 mg, vitamin B3i (vitamin 82 ariboflavini ) 4 mg, vitamin B6 (pyridoksinhydroklorid 3a831) 4 mg, biotin (3a880) 430 mcg, kalsium D-pantotenat (3a841) 10 mg, niacin (3a314) 45 mg, vitamin B12 65 mcg<\/p>\n<p>Sporelementer\/kg: jern(II) sulfatmonohydrat 3b103) 70 mg, kobber (kobber(II) sulfatpentahydrat 3b405) 13 mg, sink (sinkoksid 3b603) 85 mg, mangan (mangan(II)oksid 3b502) 16 mg, anhydrojodjod 3b202) 1,6 mg, selen (natriumselenitt 3b801) 0,25 mg aminosyrer\/kg: DL-metionin (3c301) 3500 mg Antioksidanter, tokoferolekstrakter fra vegetabilske oljer 1b306(i)<\/p>\n","protected":false},"excerpt":{"rendered":"<p>\u2022 Kornfri formel \u2022 Monoprotein \u2022 Anbefales ved matintoleranse \u2022 For sensitive hunder Kornfritt fullf\u00f4r med sj\u00f8fisk for matsensitive hunder. Vil du skjemme bort din firbeinte venn med en helt spesiell mat? Eller har du en ern\u00e6ringssensitiv hund hjemme som er utsatt for hud- og pelsproblemer? Lettford\u00f8yelig sj\u00f8fisk som eneste kilde til animalsk protein og [&hellip;]<\/p>\n","protected":false},"featured_media":234,"comment_status":"open","ping_status":"closed","template":"","meta":{"_crdt_document":""},"product_cat":[22,23,47],"product_tag":[],"class_list":{"0":"post-884","1":"product","2":"type-product","3":"status-publish","4":"has-post-thumbnail","6":"product_cat-hund","7":"product_cat-torrfor-hund","8":"product_cat-happy-dog-sensible","10":"first","11":"instock","12":"taxable","13":"shipping-taxable","14":"purchasable","15":"product-type-simple"},"supplier_id":null,"supplier_sku":"","barcode":null,"atum_controlled":true,"out_stock_date":null,"out_stock_threshold":null,"inheritable":false,"inbound_stock":0,"stock_on_hold":0,"sold_today":0,"sales_last_days":0,"reserved_stock":0,"customer_returns":0,"warehouse_damage":0,"lost_in_post":0,"other_logs":0,"out_stock_days":0,"lost_sales":0,"has_location":false,"update_date":"2026-04-18T17:36:55","atum_locations":[],"atum_stock_status":"instock","restock_status":false,"low_stock_amount":"","sales_update_date":"2026-04-18T17:36:55","calc_backorders":null,"_links":{"self":[{"href":"https:\/\/xn--trrfor-bya.no\/index.php\/wp-json\/wp\/v2\/product\/884","targetHints":{"allow":["GET"]}}],"collection":[{"href":"https:\/\/xn--trrfor-bya.no\/index.php\/wp-json\/wp\/v2\/product"}],"about":[{"href":"https:\/\/xn--trrfor-bya.no\/index.php\/wp-json\/wp\/v2\/types\/product"}],"replies":[{"embeddable":true,"href":"https:\/\/xn--trrfor-bya.no\/index.php\/wp-json\/wp\/v2\/comments?post=884"}],"wp:featuredmedia":[{"embeddable":true,"href":"https:\/\/xn--trrfor-bya.no\/index.php\/wp-json\/wp\/v2\/media\/234"}],"wp:attachment":[{"href":"https:\/\/xn--trrfor-bya.no\/index.php\/wp-json\/wp\/v2\/media?parent=884"}],"wp:term":[{"taxonomy":"product_cat","embeddable":true,"href":"https:\/\/xn--trrfor-bya.no\/index.php\/wp-json\/wp\/v2\/product_cat?post=884"},{"taxonomy":"product_tag","embeddable":true,"href":"https:\/\/xn--trrfor-bya.no\/index.php\/wp-json\/wp\/v2\/product_tag?post=884"}],"curies":[{"name":"wp","href":"https:\/\/api.w.org\/{rel}","templated":true}]}}