{"id":882,"date":"2024-09-13T11:38:17","date_gmt":"2024-09-13T11:38:17","guid":{"rendered":"https:\/\/testtorr.no\/index.php\/produkt\/happy-dog-sensible-montana-10kg-m-hest-2\/"},"modified":"2024-10-20T17:40:51","modified_gmt":"2024-10-20T15:40:51","slug":"happy-dog-sensible-montana-10kg-m-hest-2","status":"publish","type":"product","link":"https:\/\/xn--trrfor-bya.no\/index.php\/produkt\/happy-dog-sensible-montana-10kg-m-hest-2\/","title":{"rendered":"Happy Dog Sensible Montana M\/Hest"},"content":{"rendered":"<p>\u2022 Kornfri formel<\/p>\n<p>\u2022 Monoprotein<\/p>\n<p>\u2022 Anbefales ved matintoleranser<\/p>\n<p>\u2022 Ideell for sensitive hunder<\/p>\n<p>Kornfritt fullf\u00f4r med hest\u00a0for matsensitive hunder.<\/p>\n<p>Vil du gj\u00f8re noe godt for din firbeinte venn og virkelig skjemme bort ham? Eller er hunden din ern\u00e6ringssensitiv og utsatt for ford\u00f8yelsesproblemer og hud- og pelsproblemer? Dette kan skyldes matintoleranse. Hest som eneste kilde til animalsk protein og glutenfrie poteter gj\u00f8r Happy Dog Montana til en ekte smaksopplevelse, selv for v\u00e5re ern\u00e6ringssensitive firbeinte venner. Poteter inneholder ikke gluten og kan derfor gis til dyr med kornintoleranse. Hest som en sjelden og eksklusiv proteinkilde er preget av optimal toleranse. Verdifulle omega-3 og omega-6 fettsyrer \u2013 viktig for sunn hud og en skinnende pels \u2013 fullf\u00f8rer den unike oppskriften. Det usedvanlig smakfulle Happy Dog Montana super-premium fullf\u00f4ret er ogs\u00e5 ideelt for alle kresne, voksne hunder fra 11 kg som er ute etter variasjon eller er veldig kresne.<\/p>\n<p><strong>Innhold:<\/strong><\/p>\n<p>Potet*, hesteprotein* (17,5 %), potetprotein*, solsikkeolje, betemelassemasse* (avsukket), leverhydrolysat, rapsolje, eplerester* (1,3 %), natriumklorid, gj\u00e6r* (ekstrahert);* ) t\u00f8rket. Metaboliserbar energi: 1480 KJ\/100 g; 3540 kalorier\/kg<\/p>\n<p><strong>Analyse:<\/strong><\/p>\n<p>R\u00e5protein 21,0 %, r\u00e5fett 10,0 %, r\u00e5fiber 3,0 %, r\u00e5aske 10,0 %, kalsium 1,6 %, fosfor 1,2 %, natrium 0,4 %, kalium 0,9 %, magnesium 0,1 %, omega-6 fettsyrer, 2. omega-3 fettsyrer 0,3 %<\/p>\n<p><strong>Tilsetningsstoffer:<\/strong><\/p>\n<p>Vitaminer\/kg: vitamin A (3a672a) 15000 IE, vitamin D3 (3a671) 900 IE, vitamin E (all rac-alfa-tokoferylacetat 3a700) 110 mg, vitamin B1 (tiaminmononitrat 3a821) 4 mg, vitamin B3i (vitamin 82 ariboflavini ) 4 mg, vitamin B6 (pyridoksinhydroklorid 3a831) 4 mg, biotin (3a880) 430 mcg, kalsium D-pantotenat (3a841) 10 mg, niacin (3a314) 45 mg, vitamin B12 65 mcg, taurin 500 mg (3a )<\/p>\n<p>sporelementer\/kg : Jern (jernholdig sulfat monohydrat 3b103) 70 mg, kobber (kobber (II) sulfat pentahydrat 3b405) 12 mg, sink (sink oksid 3b603) 85 mg, mangan (mangan (II) oksid 3b402) 165 mg oksid 3b kalsiumjodat, vannfritt 3b202) 1,5 mg, selen (natriumselenitt 3b801) 0,25 mg aminosyrer\/kg: DL-metionin (3c301) 3500 mg Antioksidanter, tokoferolekstrakter fra vegetabilske oljer 1b306(i)<\/p>\n","protected":false},"excerpt":{"rendered":"<p>\u2022 Kornfri formel \u2022 Monoprotein \u2022 Anbefales ved matintoleranser \u2022 Ideell for sensitive hunder Kornfritt fullf\u00f4r med hest\u00a0for matsensitive hunder. Vil du gj\u00f8re noe godt for din firbeinte venn og virkelig skjemme bort ham? Eller er hunden din ern\u00e6ringssensitiv og utsatt for ford\u00f8yelsesproblemer og hud- og pelsproblemer? Dette kan skyldes matintoleranse. Hest som eneste kilde [&hellip;]<\/p>\n","protected":false},"featured_media":168,"comment_status":"open","ping_status":"closed","template":"","meta":{"_crdt_document":""},"product_cat":[22,23,46,47],"product_tag":[28],"class_list":{"0":"post-882","1":"product","2":"type-product","3":"status-publish","4":"has-post-thumbnail","6":"product_cat-hund","7":"product_cat-torrfor-hund","8":"product_cat-46","9":"product_cat-happy-dog-sensible","10":"product_tag-happy-dog","12":"first","13":"instock","14":"taxable","15":"shipping-taxable","16":"product-type-variable"},"supplier_id":null,"supplier_sku":"","barcode":null,"atum_controlled":true,"out_stock_date":null,"out_stock_threshold":null,"inheritable":true,"inbound_stock":0,"stock_on_hold":0,"sold_today":0,"sales_last_days":0,"reserved_stock":0,"customer_returns":0,"warehouse_damage":0,"lost_in_post":0,"other_logs":0,"out_stock_days":0,"lost_sales":0,"has_location":false,"update_date":"2026-04-18T17:36:55","atum_locations":[],"atum_stock_status":"instock","restock_status":false,"low_stock_amount":"","sales_update_date":"2026-04-18T17:36:55","calc_backorders":null,"_links":{"self":[{"href":"https:\/\/xn--trrfor-bya.no\/index.php\/wp-json\/wp\/v2\/product\/882","targetHints":{"allow":["GET"]}}],"collection":[{"href":"https:\/\/xn--trrfor-bya.no\/index.php\/wp-json\/wp\/v2\/product"}],"about":[{"href":"https:\/\/xn--trrfor-bya.no\/index.php\/wp-json\/wp\/v2\/types\/product"}],"replies":[{"embeddable":true,"href":"https:\/\/xn--trrfor-bya.no\/index.php\/wp-json\/wp\/v2\/comments?post=882"}],"wp:featuredmedia":[{"embeddable":true,"href":"https:\/\/xn--trrfor-bya.no\/index.php\/wp-json\/wp\/v2\/media\/168"}],"wp:attachment":[{"href":"https:\/\/xn--trrfor-bya.no\/index.php\/wp-json\/wp\/v2\/media?parent=882"}],"wp:term":[{"taxonomy":"product_cat","embeddable":true,"href":"https:\/\/xn--trrfor-bya.no\/index.php\/wp-json\/wp\/v2\/product_cat?post=882"},{"taxonomy":"product_tag","embeddable":true,"href":"https:\/\/xn--trrfor-bya.no\/index.php\/wp-json\/wp\/v2\/product_tag?post=882"}],"curies":[{"name":"wp","href":"https:\/\/api.w.org\/{rel}","templated":true}]}}