{"id":880,"date":"2024-09-13T11:38:16","date_gmt":"2024-09-13T11:38:16","guid":{"rendered":"https:\/\/testtorr.no\/index.php\/produkt\/bungee-dummy-20cm-47cm-2\/"},"modified":"2024-10-20T15:35:09","modified_gmt":"2024-10-20T13:35:09","slug":"bungee-dummy-20cm-47cm-2","status":"publish","type":"product","link":"https:\/\/xn--trrfor-bya.no\/index.php\/produkt\/bungee-dummy-20cm-47cm-2\/","title":{"rendered":"Bungee Dummy 20cm\/47cm"},"content":{"rendered":"<p>Den popul\u00e6re bel\u00f8nningen for brukshunder.<\/p>\n<p>Foretrukket av mange som bel\u00f8nner sine hunder med lek og morro for \u00e5 l\u00f8se opp etter aktivitet.<\/p>\n<p>Leken har en myk \u00e5 fin l\u00f8kke som gj\u00f8r den komfertabel \u00e5 holde i, strikken s\u00f8rger for at hunden f\u00e5r passe med drakraft. &#8220;moppen&#8221; i enden motiverer hunden til \u00e5 ta tak samt bist\u00e5 i leken.<\/p>\n<p>&nbsp;<\/p>\n","protected":false},"excerpt":{"rendered":"<p>Den popul\u00e6re bel\u00f8nningen for brukshunder. Foretrukket av mange som bel\u00f8nner sine hunder med lek og morro for \u00e5 l\u00f8se opp etter aktivitet. Leken har en myk \u00e5 fin l\u00f8kke som gj\u00f8r den komfertabel \u00e5 holde i, strikken s\u00f8rger for at hunden f\u00e5r passe med drakraft. &#8220;moppen&#8221; i enden motiverer hunden til \u00e5 ta tak samt [&hellip;]<\/p>\n","protected":false},"featured_media":1312,"comment_status":"open","ping_status":"closed","template":"","meta":{"_crdt_document":""},"product_cat":[22,57],"product_tag":[],"class_list":{"0":"post-880","1":"product","2":"type-product","3":"status-publish","4":"has-post-thumbnail","6":"product_cat-hund","7":"product_cat-leke","9":"first","10":"instock","11":"taxable","12":"shipping-taxable","13":"purchasable","14":"product-type-simple"},"supplier_id":null,"supplier_sku":"","barcode":null,"atum_controlled":true,"out_stock_date":null,"out_stock_threshold":null,"inheritable":false,"inbound_stock":0,"stock_on_hold":0,"sold_today":0,"sales_last_days":0,"reserved_stock":0,"customer_returns":0,"warehouse_damage":0,"lost_in_post":0,"other_logs":0,"out_stock_days":0,"lost_sales":0,"has_location":false,"update_date":"2026-04-18T17:36:55","atum_locations":[],"atum_stock_status":"instock","restock_status":false,"low_stock_amount":"","sales_update_date":"2026-04-18T17:36:55","calc_backorders":null,"_links":{"self":[{"href":"https:\/\/xn--trrfor-bya.no\/index.php\/wp-json\/wp\/v2\/product\/880","targetHints":{"allow":["GET"]}}],"collection":[{"href":"https:\/\/xn--trrfor-bya.no\/index.php\/wp-json\/wp\/v2\/product"}],"about":[{"href":"https:\/\/xn--trrfor-bya.no\/index.php\/wp-json\/wp\/v2\/types\/product"}],"replies":[{"embeddable":true,"href":"https:\/\/xn--trrfor-bya.no\/index.php\/wp-json\/wp\/v2\/comments?post=880"}],"wp:featuredmedia":[{"embeddable":true,"href":"https:\/\/xn--trrfor-bya.no\/index.php\/wp-json\/wp\/v2\/media\/1312"}],"wp:attachment":[{"href":"https:\/\/xn--trrfor-bya.no\/index.php\/wp-json\/wp\/v2\/media?parent=880"}],"wp:term":[{"taxonomy":"product_cat","embeddable":true,"href":"https:\/\/xn--trrfor-bya.no\/index.php\/wp-json\/wp\/v2\/product_cat?post=880"},{"taxonomy":"product_tag","embeddable":true,"href":"https:\/\/xn--trrfor-bya.no\/index.php\/wp-json\/wp\/v2\/product_tag?post=880"}],"curies":[{"name":"wp","href":"https:\/\/api.w.org\/{rel}","templated":true}]}}