{"id":874,"date":"2024-09-13T11:38:16","date_gmt":"2024-09-13T11:38:16","guid":{"rendered":"https:\/\/testtorr.no\/index.php\/produkt\/happy-dog-sensible-africa-m-afrikansk-struts-4\/"},"modified":"2024-10-20T15:45:14","modified_gmt":"2024-10-20T13:45:14","slug":"happy-dog-sensible-africa-m-afrikansk-struts-4","status":"publish","type":"product","link":"https:\/\/xn--trrfor-bya.no\/index.php\/produkt\/happy-dog-sensible-africa-m-afrikansk-struts-4\/","title":{"rendered":"Happy Dog Sensible Africa  M\/Afrikansk Struts"},"content":{"rendered":"<p>\u2022 Kornfri formel<\/p>\n<p>\u2022 Monoprotein<\/p>\n<p>\u2022 Anbefales ved matintoleranser<\/p>\n<p>\u2022 Ideell for sensitive hunder<\/p>\n<p>Kornfritt fullf\u00f4r med struts for matsensitive hunder.<\/p>\n<p>Vil du skjemme bort din firbeinte venn med en helt spesiell mat? Eller har du til og med en veldig ern\u00e6ringssensitiv pelsvenn hjemme som ofte har ford\u00f8yelsesproblemer eller problemer med hud og pels? Dette kan selvf\u00f8lgelig tyde p\u00e5 matintoleranse. Eksotisk struts som eneste kilde til animalsk protein og glutenfrie poteter er spesielt egnet her, og selv de mest f\u00f8lsomme gourmeter vil elske det. Poteter inneholder ikke gluten og anbefales til dyr med kornintoleranse. Struts som en sjelden og eksklusiv proteinkilde som er godt egnet ved matintoleranser. Verdifulle omega-3 og omega-6 fettsyrer er viktige for sunn hud og en skinnende pels og runder av den eksklusive oppskriften. Dette gj\u00f8r Supreme Sensible Africa til et balansert og ideelt t\u00f8rrf\u00f4r for hunder med allergier og matintoleranse. Det ekstraordin\u00e6rt smakfulle superpremium fullf\u00f4ret Happy Dog Africa er ogs\u00e5 ideell for alle krevende, voksne hunder fra 11 kg som er ute etter variasjon eller er veldig kresne.<\/p>\n<p><strong>Innhold:<\/strong><\/p>\n<p>Potet*, strutsprotein* (15%), potetprotein*, solsikkeolje, betemelassemasse* (avsukket), leverhydrolysat, eplerester*, rapsolje, natriumklorid, gj\u00e6r* (ekstrahert) *) t\u00f8rket<\/p>\n<p><strong>Analyse:<\/strong><\/p>\n<p>R\u00e5protein 20,0 %, r\u00e5fett 10,0 %, r\u00e5fiber 3,0 %, r\u00e5aske 7,5 %, kalsium 1,2 %, fosfor 0,8 %, natrium 0,35 %, kalium 0,95 %, magnesium 0 ,1 %, omega-6 fettsyrer 5 %, 3 omega-3 fettsyrer 0,4 %<\/p>\n<p><strong>Tilsetningsstoffer:<\/strong><\/p>\n<p>Vitaminer\/kg: vitamin A (3a672a) 15000 IE, vitamin D3 (3a671) 900 IE, vitamin E (alle rac-alfa-tokoferylacetat 3a700) 110 mg, vitamin B1 (tiaminmononitrat 3a821) 4 mg, vitamin B3i (vitamin 82 ariboflavini) ) 4 mg, vitamin B6 (pyridoksinhydroklorid 3a831) 4 mg, biotin (3a880) 430 mcg, kalsium D-pantotenat (3a841) 10 mg, niacin (3a314) 45 mg, vitamin B12 65 mcg, taurin 500 mg (3a )<\/p>\n<p>grunnstoffer \/kg: jern (jernholdig sulfat monohydrat 3b103) 70 mg, kobber (kobber (II) sulfat pentahydrat 3b405) 13 mg, sink (sink oksid 3b603) 85 mg, mangan (mangan (II) oksid 3b50 mg, i 162 mg, i kalsiumjodat, vannfritt 3b202) 1,6 mg, selen (natriumselenitt 3b801) 0,25 mg<\/p>\n<p>aminosyrer\/kg: DL-metionin (3c301) 3500 mg Antioksidanter, tokoferolekstrakter fra vegetabilske oljer 1b306(i)<\/p>\n","protected":false},"excerpt":{"rendered":"<p>\u2022 Kornfri formel \u2022 Monoprotein \u2022 Anbefales ved matintoleranser \u2022 Ideell for sensitive hunder Kornfritt fullf\u00f4r med struts for matsensitive hunder. Vil du skjemme bort din firbeinte venn med en helt spesiell mat? Eller har du til og med en veldig ern\u00e6ringssensitiv pelsvenn hjemme som ofte har ford\u00f8yelsesproblemer eller problemer med hud og pels? Dette [&hellip;]<\/p>\n","protected":false},"featured_media":126,"comment_status":"open","ping_status":"closed","template":"","meta":{"_crdt_document":""},"product_cat":[22,23,47],"product_tag":[28],"class_list":{"0":"post-874","1":"product","2":"type-product","3":"status-publish","4":"has-post-thumbnail","6":"product_cat-hund","7":"product_cat-torrfor-hund","8":"product_cat-happy-dog-sensible","9":"product_tag-happy-dog","11":"first","12":"instock","13":"taxable","14":"shipping-taxable","15":"purchasable","16":"product-type-simple"},"supplier_id":null,"supplier_sku":"","barcode":null,"atum_controlled":true,"out_stock_date":null,"out_stock_threshold":null,"inheritable":false,"inbound_stock":0,"stock_on_hold":0,"sold_today":0,"sales_last_days":0,"reserved_stock":0,"customer_returns":0,"warehouse_damage":0,"lost_in_post":0,"other_logs":0,"out_stock_days":0,"lost_sales":0,"has_location":false,"update_date":"2026-04-18T17:36:55","atum_locations":[],"atum_stock_status":"instock","restock_status":false,"low_stock_amount":"","sales_update_date":"2026-04-18T17:36:55","calc_backorders":null,"_links":{"self":[{"href":"https:\/\/xn--trrfor-bya.no\/index.php\/wp-json\/wp\/v2\/product\/874","targetHints":{"allow":["GET"]}}],"collection":[{"href":"https:\/\/xn--trrfor-bya.no\/index.php\/wp-json\/wp\/v2\/product"}],"about":[{"href":"https:\/\/xn--trrfor-bya.no\/index.php\/wp-json\/wp\/v2\/types\/product"}],"replies":[{"embeddable":true,"href":"https:\/\/xn--trrfor-bya.no\/index.php\/wp-json\/wp\/v2\/comments?post=874"}],"wp:featuredmedia":[{"embeddable":true,"href":"https:\/\/xn--trrfor-bya.no\/index.php\/wp-json\/wp\/v2\/media\/126"}],"wp:attachment":[{"href":"https:\/\/xn--trrfor-bya.no\/index.php\/wp-json\/wp\/v2\/media?parent=874"}],"wp:term":[{"taxonomy":"product_cat","embeddable":true,"href":"https:\/\/xn--trrfor-bya.no\/index.php\/wp-json\/wp\/v2\/product_cat?post=874"},{"taxonomy":"product_tag","embeddable":true,"href":"https:\/\/xn--trrfor-bya.no\/index.php\/wp-json\/wp\/v2\/product_tag?post=874"}],"curies":[{"name":"wp","href":"https:\/\/api.w.org\/{rel}","templated":true}]}}