{"id":873,"date":"2024-09-13T11:38:16","date_gmt":"2024-09-13T11:38:16","guid":{"rendered":"https:\/\/testtorr.no\/index.php\/produkt\/provepose-happy-dog-fit-og-vital-medium-adult-2\/"},"modified":"2024-10-18T19:02:27","modified_gmt":"2024-10-18T19:02:27","slug":"provepose-happy-dog-fit-og-vital-medium-adult-2","status":"publish","type":"product","link":"https:\/\/xn--trrfor-bya.no\/index.php\/produkt\/provepose-happy-dog-fit-og-vital-medium-adult-2\/","title":{"rendered":"Pr\u00f8vepose Happy dog Fit og vital, Medium adult"},"content":{"rendered":"<p>\u2022 Balansert utvalg av proteiner<\/p>\n<p>\u2022 Hvetefri formel<\/p>\n<p>\u2022 Ideell for hud og pels<\/p>\n<p>\u2022 For mellomstore hunder<\/p>\n<p>Lettford\u00f8yelig og balansert helf\u00f4r for mellomstore, normalt aktive hunder.<\/p>\n<p>Er et balansert og naturlig kosthold for hunden din det viktigste for deg? Da vil du bli overrasket over Happy Dog fit &amp; vital. Fem ulike proteinkomponenter: laks, sj\u00f8fisk, egg, lam og fj\u00e6rfe s\u00f8rger for et sunt utvalg av proteiner, akkurat slik naturen har tenkt. Rik p\u00e5 essensielle omega-3 og omega-6 fettsyrer, er laks naturlig bra for hud og pels. Den lett ford\u00f8yelige sj\u00f8fisken gir kroppen mange vitaminer, mens egget gir biologisk verdifullt protein og lam gir mange viktige mineraler. Oppskriften er perfekt avrundet med spesielt n\u00e6ringsrikt fj\u00e6rkre, som fungerer som leverand\u00f8r av livsviktige sporstoffer.<\/p>\n<p>Happy Dog fit &amp; vital Medium Adult er ideelt skreddersydd for behovene til voksne, mellomstore hunder og er ideell for normalt aktive hunder fra 11 til 25 kg. Det balanserte og deilige helf\u00f4ret er basert p\u00e5 det unike Happy Dog Natural Life Concept\u00ae og er beriket med verdifulle New Zealand-skjell for \u00e5 st\u00f8tte leddene. Viktige omega-3 og omega-6 fettsyrer sikrer en intakt hudbarriere og en skinnende pels. Den sv\u00e6rt ford\u00f8yelige, hvetefrie oppskriften st\u00f8tter ogs\u00e5 immunforsvaret med vitamin C og utvalgte urter og sikrer dermed et bekymringsl\u00f8st hundeliv.<\/p>\n<p><strong>Innhold:<\/strong><\/p>\n<p>Animalske proteiner* (14 % fj\u00e6rfe, 4 % lam), mais, maismel, rismel, bygg, fiskemel (5 %, hvorav 50 % laksemel), fj\u00e6rfefett, hemoglobin*, hydrolysert lever, solsikkeolje, bete melassemasse* (avsukket), eplerester*, kaliumklorid, rapsolje, gj\u00e6r*, natriumklorid, tang*, linfr\u00f8 (0,16%), t\u00f8rket hele egg (0,12%), bl\u00e5skjellkj\u00f8tt* (0,02%), gj\u00e6r* (ekstrahert), melketistel, artisjokk, l\u00f8vetann, ingef\u00e6r (0,013%), bj\u00f8rkeblader, brennesle, kamille, koriander, rosmarin, salvie, lakrisrot, timian (totalt t\u00f8rkede urter: 0,16%) Metaboliserbar energi: 1550 KJ\/100g; 3710 kalorier\/kg *) t\u00f8rket<\/p>\n<p><strong>Analyse:<\/strong><\/p>\n<p>R\u00e5protein 24,0 %, r\u00e5fett 13,0 %, r\u00e5fiber 2,5 %, r\u00e5aske 6,5 %, kalsium 1,4 %, fosfor 0,95 %, natrium 0,4 %, kalium 0,5 %, magnesium 0 ,1 %, omega-6 fettsyrer, 3. omega-3 fettsyrer 0,3%.<\/p>\n<p><strong>Tilsetningsstoffer:<\/strong><\/p>\n<p>Vitaminer\/kg: vitamin A (3a672a) 12000 IE, vitamin D3 (3a671) 1000 IE, vitamin E (3a700) 75 mg, vitamin B1 (3a821) 4 mg, vitamin B2 (3a825ii) 6 mg, vitamin B6 (3a831) 4 mg, biotin (3a880) 575 mcg, kalsium D-pantotenat (3a841) 10 mg, niacin (3a314) 40 mg, vitamin B12 70 mcg, kolinklorid (3a890) 60 mg, vitamin C (3a312) 20 mg.<\/p>\n<p>Sporelementer\/kg: jern (som 3b103, 3b106) 105 mg, kobber (som 3b405, 3b406) 10 mg, sink (som 3b603, 3b606, 3b607) 105 mg, mangan (som 3b504, 3b504, 3b504, 3b504, iodin) 3b202) 2 mg, selen (som 3b801, 3b8.12) 0,15 mg. Antioksidanter, tokoferolekstrakter fra vegetabilske oljer 1b306(i).<\/p>\n","protected":false},"excerpt":{"rendered":"<p>\u2022 Balansert utvalg av proteiner \u2022 Hvetefri formel \u2022 Ideell for hud og pels \u2022 For mellomstore hunder Lettford\u00f8yelig og balansert helf\u00f4r for mellomstore, normalt aktive hunder. Er et balansert og naturlig kosthold for hunden din det viktigste for deg? Da vil du bli overrasket over Happy Dog fit &amp; vital. Fem ulike proteinkomponenter: laks, [&hellip;]<\/p>\n","protected":false},"featured_media":244,"comment_status":"open","ping_status":"closed","template":"","meta":{"_crdt_document":""},"product_cat":[22,23,59],"product_tag":[],"class_list":{"0":"post-873","1":"product","2":"type-product","3":"status-publish","4":"has-post-thumbnail","6":"product_cat-hund","7":"product_cat-torrfor-hund","8":"product_cat-proveposer-hund","10":"first","11":"outofstock","12":"taxable","13":"shipping-taxable","14":"purchasable","15":"product-type-simple"},"supplier_id":null,"supplier_sku":"","barcode":null,"atum_controlled":true,"out_stock_date":"2024-10-08 16:50:41","out_stock_threshold":null,"inheritable":false,"inbound_stock":0,"stock_on_hold":0,"sold_today":0,"sales_last_days":0,"reserved_stock":0,"customer_returns":0,"warehouse_damage":0,"lost_in_post":0,"other_logs":0,"out_stock_days":557,"lost_sales":0,"has_location":false,"update_date":"2026-04-18T17:36:55","atum_locations":[],"atum_stock_status":"outofstock","restock_status":false,"low_stock_amount":"","sales_update_date":"2026-04-18T17:36:55","calc_backorders":null,"_links":{"self":[{"href":"https:\/\/xn--trrfor-bya.no\/index.php\/wp-json\/wp\/v2\/product\/873","targetHints":{"allow":["GET"]}}],"collection":[{"href":"https:\/\/xn--trrfor-bya.no\/index.php\/wp-json\/wp\/v2\/product"}],"about":[{"href":"https:\/\/xn--trrfor-bya.no\/index.php\/wp-json\/wp\/v2\/types\/product"}],"replies":[{"embeddable":true,"href":"https:\/\/xn--trrfor-bya.no\/index.php\/wp-json\/wp\/v2\/comments?post=873"}],"wp:featuredmedia":[{"embeddable":true,"href":"https:\/\/xn--trrfor-bya.no\/index.php\/wp-json\/wp\/v2\/media\/244"}],"wp:attachment":[{"href":"https:\/\/xn--trrfor-bya.no\/index.php\/wp-json\/wp\/v2\/media?parent=873"}],"wp:term":[{"taxonomy":"product_cat","embeddable":true,"href":"https:\/\/xn--trrfor-bya.no\/index.php\/wp-json\/wp\/v2\/product_cat?post=873"},{"taxonomy":"product_tag","embeddable":true,"href":"https:\/\/xn--trrfor-bya.no\/index.php\/wp-json\/wp\/v2\/product_tag?post=873"}],"curies":[{"name":"wp","href":"https:\/\/api.w.org\/{rel}","templated":true}]}}