{"id":870,"date":"2024-09-13T11:38:15","date_gmt":"2024-09-13T11:38:15","guid":{"rendered":"https:\/\/testtorr.no\/index.php\/produkt\/provepose-happy-dog-sensible-puppy-laks-potet-80g-2\/"},"modified":"2024-10-20T15:24:02","modified_gmt":"2024-10-20T13:24:02","slug":"provepose-happy-dog-sensible-puppy-laks-potet-80g-2","status":"publish","type":"product","link":"https:\/\/xn--trrfor-bya.no\/index.php\/produkt\/provepose-happy-dog-sensible-puppy-laks-potet-80g-2\/","title":{"rendered":"Pr\u00f8vepose Happy Dog Sensible Puppy, Laks &#038; Potet 80g"},"content":{"rendered":"<p>\u2022 Spesielt velsmakende<br \/>\u2022 Glutenfri oppskrift<br \/>\u2022 Ideell for hud og pels<br \/>\u2022 St\u00f8tter immunsystemet<\/p>\n<p>H\u00f8ykvalitets fullf\u00f4r for sensitive valper med laks og poteter.<\/p>\n<p>Som valp trenger den firbeinte vennen din n\u00e6ringsrik mat slik at den blir optimalt tatt vare p\u00e5 de f\u00f8rste m\u00e5nedene. For fra 1. til ca 6. levem\u00e5ned er din lille kj\u00e6re i hovedvekstfasen. Det er derfor Happy Dogs hundemat er spesielt n\u00e6ringsrikt og rikt i denne perioden med intens vekst.<\/p>\n<p>Hvorfor er Happy Dog valpemat med laks ideelt for valpen din?<br \/>Det nye Sensible Puppy Salmon &amp; Potato-f\u00f4ret er perfekt tilpasset behovene til valpen din &#8211; og er spesielt egnet for hunder med sensitiv mage. T\u00f8rrf\u00f4ret er glutenfritt og potetene den inneholder t\u00e5les meget godt&nbsp;sammen med den n\u00e6ringsrike laksen danner dette et optimalt ford\u00f8yelig fullf\u00f4r for valper. Vi legger vekt p\u00e5 en optimal kombinasjon av n\u00e6ringsstoffer i maten v\u00e5r, som st\u00f8tter veksten av hunden din p\u00e5 best mulig m\u00e5te. For eksempel er kj\u00f8ttet av den newzealandske bl\u00e5skjell gunstig for leddene og urtene som er inkludert er bra for mage-tarmkanalen til v\u00e5re firbeinte venner. Med dette allsidige ford\u00f8yelige f\u00f4ret gir du hunden alt den trenger som valp &#8211; for sunn vekst og en skinnende pels.<\/p>\n<p>Hvor lenge b\u00f8r valpen din mates med Sensible Puppy Salmon &amp; Potet?<br \/>Happy Dog Sensible Puppy Salmon &amp; Potato passer som fullf\u00f4r fra valpens 4. til 27. leveuke. Etter det b\u00f8r du bytte&nbsp;til et passende f\u00f4r for unghunder i sm\u00e5 trinn &#8211; for eksempel Happy Dog Sensible Junior Salmon &amp; Potato .<\/p>\n<p>Krokettene v\u00e5re med hull \u2013 for enda bedre ford\u00f8yelse.<br \/>Krokettene til valpematen er hjerteformede med et hull i midten. P\u00e5 denne m\u00e5ten kan valpen bite gjennom bitene raskere n\u00e5r den spiser og tygge bedre. Den st\u00f8rre overflaten gj\u00f8r at f\u00f4ret brytes optimalt ned av magesaften. Dette st\u00f8tter god ford\u00f8yelse.<\/p>\n<p><strong>Innhold:<\/strong><br \/>Kylling*, potetflak (22,5%), ris, laksemel (10%), grever, fj\u00e6rfefett, oksefett, hydrolysert lever, betemasse* (avsukkert), cellulose, solsikkeolje, eplerester*, kaliumklorid, gj\u00e6r *, natriumklorid, rapsolje, tang *, linfr\u00f8, psylliumskall, bl\u00e5skjellkj\u00f8tt* (0,05%), yucca schidigera*, gj\u00e6r* (ekstrahert), melketistel, artisjokk, l\u00f8vetann, ingef\u00e6r, bj\u00f8rkeblader, brennesle, kamille, koriander, rosmarin, salvie, lakrisrot, timian, (Totalt t\u00f8rkede urter 0,16%) *) t\u00f8rket<\/p>\n<p><strong>Analyse:<\/strong><br \/>R\u00e5protein 30,0 %, r\u00e5fett 16,0 %, r\u00e5fiber 3,0 %, r\u00e5aske 7,5 %, kalsium 1,6 %, fosfor 1,05&nbsp;%, natrium 0,4 %, kalium 0,6 %, magnesium 0,08 %, omega-6 fettsyrer&nbsp;2,5&nbsp;% omega-3 fettsyrer 0,3&nbsp;%<\/p>\n<p><strong>Tilsetningsstoffer:<\/strong><br \/>Vitaminer\/kg: vitamin A (3a672a) 17000 IE, vitamin D3 (3a671) 1000 IE, vitamin E (alle rac-alfa-tokoferylacetat 3a700) 125 mg, vitamin B1 (tiaminmononitrat 3a821) 4 mg, 825 vitamin B2i ) 4 mg, vitamin B6 (pyridoksinhydroklorid 3a831) 4 mg, biotin (3a880) 495 mcg, kalsium D-pantotenat (3a841) 10 mg, niacin (3a314) 50 mg, folsyre (3a316) 3 mg, vitamin B1g , vitamin C (natriumkalsiumaskorbylfosfat 3a312) 30 mg, kolinklorid (3a890) 55 mg.<\/p>\n<p>Sporelementer\/kg: Jern (jernholdig sulfat, monohydrat 3b103) 65 mg, kobber (kobber(II) sulfat pentahydrat 3b405) 14 mg, sink (sinkoksid 3b603 100 mg, aminosyre sink chelat, hydrat 3b606 25 mg, mangan 25 mg) (II oksid 3b502) 30 mg, jod (kalsiumjodat, vannfritt 3b202) 2,5 mg, selen (natriumselenitt 3b801) 0,2 mg. Antioksidanter, tokoferolekstrakter fra vegetabilske oljer 1b306(i).<\/p>\n","protected":false},"excerpt":{"rendered":"<p>\u2022 Spesielt velsmakende\u2022 Glutenfri oppskrift\u2022 Ideell for hud og pels\u2022 St\u00f8tter immunsystemet H\u00f8ykvalitets fullf\u00f4r for sensitive valper med laks og poteter. Som valp trenger den firbeinte vennen din n\u00e6ringsrik mat slik at den blir optimalt tatt vare p\u00e5 de f\u00f8rste m\u00e5nedene. For fra 1. til ca 6. levem\u00e5ned er din lille kj\u00e6re i hovedvekstfasen. Det [&hellip;]<\/p>\n","protected":false},"featured_media":0,"comment_status":"open","ping_status":"closed","template":"","meta":{"_crdt_document":""},"product_cat":[22,23,59],"product_tag":[],"class_list":{"0":"post-870","1":"product","2":"type-product","3":"status-publish","5":"product_cat-hund","6":"product_cat-torrfor-hund","7":"product_cat-proveposer-hund","9":"first","10":"instock","11":"taxable","12":"shipping-taxable","13":"purchasable","14":"product-type-simple"},"supplier_id":null,"supplier_sku":"","barcode":null,"atum_controlled":true,"out_stock_date":null,"out_stock_threshold":null,"inheritable":false,"inbound_stock":0,"stock_on_hold":0,"sold_today":0,"sales_last_days":0,"reserved_stock":0,"customer_returns":0,"warehouse_damage":0,"lost_in_post":0,"other_logs":0,"out_stock_days":0,"lost_sales":0,"has_location":false,"update_date":"2026-04-18T17:36:55","atum_locations":[],"atum_stock_status":"instock","restock_status":false,"low_stock_amount":"","sales_update_date":"2026-04-18T17:36:55","calc_backorders":null,"_links":{"self":[{"href":"https:\/\/xn--trrfor-bya.no\/index.php\/wp-json\/wp\/v2\/product\/870","targetHints":{"allow":["GET"]}}],"collection":[{"href":"https:\/\/xn--trrfor-bya.no\/index.php\/wp-json\/wp\/v2\/product"}],"about":[{"href":"https:\/\/xn--trrfor-bya.no\/index.php\/wp-json\/wp\/v2\/types\/product"}],"replies":[{"embeddable":true,"href":"https:\/\/xn--trrfor-bya.no\/index.php\/wp-json\/wp\/v2\/comments?post=870"}],"wp:attachment":[{"href":"https:\/\/xn--trrfor-bya.no\/index.php\/wp-json\/wp\/v2\/media?parent=870"}],"wp:term":[{"taxonomy":"product_cat","embeddable":true,"href":"https:\/\/xn--trrfor-bya.no\/index.php\/wp-json\/wp\/v2\/product_cat?post=870"},{"taxonomy":"product_tag","embeddable":true,"href":"https:\/\/xn--trrfor-bya.no\/index.php\/wp-json\/wp\/v2\/product_tag?post=870"}],"curies":[{"name":"wp","href":"https:\/\/api.w.org\/{rel}","templated":true}]}}