{"id":868,"date":"2024-09-13T11:38:15","date_gmt":"2024-09-13T11:38:15","guid":{"rendered":"https:\/\/testtorr.no\/index.php\/produkt\/happy-dog-sensible-mini-ireland-m-laks-kanin-2\/"},"modified":"2024-10-18T18:57:55","modified_gmt":"2024-10-18T18:57:55","slug":"happy-dog-sensible-mini-ireland-m-laks-kanin-2","status":"publish","type":"product","link":"https:\/\/xn--trrfor-bya.no\/index.php\/produkt\/happy-dog-sensible-mini-ireland-m-laks-kanin-2\/","title":{"rendered":"Happy Dog Sensible, Mini Ireland  M\/Laks &#038; Kanin"},"content":{"rendered":"<p>N\u00e6ringsrik laks med kanin gj\u00f8r den optimal for hud og pels.<\/p>\n<p>Skjem bort den lille gourmethunden din med en fin rett med n\u00e6ringsrik laks, velsmakende kanin og sunt korn. Laks er rik p\u00e5 essensielle Omega-3 og Omega-6 fettsyrer, mens kanin leverer verdifullt protein og andre viktige n\u00e6ringsstoffer. Fullkorn gir hunden din livsn\u00f8dvendig fiber og grovf\u00f4r for \u00e5 regulere ford\u00f8yelsen. Basert p\u00e5 det unike Happy Dog Natural Life Concept\u00ae, st\u00f8tter de newzealandske bl\u00e5skjellene leddene, mens verdifulle Omega-3 og Omega-6 fettsyrer s\u00f8rger for en sunn hud og en blank pels. Den spesielt smakfulle Happy Dog Mini Ireland-formuleringen gj\u00f8r den ideell for voksne firbeinte venner p\u00e5 opptil 10 kg. De ekstra sm\u00e5 kubbene er spesielt egnet for tennene til sm\u00e5 raser.<\/p>\n<p><strong>Innhold:<\/strong><br \/>\nHavre, laksemel (13 %), bygg, mais, kaninprotein* (8 %), potet*, oljer og fett, betemasse* (avsukket), hydrolysert protein, hemoglobin*, eplerester* (1,1 %), t\u00f8rket hele egg, kaliumklorid, gj\u00e6r*, natriumklorid, tang*, linfr\u00f8 (0,15 %), bl\u00e5skjellkj\u00f8tt* (0,05 %), melketistel, yucca schidigera*, gj\u00e6r* (ekstrakt), artisjokk, l\u00f8vetann, ingef\u00e6r (0,014 % ), bj\u00f8rkeblader, brennesle, kamille, koriander, rosmarin, salvie, lakrisrot, timian, (totalt t\u00f8rkede urter: 0,17 %)<\/p>\n<p>*) t\u00f8rket<\/p>\n<p><strong>Analyse:<\/strong><br \/>\nR\u00e5protein 21,0 %, r\u00e5fett 10,0 %, r\u00e5fiber 3,0 %, r\u00e5aske 7,0 %, kalsium 1,3 %, fosfor 0,9 %, natrium 0,4 %, omega 6 fettsyrer 2,5 %, omega 3 fettsyrer 0,3 %<\/p>\n<p><strong>Tilsetningsstoffer:<\/strong><br \/>\n<strong>Vitaminer\/kg:<\/strong><br \/>\nVitamin A (3a672a) 16000 IE, vitamin D3 (3a671) 900 IE<br \/>\n<strong>Sporelementer\/kg:<\/strong><br \/>\nJern (som 3b103) 75 mg, kobber (som 3b405) 15 mg, sink (som 3b603, 3b606) 130 mg, mangan (som 3b502) 30 mg, jod (som 3b202) 2,5 mg, 0b801 (as . mg<br \/>\n<strong>Surhetsregulatorer\/kg:<\/strong><br \/>\nSitronsyre (1a330) 200 mg<br \/>\nAntioksidant, tokoferolrike ekstrakter fra planteoljer 1b306(i)<\/p>\n","protected":false},"excerpt":{"rendered":"<p>N\u00e6ringsrik laks med kanin gj\u00f8r den optimal for hud og pels. Skjem bort den lille gourmethunden din med en fin rett med n\u00e6ringsrik laks, velsmakende kanin og sunt korn. Laks er rik p\u00e5 essensielle Omega-3 og Omega-6 fettsyrer, mens kanin leverer verdifullt protein og andre viktige n\u00e6ringsstoffer. Fullkorn gir hunden din livsn\u00f8dvendig fiber og grovf\u00f4r [&hellip;]<\/p>\n","protected":false},"featured_media":1283,"comment_status":"open","ping_status":"closed","template":"","meta":{"_crdt_document":""},"product_cat":[22,23,59],"product_tag":[],"class_list":{"0":"post-868","1":"product","2":"type-product","3":"status-publish","4":"has-post-thumbnail","6":"product_cat-hund","7":"product_cat-torrfor-hund","8":"product_cat-proveposer-hund","10":"first","11":"outofstock","12":"taxable","13":"shipping-taxable","14":"purchasable","15":"product-type-simple"},"supplier_id":null,"supplier_sku":"","barcode":null,"atum_controlled":true,"out_stock_date":"2024-10-08 16:50:41","out_stock_threshold":null,"inheritable":false,"inbound_stock":0,"stock_on_hold":0,"sold_today":0,"sales_last_days":0,"reserved_stock":0,"customer_returns":0,"warehouse_damage":0,"lost_in_post":0,"other_logs":0,"out_stock_days":557,"lost_sales":0,"has_location":false,"update_date":"2026-04-18T17:36:55","atum_locations":[],"atum_stock_status":"outofstock","restock_status":false,"low_stock_amount":"","sales_update_date":"2026-04-18T17:36:55","calc_backorders":null,"_links":{"self":[{"href":"https:\/\/xn--trrfor-bya.no\/index.php\/wp-json\/wp\/v2\/product\/868","targetHints":{"allow":["GET"]}}],"collection":[{"href":"https:\/\/xn--trrfor-bya.no\/index.php\/wp-json\/wp\/v2\/product"}],"about":[{"href":"https:\/\/xn--trrfor-bya.no\/index.php\/wp-json\/wp\/v2\/types\/product"}],"replies":[{"embeddable":true,"href":"https:\/\/xn--trrfor-bya.no\/index.php\/wp-json\/wp\/v2\/comments?post=868"}],"wp:featuredmedia":[{"embeddable":true,"href":"https:\/\/xn--trrfor-bya.no\/index.php\/wp-json\/wp\/v2\/media\/1283"}],"wp:attachment":[{"href":"https:\/\/xn--trrfor-bya.no\/index.php\/wp-json\/wp\/v2\/media?parent=868"}],"wp:term":[{"taxonomy":"product_cat","embeddable":true,"href":"https:\/\/xn--trrfor-bya.no\/index.php\/wp-json\/wp\/v2\/product_cat?post=868"},{"taxonomy":"product_tag","embeddable":true,"href":"https:\/\/xn--trrfor-bya.no\/index.php\/wp-json\/wp\/v2\/product_tag?post=868"}],"curies":[{"name":"wp","href":"https:\/\/api.w.org\/{rel}","templated":true}]}}