{"id":867,"date":"2024-09-13T11:38:15","date_gmt":"2024-09-13T11:38:15","guid":{"rendered":"https:\/\/testtorr.no\/index.php\/produkt\/happy-dog-sensible-mini-francem-and-og-potet-2\/"},"modified":"2024-10-08T16:50:41","modified_gmt":"2024-10-08T16:50:41","slug":"happy-dog-sensible-mini-francem-and-og-potet-2","status":"publish","type":"product","link":"https:\/\/xn--trrfor-bya.no\/index.php\/produkt\/happy-dog-sensible-mini-francem-and-og-potet-2\/","title":{"rendered":"Happy Dog Sensible, Mini FranceM\/And og Potet"},"content":{"rendered":"<p>Kornfritt alt-i-ett-f\u00f4r med and for sensitive hunder.<\/p>\n<p>Vil du skjemme bort din firbeinte venn med noe helt spesiellt? Eller har du en sensitiv hund som ofte har ford\u00f8yelsesproblemer? Med fin and av h\u00f8y kvalitet som eneste kilde til animalsk protein, og glutenfri potet, vil dette friste selv den mest f\u00f8lsomme hunden. Potet inneholder ikke gluten og anbefales derfor til dyr som er kornintolerante. And, som er en uvanlig og utvalgt proteinkilde, tolereres ogs\u00e5 veldig godt. Verdifulle Omega-3 og Omega-6 fettsyrer \u2013 viktig for en sunn hud og skinnende pels \u2013 avrunder denne eksklusive formuleringen. Dette gj\u00f8r Mini France til et ideelt, balansert t\u00f8rrf\u00f4r for hunder med allergier og matintoleranse. Det eksepsjonelt smakfulle Super Premium Happy Dog Mini France alt-i-ett-f\u00f4ret er ogs\u00e5 ideelt for alle voksne hunder opp til 10 kg som er vanskelig \u00e5 tilfredsstille, som trenger variasjon eller er veldig kresne. De ekstra sm\u00e5 knottene er ideelle for tennene til sm\u00e5 hunderaser.<\/p>\n<p>\u2022 Mono protein<\/p>\n<p>\u2022 Kornfri formulering<\/p>\n<p>\u2022 Veterin\u00e6ranbefales for\u00a0matintoleranse<\/p>\n<p>\u2022 For sensitive hunder<\/p>\n<p><strong>Innhold:<\/strong><\/p>\n<p>Poteter*, andeprotein* (25 %), oljer og fett, potetprotein*, betemasse* (avsukket), hydrolysert protein, eplerester*, gj\u00e6r* (ekstrakt)<\/p>\n<p>*) t\u00f8rket<\/p>\n<p><strong>Analyse:<\/strong><\/p>\n<p>R\u00e5protein 24,0 %, r\u00e5fett 12,0 %, r\u00e5fiber 2,5 %, r\u00e5aske 7,5 %, kalsium 1,35 %, fosfor 0,95 %, natrium 0,35 %, omega-6-fettsyrer 2,5 %, omega-3-fettsyrer 0.0.<\/p>\n<p><strong>Tilsetningsstoffer:<\/strong><\/p>\n<p><strong>Vitaminer\/kg:<\/strong><\/p>\n<p>Vitamin A (3a672a) 15000 IE, vitamin D3 (3a671) 900 IE<\/p>\n<p><strong>Sporelementer\/kg:<\/strong><\/p>\n<p>Jern (som 3b103) 55 mg, kobber (som 3b405) 12 mg, sink (som 3b603) 70 mg, mangan (som 3b502) 14 mg, jod (som 3b202) 1,5 mg, selen (som 3b801) 0.<\/p>\n<p><strong>Aminosyrer\/kg:<\/strong><\/p>\n<p>DL-metionin (3c301) 3200 mg<\/p>\n<p>Antioksidant, tokoferolrike ekstrakter fra planteoljer 1b306(i)<\/p>\n","protected":false},"excerpt":{"rendered":"<p>Kornfritt alt-i-ett-f\u00f4r med and for sensitive hunder. Vil du skjemme bort din firbeinte venn med noe helt spesiellt? Eller har du en sensitiv hund som ofte har ford\u00f8yelsesproblemer? Med fin and av h\u00f8y kvalitet som eneste kilde til animalsk protein, og glutenfri potet, vil dette friste selv den mest f\u00f8lsomme hunden. Potet inneholder ikke gluten [&hellip;]<\/p>\n","protected":false},"featured_media":1085,"comment_status":"open","ping_status":"closed","template":"","meta":{"_crdt_document":""},"product_cat":[22,23,59],"product_tag":[],"class_list":{"0":"post-867","1":"product","2":"type-product","3":"status-publish","4":"has-post-thumbnail","6":"product_cat-hund","7":"product_cat-torrfor-hund","8":"product_cat-proveposer-hund","10":"first","11":"outofstock","12":"taxable","13":"shipping-taxable","14":"purchasable","15":"product-type-simple"},"supplier_id":null,"supplier_sku":"","barcode":null,"atum_controlled":true,"out_stock_date":"2024-10-08 16:50:41","out_stock_threshold":null,"inheritable":false,"inbound_stock":0,"stock_on_hold":0,"sold_today":0,"sales_last_days":0,"reserved_stock":0,"customer_returns":0,"warehouse_damage":0,"lost_in_post":0,"other_logs":0,"out_stock_days":557,"lost_sales":0,"has_location":false,"update_date":"2026-04-18T17:36:55","atum_locations":[],"atum_stock_status":"outofstock","restock_status":false,"low_stock_amount":"","sales_update_date":"2026-04-18T17:36:55","calc_backorders":null,"_links":{"self":[{"href":"https:\/\/xn--trrfor-bya.no\/index.php\/wp-json\/wp\/v2\/product\/867","targetHints":{"allow":["GET"]}}],"collection":[{"href":"https:\/\/xn--trrfor-bya.no\/index.php\/wp-json\/wp\/v2\/product"}],"about":[{"href":"https:\/\/xn--trrfor-bya.no\/index.php\/wp-json\/wp\/v2\/types\/product"}],"replies":[{"embeddable":true,"href":"https:\/\/xn--trrfor-bya.no\/index.php\/wp-json\/wp\/v2\/comments?post=867"}],"wp:featuredmedia":[{"embeddable":true,"href":"https:\/\/xn--trrfor-bya.no\/index.php\/wp-json\/wp\/v2\/media\/1085"}],"wp:attachment":[{"href":"https:\/\/xn--trrfor-bya.no\/index.php\/wp-json\/wp\/v2\/media?parent=867"}],"wp:term":[{"taxonomy":"product_cat","embeddable":true,"href":"https:\/\/xn--trrfor-bya.no\/index.php\/wp-json\/wp\/v2\/product_cat?post=867"},{"taxonomy":"product_tag","embeddable":true,"href":"https:\/\/xn--trrfor-bya.no\/index.php\/wp-json\/wp\/v2\/product_tag?post=867"}],"curies":[{"name":"wp","href":"https:\/\/api.w.org\/{rel}","templated":true}]}}