{"id":857,"date":"2024-09-13T11:38:13","date_gmt":"2024-09-13T11:38:13","guid":{"rendered":"https:\/\/testtorr.no\/index.php\/produkt\/happy-cat-culinary-adult-atlantik-laks-2\/"},"modified":"2024-10-18T18:59:32","modified_gmt":"2024-10-18T18:59:32","slug":"happy-cat-culinary-adult-atlantik-laks-2","status":"publish","type":"product","link":"https:\/\/xn--trrfor-bya.no\/index.php\/produkt\/happy-cat-culinary-adult-atlantik-laks-2\/","title":{"rendered":"Happy Cat Culinary Adult Atlantik-Laks"},"content":{"rendered":"<p>\u2022\u00a0St\u00f8tter en blank pels<br \/>\n\u2022\u00a0H\u00e5rballkontroll<br \/>\n\u2022\u00a0Med laks<br \/>\n\u2022\u00a0Ogs\u00e5 for aktive katter<\/p>\n<p>Happy Cat Atlantic-Laks\u00a0tilbyr kattevennen din et balansert og naturlig kosthold. Skjem bort katten din med lett tolerert laks, deilige erter og deilig rosmarin. Det h\u00f8ye innholdet av r\u00e5fiber bidrar til \u00e5 minimere h\u00e5rkuler. Den fineste laksen gir verdifulle omega 3 og 6 fettsyrer og er det perfekte grunnlaget for \u00e5 sikre at katten din har et sunt liv fullt av vitalitet. Leddene st\u00f8ttes selvsagt av tilsetning av gr\u00f8nlandsk New Zealand-bl\u00e5skjell. De lett ford\u00f8yelige bitene er ogs\u00e5 egnet for aktive katter.<\/p>\n<p><strong>Innhold:<\/strong><br \/>\nFugleprotein**, laksemel (12,0 %), maismel, rismel, majs, animaliskt fett (inkl fugl), potet-flak, kj\u00f8ttmel, risprotein*, solsikkeolja (2,4 %), lignocellulosa(2%), fiskhydrolysat*, betemasse* (avsukret), rapsolja (0,6 %), t\u00f8rkede hela egg, kaliumklorid, gj\u00e6r*, most eple* (0,4%), natriumklorid, gulrot (0,25%), tang, linfr\u00f8\u00a0(0,16%), cikoriapulver (0,15% = 0,1% inulin), yucca schidigera* (0,1%), erter (0,13%), r\u00f8dbetepulver (0,13 %), muslingkj\u00f8tt* (0,05 %), gj\u00e6r* (extrakt, 0,02 % = 0,0032 % MOS), melketistel, artisjokk, l\u00f8vetann, ingef\u00e6r, bj\u00f8rkeblad, brennesle, kamille, koriander, rosmarin (0,013%), salvie, lakrisrot, timian (totalt t\u00f8rkede urter 0,16%). *) t\u00f8rket, **) t\u00f8rket, delvis Hydrolysert.<\/p>\n<p><strong>Analyse:<\/strong><br \/>\nR\u00e5protein 33,0%, r\u00e5fett 15,0%, r\u00e5fiber 3,0%, r\u00e5aske 7,0%, kalsium 1,15%, fosfor 0,95%, natrium 0,6%, kalium 0,65%, magnesium 0,08%, omega 6 fettsyrer 3,5%, omega 3 fett syrer 0,4%<\/p>\n<p><strong>Tilsetningsstoffer:<\/strong><br \/>\nVitaminer \/ kg: Vitamin A (3a672a) 17000 IE, vitamin D3 (3a671) 1000 IE, vitamin E (all-rac-alfa-tokoferolacetat 3a700) 100 mg, vitamin B1 (tiaminmononitrat 3a821) 4 mg, vitamin B2 (riboflavin 3a825ii) 4 mg, vitamin B6 (pyridoksinhydroklorid 3a831) 4 mg, biotin (3a880) 500 mcg, kalsium d-pantothenat (3a841) 10 mg, niacin (3a314) 55 mg, vitamin B12 75 mcg, vitamin C (natriumkalsiumaskorbylfosfat 3a312) 30 mg, kolinklorid (3a890) 60 mg, taurin (3a370) 1000 mg, Sporstoffer \/ kg: jern (jern (II) sulfatmonohydrat 3b103) 105 mg, kobber (kobber (II) sulfatpentahydrat 3b405) 10 mg , sink (sinkoksid 3b603 80 mg, sinkchelat av aminosyrehydrat 3b606 25 mg,) 105 mg, mangan (mangan (II) oksid 3b502) 25 mg, jod (kalsiumjodat , vannfri 3b202) 2 mg, selen (natriumselenitt 3b801) 0,15 mg, Antioksidant , tokoferolrike ekstrakter fra vegetabilske oljer 1b306 (i). Aminosyrer \/ kg: DL-metion<\/p>\n","protected":false},"excerpt":{"rendered":"<p>\u2022\u00a0St\u00f8tter en blank pels \u2022\u00a0H\u00e5rballkontroll \u2022\u00a0Med laks \u2022\u00a0Ogs\u00e5 for aktive katter Happy Cat Atlantic-Laks\u00a0tilbyr kattevennen din et balansert og naturlig kosthold. Skjem bort katten din med lett tolerert laks, deilige erter og deilig rosmarin. Det h\u00f8ye innholdet av r\u00e5fiber bidrar til \u00e5 minimere h\u00e5rkuler. Den fineste laksen gir verdifulle omega 3 og 6 fettsyrer og [&hellip;]<\/p>\n","protected":false},"featured_media":1297,"comment_status":"open","ping_status":"closed","template":"","meta":{"_crdt_document":""},"product_cat":[63,64,65],"product_tag":[30],"class_list":{"0":"post-857","1":"product","2":"type-product","3":"status-publish","4":"has-post-thumbnail","6":"product_cat-katt","7":"product_cat-for","8":"product_cat-torrfor","9":"product_tag-happy-cat","11":"first","12":"outofstock","13":"taxable","14":"shipping-taxable","15":"purchasable","16":"product-type-simple"},"supplier_id":null,"supplier_sku":"","barcode":null,"atum_controlled":true,"out_stock_date":"2024-10-07 19:44:17","out_stock_threshold":null,"inheritable":false,"inbound_stock":0,"stock_on_hold":0,"sold_today":0,"sales_last_days":0,"reserved_stock":0,"customer_returns":0,"warehouse_damage":0,"lost_in_post":0,"other_logs":0,"out_stock_days":557,"lost_sales":0,"has_location":false,"update_date":"2026-04-18T17:36:55","atum_locations":[],"atum_stock_status":"outofstock","restock_status":false,"low_stock_amount":"","sales_update_date":"2026-04-18T17:36:55","calc_backorders":null,"_links":{"self":[{"href":"https:\/\/xn--trrfor-bya.no\/index.php\/wp-json\/wp\/v2\/product\/857","targetHints":{"allow":["GET"]}}],"collection":[{"href":"https:\/\/xn--trrfor-bya.no\/index.php\/wp-json\/wp\/v2\/product"}],"about":[{"href":"https:\/\/xn--trrfor-bya.no\/index.php\/wp-json\/wp\/v2\/types\/product"}],"replies":[{"embeddable":true,"href":"https:\/\/xn--trrfor-bya.no\/index.php\/wp-json\/wp\/v2\/comments?post=857"}],"wp:featuredmedia":[{"embeddable":true,"href":"https:\/\/xn--trrfor-bya.no\/index.php\/wp-json\/wp\/v2\/media\/1297"}],"wp:attachment":[{"href":"https:\/\/xn--trrfor-bya.no\/index.php\/wp-json\/wp\/v2\/media?parent=857"}],"wp:term":[{"taxonomy":"product_cat","embeddable":true,"href":"https:\/\/xn--trrfor-bya.no\/index.php\/wp-json\/wp\/v2\/product_cat?post=857"},{"taxonomy":"product_tag","embeddable":true,"href":"https:\/\/xn--trrfor-bya.no\/index.php\/wp-json\/wp\/v2\/product_tag?post=857"}],"curies":[{"name":"wp","href":"https:\/\/api.w.org\/{rel}","templated":true}]}}