{"id":854,"date":"2024-09-13T11:38:12","date_gmt":"2024-09-13T11:38:12","guid":{"rendered":"https:\/\/testtorr.no\/index.php\/produkt\/happy-cat-care-adult-mage-tarm-2\/"},"modified":"2024-10-18T18:58:15","modified_gmt":"2024-10-18T18:58:15","slug":"happy-cat-care-adult-mage-tarm-2","status":"publish","type":"product","link":"https:\/\/xn--trrfor-bya.no\/index.php\/produkt\/happy-cat-care-adult-mage-tarm-2\/","title":{"rendered":"Happy Cat Care Adult Mage &#038; Tarm"},"content":{"rendered":"<p>Den deilige, lettford\u00f8yelige kombinasjonen av and og ris med ford\u00f8yelige urter &#8211; kamille og lakris &#8211; gir den perfekte st\u00f8tten til kattens ford\u00f8yelseskanal. Dessuten er den glutenfrie formuleringen ideell for optimal balanse i ford\u00f8yelsessystemet.<\/p>\n<p>Happy Cat Care Mage &amp; Tarm er spesielt utviklet for katter med sensitiv ford\u00f8yelse og lindrer belastningen p\u00e5 mage\/tarm kanalen.<\/p>\n<p><strong>Innhold:<\/strong><br \/>\nRis (33%), Andeprotein * (24%),\u00a0kj\u00f8ttmel, oljer og fett, risprotein *, potet *, hydrolisert protein *,\u00a0lignocellulose,\u00a0betemasse * (avsukket),\u00a0kaliumklorid, gj\u00e6r*, natriumklorid, eplerester * (0,4%),\u00a0 gj\u00e6r *, natriumklorid, tang*, sikoripulver (0,16% = 0,1% inulin), linfr\u00f8 (0,16%), yucca schidigera* (0,13%),\u00a0 melketistel, gj\u00e6r* (ekstrakt, 0,02% = 0,0032% MOS),\u00a0artisjokk, l\u00f8vetann, ingef\u00e6r, bj\u00f8rk, brennesle, kamille (0,016\u00a0%), koriander, rosmarin, salvie, lakrisrot (0,008%), timian (t\u00f8rkede urter, totalt: 0,16%)<br \/>\n*) t\u00f8rket<\/p>\n<p><strong>Analyse:<\/strong><br \/>\nR\u00e5protein 34,0 %, r\u00e5fett 14,0 %, r\u00e5fiber 2,5\u00a0%, r\u00e5aske 8\u00a0%, kalsium 1,3 %, fosfor 0,95 %, natrium 0,6 %, kalium 0,65 %, magnesium 0,07\u00a0%, Omega-6 fettsyrer 3,0\u00a0%, omega-3 fettsyrer 0,3\u00a0%<\/p>\n<p><strong>Tilsetningsstoffer:<\/strong><br \/>\nVitaminer \/ kg:<br \/>\nVitamin A (3a672a) 17000 IE, vitamin D3 (3a671) 900 IE, vitamin E (all-rac-alfa-tokoferylacetat 3a700) 125\u00a0mg, Vitamin C (3a312) 30mg, taurin (3a370) 1000mg.<br \/>\n<strong>Sporelementer \/ kg:<\/strong><br \/>\nJern (3b103) 50mg, kobber (3b405) 10mg, sink (3b603, 3b306) 100mg, mangan (3b502)\u00a025mg, jod (3b202) 2mg, selen (3b801) 0,1mg<br \/>\n<strong>Aminosyrer \/ kg:<\/strong><br \/>\nDL-Metionin (3c301) 4000 mg.<\/p>\n","protected":false},"excerpt":{"rendered":"<p>Den deilige, lettford\u00f8yelige kombinasjonen av and og ris med ford\u00f8yelige urter &#8211; kamille og lakris &#8211; gir den perfekte st\u00f8tten til kattens ford\u00f8yelseskanal. Dessuten er den glutenfrie formuleringen ideell for optimal balanse i ford\u00f8yelsessystemet. Happy Cat Care Mage &amp; Tarm er spesielt utviklet for katter med sensitiv ford\u00f8yelse og lindrer belastningen p\u00e5 mage\/tarm kanalen. Innhold: [&hellip;]<\/p>\n","protected":false},"featured_media":1286,"comment_status":"open","ping_status":"closed","template":"","meta":{"_crdt_document":""},"product_cat":[63,64,65],"product_tag":[30],"class_list":{"0":"post-854","1":"product","2":"type-product","3":"status-publish","4":"has-post-thumbnail","6":"product_cat-katt","7":"product_cat-for","8":"product_cat-torrfor","9":"product_tag-happy-cat","11":"first","12":"outofstock","13":"taxable","14":"shipping-taxable","15":"purchasable","16":"product-type-simple"},"supplier_id":null,"supplier_sku":"","barcode":null,"atum_controlled":true,"out_stock_date":"2024-10-07 19:44:17","out_stock_threshold":null,"inheritable":false,"inbound_stock":0,"stock_on_hold":0,"sold_today":0,"sales_last_days":0,"reserved_stock":0,"customer_returns":0,"warehouse_damage":0,"lost_in_post":0,"other_logs":0,"out_stock_days":557,"lost_sales":0,"has_location":false,"update_date":"2026-04-18T17:36:55","atum_locations":[],"atum_stock_status":"outofstock","restock_status":false,"low_stock_amount":"","sales_update_date":"2026-04-18T17:36:55","calc_backorders":null,"_links":{"self":[{"href":"https:\/\/xn--trrfor-bya.no\/index.php\/wp-json\/wp\/v2\/product\/854","targetHints":{"allow":["GET"]}}],"collection":[{"href":"https:\/\/xn--trrfor-bya.no\/index.php\/wp-json\/wp\/v2\/product"}],"about":[{"href":"https:\/\/xn--trrfor-bya.no\/index.php\/wp-json\/wp\/v2\/types\/product"}],"replies":[{"embeddable":true,"href":"https:\/\/xn--trrfor-bya.no\/index.php\/wp-json\/wp\/v2\/comments?post=854"}],"wp:featuredmedia":[{"embeddable":true,"href":"https:\/\/xn--trrfor-bya.no\/index.php\/wp-json\/wp\/v2\/media\/1286"}],"wp:attachment":[{"href":"https:\/\/xn--trrfor-bya.no\/index.php\/wp-json\/wp\/v2\/media?parent=854"}],"wp:term":[{"taxonomy":"product_cat","embeddable":true,"href":"https:\/\/xn--trrfor-bya.no\/index.php\/wp-json\/wp\/v2\/product_cat?post=854"},{"taxonomy":"product_tag","embeddable":true,"href":"https:\/\/xn--trrfor-bya.no\/index.php\/wp-json\/wp\/v2\/product_tag?post=854"}],"curies":[{"name":"wp","href":"https:\/\/api.w.org\/{rel}","templated":true}]}}