{"id":841,"date":"2024-09-13T11:38:10","date_gmt":"2024-09-13T11:38:10","guid":{"rendered":"https:\/\/testtorr.no\/index.php\/produkt\/provit-boksemat-ekstra-energi-185g-2\/"},"modified":"2024-10-20T15:26:28","modified_gmt":"2024-10-20T13:26:28","slug":"provit-boksemat-ekstra-energi-185g-2","status":"publish","type":"product","link":"https:\/\/xn--trrfor-bya.no\/index.php\/produkt\/provit-boksemat-ekstra-energi-185g-2\/","title":{"rendered":"PROVIT Boksemat Ekstra Energi 185g"},"content":{"rendered":"<p>Provit Energi er et tilleggsf\u00f4r som bidrar til \u00e5 \u00f8ke hundens prestasjonsevne. Med denne \u201clunsjboksen\u201d i sekken vil hunden din kunne prestere maksimalt ved fysiske anstrengelser. Lett ford\u00f8yelig fett og proteiner opprettholder hundens energi- og prestasjonsniv\u00e5 under trening, jakt og konkurranser. Provit Energi er popul\u00e6r som snack og \u201cjaktlunsj\u201d. Den passer perfekt som et tilskudd under tur, trening og konkurranse for \u00f8kt energi og utholdenhet.<\/p>\n<p>Provit Energi er en del av aktiv serien, spesielt utviklet for hunder som lever aktive liv.<\/p>\n<p>F\u00f4ret har h\u00f8y smakelighet og er godt egnet som et tilleggsf\u00f4r for matleie hunder som b\u00f8r opp i vekt.<\/p>\n<p>Provit Energi er fin \u00e5 blande ut i vann for \u00e5 \u00f8ke hundens vanninntak og samtidig f\u00e5r hunden den energiboosten den trenger.<\/p>\n<p>Mengde pr. dag tilpasses hundens st\u00f8rrelse og aktivitetsniv\u00e5.<\/p>\n<p><strong>SAMMENSETNING:\u00a0<\/strong><\/p>\n<p>Ferskt kj\u00f8tt og innmat fra svin, kylling og storfe, vann kyllingfett, brun ris, kylling peptider, lakseolje, ertefiber, glycerin, propolis, teknologiske tilsetninger.<\/p>\n<p><strong>TILSATT PR KILO:<\/strong><\/p>\n<p>Vitamin D3 300mg, vitamin E fra all-rac-alpha-tocopherol acatat 140 mg, sink fra sinkoksid 30 mg, mangan fra mangansulfat 2 mg, jod fra kalsiumjodid 0.25 mg.<\/p>\n<p><strong>N\u00c6RINGSINNHOLD:<\/strong><\/p>\n<p>Protein 12%, fett 20%, aske 1,5%, fiber 0,3%, vann 60%, kalsium 0,25%, fosfor 0,2%<\/p>\n<p>Energi (OE kcal\/kg) 2417kg\/447 per boks.<\/p>\n<p><strong>HOLDBARHET:<\/strong><\/p>\n<p>U\u00e5pnet boks i romtemperatur minimum 2 \u00e5r.\u00a0\u00c5pnet boks 3-4 dager i kj\u00f8leskapet.<\/p>\n<p>Om Provit:\u00a0Provit er et kvalitetsf\u00f4r som kan bidra til bedre helse for hunden din. F\u00f4ret er produsert av overskuddet fra norske kj\u00f8ttr\u00e5varer, ved \u00e5 velge Provit bidrar du dermed ogs\u00e5 i kampen mot matsvinn.<\/p>\n<p>Du kan med trygghet og god samvittighet gi hunden din Provit.<\/p>\n","protected":false},"excerpt":{"rendered":"<p>Provit Energi er et tilleggsf\u00f4r som bidrar til \u00e5 \u00f8ke hundens prestasjonsevne. Med denne \u201clunsjboksen\u201d i sekken vil hunden din kunne prestere maksimalt ved fysiske anstrengelser. Lett ford\u00f8yelig fett og proteiner opprettholder hundens energi- og prestasjonsniv\u00e5 under trening, jakt og konkurranser. Provit Energi er popul\u00e6r som snack og \u201cjaktlunsj\u201d. Den passer perfekt som et tilskudd [&hellip;]<\/p>\n","protected":false},"featured_media":174,"comment_status":"open","ping_status":"closed","template":"","meta":{"_crdt_document":""},"product_cat":[22,51],"product_tag":[29],"class_list":{"0":"post-841","1":"product","2":"type-product","3":"status-publish","4":"has-post-thumbnail","6":"product_cat-hund","7":"product_cat-vatfor","8":"product_tag-provit","10":"first","11":"instock","12":"taxable","13":"shipping-taxable","14":"purchasable","15":"product-type-simple"},"supplier_id":null,"supplier_sku":"","barcode":null,"atum_controlled":true,"out_stock_date":null,"out_stock_threshold":null,"inheritable":false,"inbound_stock":0,"stock_on_hold":0,"sold_today":0,"sales_last_days":0,"reserved_stock":0,"customer_returns":0,"warehouse_damage":0,"lost_in_post":0,"other_logs":0,"out_stock_days":0,"lost_sales":0,"has_location":false,"update_date":"2026-04-18T17:36:55","atum_locations":[],"atum_stock_status":"instock","restock_status":false,"low_stock_amount":"","sales_update_date":"2026-04-18T17:36:55","calc_backorders":null,"_links":{"self":[{"href":"https:\/\/xn--trrfor-bya.no\/index.php\/wp-json\/wp\/v2\/product\/841","targetHints":{"allow":["GET"]}}],"collection":[{"href":"https:\/\/xn--trrfor-bya.no\/index.php\/wp-json\/wp\/v2\/product"}],"about":[{"href":"https:\/\/xn--trrfor-bya.no\/index.php\/wp-json\/wp\/v2\/types\/product"}],"replies":[{"embeddable":true,"href":"https:\/\/xn--trrfor-bya.no\/index.php\/wp-json\/wp\/v2\/comments?post=841"}],"wp:featuredmedia":[{"embeddable":true,"href":"https:\/\/xn--trrfor-bya.no\/index.php\/wp-json\/wp\/v2\/media\/174"}],"wp:attachment":[{"href":"https:\/\/xn--trrfor-bya.no\/index.php\/wp-json\/wp\/v2\/media?parent=841"}],"wp:term":[{"taxonomy":"product_cat","embeddable":true,"href":"https:\/\/xn--trrfor-bya.no\/index.php\/wp-json\/wp\/v2\/product_cat?post=841"},{"taxonomy":"product_tag","embeddable":true,"href":"https:\/\/xn--trrfor-bya.no\/index.php\/wp-json\/wp\/v2\/product_tag?post=841"}],"curies":[{"name":"wp","href":"https:\/\/api.w.org\/{rel}","templated":true}]}}