{"id":837,"date":"2024-09-13T11:38:10","date_gmt":"2024-09-13T11:38:10","guid":{"rendered":"https:\/\/testtorr.no\/index.php\/produkt\/happy-dog-fit-vital-mini-puppy-2\/"},"modified":"2024-10-18T12:28:48","modified_gmt":"2024-10-18T12:28:48","slug":"happy-dog-fit-vital-mini-puppy-2","status":"publish","type":"product","link":"https:\/\/xn--trrfor-bya.no\/index.php\/produkt\/happy-dog-fit-vital-mini-puppy-2\/","title":{"rendered":"Happy Dog Fit &#038; Vital Mini Puppy"},"content":{"rendered":"<p>Glutenfritt fullf\u00f4r til valper og unghunder av sm\u00e5 raser.<\/p>\n<p>Happy Dog fit &amp; vital Mini Puppy er et spesielt balansert fullf\u00f4r for valper fra f\u00f8rste m\u00e5ned. Det er det perfekte f\u00f4ret for sk\u00e5nsom, problemfri f\u00f4ring av valper av sm\u00e5 raser, selv sensitive, opp til 10 kg voksenvekt. Den hvetefrie formuleringen tilbyr et balansert utvalg av fem spesielt utvalgte h\u00f8ykvalitets animalske proteiner \u2013 godt tolerert lam, lett ford\u00f8yelig fj\u00e6rkre, solid storfekj\u00f8tt, n\u00e6rende fisk og kvalitets eggprotein s\u00f8rger for balansert vekst og optimal utvikling. Verdifulle newzealandske bl\u00e5skjell bidrar til optimal utvikling av valpens bevegelsessystem. Kalsium og vitamin D3 spiller en stor rolle i \u00e5 utvikle kroppsstyrke og sunne bein. Omega 3 og Omega 6 fettsyrer fra fisk og linfr\u00f8 gir en blank pels og sunn hud. I tillegg st\u00f8tter linfr\u00f8 kombinert med et kompleks av vitale elementer fra spesialgj\u00e6r, antioksidanter og urter mage-tarmsystemet og tarmkanalen.<\/p>\n<p>\u2022\u00a0Balansert utvalg av proteiner<br \/>\n\u2022\u00a0Glutenfri<br \/>\n\u2022\u00a0Sm\u00e5 knotter<br \/>\n\u2022\u00a0Lett ford\u00f8yelig<\/p>\n<p><strong>Innhold:<\/strong><br \/>\nAnimalske proteiner* (fj\u00e6rfe 21 %, lam 5 %), maismel, ris, oljer og fett, kj\u00f8ttmel, mais, fiskemel (5 %, hvorav 50 % laksemel), betemasse* (avsukket), hydrolysert protein , eplerester*, cellulose, kaliumklorid, gj\u00e6r*, natriumklorid, t\u00f8rket hele egg (0,2 %), tang*, linfr\u00f8 (0,15 %), psylliumskall, gj\u00e6r* (ekstrakt), bl\u00e5skjellkj\u00f8tt* (0,04 %), yucca schidigera*, melketistel, artisjokk, l\u00f8vetann, ingef\u00e6r (0,015 %), bj\u00f8rkeblader, brennesle, kamille, koriander, rosmarin, salvie, lakrisrot, timian (totalt t\u00f8rkede urter: 0,15 %)<\/p>\n<p>*) t\u00f8rket<\/p>\n<p><strong>Analyse:<\/strong><br \/>\nR\u00e5protein 30,0 %, r\u00e5fett 16,0 %, r\u00e5fiber 2,5 %, r\u00e5aske 7,5 %, kalsium 1,45 %, fosfor 1,1 %, natrium 0,35 %, omega 6 fettsyrer 3,5 %, omega 3 % fettsyrer 0.<\/p>\n<p><strong>Tilsetningsstoffer:<\/strong><br \/>\n<strong>Vitaminer\/kg:<\/strong><br \/>\nVitamin A (3a672a) 18000 IE, vitamin D3 (3a671) 950 IE, vitamin E (som 3a700) 130 mg, vitamin C (som 3a312) 30 mg<br \/>\n<strong>Sporelementer\/kg:<\/strong><br \/>\nJern (som 3b103) 65 mg, kobber (som 3b405) 14 mg, sink (som 3b603, 3b606) 125 mg, mangan (som 3b502) 29 mg, jod (som 3b202) 2,5 mg, selenitt 5b08 mg (5b08 mg)<br \/>\n<strong>Aminosyrer\/kg:<\/strong><br \/>\nL-tryptofan (3c440) 900 mg<br \/>\nAntioksidant, tokoferolrike ekstrakter fra planteoljer 1b306(i)<\/p>\n","protected":false},"excerpt":{"rendered":"<p>Glutenfritt fullf\u00f4r til valper og unghunder av sm\u00e5 raser. Happy Dog fit &amp; vital Mini Puppy er et spesielt balansert fullf\u00f4r for valper fra f\u00f8rste m\u00e5ned. Det er det perfekte f\u00f4ret for sk\u00e5nsom, problemfri f\u00f4ring av valper av sm\u00e5 raser, selv sensitive, opp til 10 kg voksenvekt. Den hvetefrie formuleringen tilbyr et balansert utvalg av [&hellip;]<\/p>\n","protected":false},"featured_media":262,"comment_status":"open","ping_status":"closed","template":"","meta":{"_crdt_document":""},"product_cat":[22,23,46,49],"product_tag":[28],"class_list":{"0":"post-837","1":"product","2":"type-product","3":"status-publish","4":"has-post-thumbnail","6":"product_cat-hund","7":"product_cat-torrfor-hund","8":"product_cat-46","9":"product_cat-hdmini","10":"product_tag-happy-dog","12":"first","13":"instock","14":"taxable","15":"shipping-taxable","16":"purchasable","17":"product-type-variable","18":"has-default-attributes"},"supplier_id":null,"supplier_sku":"","barcode":null,"atum_controlled":true,"out_stock_date":null,"out_stock_threshold":null,"inheritable":false,"inbound_stock":0,"stock_on_hold":0,"sold_today":0,"sales_last_days":0,"reserved_stock":0,"customer_returns":0,"warehouse_damage":0,"lost_in_post":0,"other_logs":0,"out_stock_days":0,"lost_sales":0,"has_location":false,"update_date":"2026-04-18T17:36:55","atum_locations":[],"atum_stock_status":"instock","restock_status":false,"low_stock_amount":"","sales_update_date":"2026-04-18T17:36:55","calc_backorders":null,"_links":{"self":[{"href":"https:\/\/xn--trrfor-bya.no\/index.php\/wp-json\/wp\/v2\/product\/837","targetHints":{"allow":["GET"]}}],"collection":[{"href":"https:\/\/xn--trrfor-bya.no\/index.php\/wp-json\/wp\/v2\/product"}],"about":[{"href":"https:\/\/xn--trrfor-bya.no\/index.php\/wp-json\/wp\/v2\/types\/product"}],"replies":[{"embeddable":true,"href":"https:\/\/xn--trrfor-bya.no\/index.php\/wp-json\/wp\/v2\/comments?post=837"}],"wp:featuredmedia":[{"embeddable":true,"href":"https:\/\/xn--trrfor-bya.no\/index.php\/wp-json\/wp\/v2\/media\/262"}],"wp:attachment":[{"href":"https:\/\/xn--trrfor-bya.no\/index.php\/wp-json\/wp\/v2\/media?parent=837"}],"wp:term":[{"taxonomy":"product_cat","embeddable":true,"href":"https:\/\/xn--trrfor-bya.no\/index.php\/wp-json\/wp\/v2\/product_cat?post=837"},{"taxonomy":"product_tag","embeddable":true,"href":"https:\/\/xn--trrfor-bya.no\/index.php\/wp-json\/wp\/v2\/product_tag?post=837"}],"curies":[{"name":"wp","href":"https:\/\/api.w.org\/{rel}","templated":true}]}}