{"id":832,"date":"2024-09-13T11:38:08","date_gmt":"2024-09-13T11:38:08","guid":{"rendered":"https:\/\/testtorr.no\/index.php\/produkt\/goood-vatfor-adult-orret-400g-2\/"},"modified":"2024-10-08T16:42:48","modified_gmt":"2024-10-08T16:42:48","slug":"goood-vatfor-adult-orret-400g-2","status":"publish","type":"product","link":"https:\/\/xn--trrfor-bya.no\/index.php\/produkt\/goood-vatfor-adult-orret-400g-2\/","title":{"rendered":"Goood v\u00e5tf\u00f4r Adult \u00d8rret 400g"},"content":{"rendered":"<p>Oppskriftene p\u00e5 Goood v\u00e5tf\u00f4r er helt naturlige: om det er lam, kylling eller kalkun &#8211; v\u00e5r ferske mat kommer fra frittg\u00e5ende oppdrett, pluss gr\u00f8nnsaker fra \u00f8kologisk jordbruk. Akkurat det din kj\u00e6re trenger for et balansert kosthold. Enten som fullf\u00f4r eller for \u00e5 blande: begge smaker godt.<br \/>For \u00e5 beskytte planeten v\u00e5r er Goood-emballasjen milj\u00f8vennlig.<\/p>\n<p>\u2022 Med deilig \u00f8rret fra b\u00e6rekraftig havbruk.<br \/>\u2022 H\u00f8y andel regionale r\u00e5varer.<br \/>\u2022 Sk\u00e5nsom forberedelse.<br \/>\u2022 Bra for hud og pels.<\/p>\n<p><strong>Innhold:<\/strong><br \/>\u00d8rret (92,5%), potet, pastinakk (2%), linfr\u00f8 (2%), persille (0,5%), solsikkeolje (0,5%), rapsolje<\/p>\n<p><strong>Analyse:<\/strong><br \/>R\u00e5protein 9,8% Bra for vekst, muskler, cellestruktur, helse og immunsystem<br \/>R\u00e5 fett 6,9% Gir energi. Inneholder essensielle fettsyrer. St\u00f8tter absorpsjon av fettl\u00f8selige vitaminer<br \/>R\u00e5 fiber 1,0% Bra for ford\u00f8yelse og tarmflora. Inneholder fiber<br \/>R\u00e5 aske 1,0% Beskriver andelen mineraler og sporstoffer<br \/>Kalsium 0,4% Bra for bein og tenner, nervefunksjoner og blodpropp. Aktiverer enzymer og hormoner<br \/>Fosfor 0,3% Bra for utvikling av bein og tenner og stoffskiftet. Energi til cellene<br \/>Fuktighet 79.9%<\/p>\n","protected":false},"excerpt":{"rendered":"<p>Oppskriftene p\u00e5 Goood v\u00e5tf\u00f4r er helt naturlige: om det er lam, kylling eller kalkun &#8211; v\u00e5r ferske mat kommer fra frittg\u00e5ende oppdrett, pluss gr\u00f8nnsaker fra \u00f8kologisk jordbruk. Akkurat det din kj\u00e6re trenger for et balansert kosthold. Enten som fullf\u00f4r eller for \u00e5 blande: begge smaker godt.For \u00e5 beskytte planeten v\u00e5r er Goood-emballasjen milj\u00f8vennlig. \u2022 Med [&hellip;]<\/p>\n","protected":false},"featured_media":0,"comment_status":"open","ping_status":"closed","template":"","meta":{"_crdt_document":""},"product_cat":[22,51,15],"product_tag":[41],"class_list":{"0":"post-832","1":"product","2":"type-product","3":"status-publish","5":"product_cat-hund","6":"product_cat-vatfor","7":"product_cat-ukategorisert","8":"product_tag-goood","10":"first","11":"outofstock","12":"taxable","13":"shipping-taxable","14":"purchasable","15":"product-type-simple"},"supplier_id":null,"supplier_sku":"","barcode":null,"atum_controlled":true,"out_stock_date":"2024-10-08 16:42:48","out_stock_threshold":null,"inheritable":false,"inbound_stock":0,"stock_on_hold":0,"sold_today":0,"sales_last_days":0,"reserved_stock":0,"customer_returns":0,"warehouse_damage":0,"lost_in_post":0,"other_logs":0,"out_stock_days":557,"lost_sales":0,"has_location":false,"update_date":"2026-04-18T17:36:55","atum_locations":[],"atum_stock_status":"outofstock","restock_status":false,"low_stock_amount":"","sales_update_date":"2026-04-18T17:36:55","calc_backorders":null,"_links":{"self":[{"href":"https:\/\/xn--trrfor-bya.no\/index.php\/wp-json\/wp\/v2\/product\/832","targetHints":{"allow":["GET"]}}],"collection":[{"href":"https:\/\/xn--trrfor-bya.no\/index.php\/wp-json\/wp\/v2\/product"}],"about":[{"href":"https:\/\/xn--trrfor-bya.no\/index.php\/wp-json\/wp\/v2\/types\/product"}],"replies":[{"embeddable":true,"href":"https:\/\/xn--trrfor-bya.no\/index.php\/wp-json\/wp\/v2\/comments?post=832"}],"wp:attachment":[{"href":"https:\/\/xn--trrfor-bya.no\/index.php\/wp-json\/wp\/v2\/media?parent=832"}],"wp:term":[{"taxonomy":"product_cat","embeddable":true,"href":"https:\/\/xn--trrfor-bya.no\/index.php\/wp-json\/wp\/v2\/product_cat?post=832"},{"taxonomy":"product_tag","embeddable":true,"href":"https:\/\/xn--trrfor-bya.no\/index.php\/wp-json\/wp\/v2\/product_tag?post=832"}],"curies":[{"name":"wp","href":"https:\/\/api.w.org\/{rel}","templated":true}]}}