{"id":807,"date":"2024-09-13T11:38:04","date_gmt":"2024-09-13T11:38:04","guid":{"rendered":"https:\/\/testtorr.no\/index.php\/produkt\/oyerens-trixie-50ml-2\/"},"modified":"2024-10-06T14:14:33","modified_gmt":"2024-10-06T14:14:33","slug":"oyerens-trixie-50ml-2","status":"publish","type":"product","link":"https:\/\/xn--trrfor-bya.no\/index.php\/produkt\/oyerens-trixie-50ml-2\/","title":{"rendered":"\u00d8yerens Trixie 50ml"},"content":{"rendered":"<p>\u2022 For hunder, katter og andre sm\u00e5 dyr<\/p>\n<p>\u2022 Forsiktig og rengj\u00f8ring<\/p>\n<p>\u2022 Renser \u00f8yeomr\u00e5det forsiktig for st\u00f8v og skitt<\/p>\n<p>&nbsp;<\/p>\n<p>\u00d8yerensen brukes ved \u00e5 p\u00e5f\u00f8re v\u00e6sken p\u00e5 en bomullspad og som s\u00e5 brukes til \u00e5 vaske rundt \u00f8yet.<\/p>\n<p>dette er ikke v\u00e6ske som skal p\u00e5f\u00f8res direkte p\u00e5 \u00f8yet.<\/p>\n","protected":false},"excerpt":{"rendered":"<p>\u2022 For hunder, katter og andre sm\u00e5 dyr \u2022 Forsiktig og rengj\u00f8ring \u2022 Renser \u00f8yeomr\u00e5det forsiktig for st\u00f8v og skitt &nbsp; \u00d8yerensen brukes ved \u00e5 p\u00e5f\u00f8re v\u00e6sken p\u00e5 en bomullspad og som s\u00e5 brukes til \u00e5 vaske rundt \u00f8yet. dette er ikke v\u00e6ske som skal p\u00e5f\u00f8res direkte p\u00e5 \u00f8yet.<\/p>\n","protected":false},"featured_media":1110,"comment_status":"open","ping_status":"closed","template":"","meta":{"_crdt_document":""},"product_cat":[53],"product_tag":[31],"class_list":{"0":"post-807","1":"product","2":"type-product","3":"status-publish","4":"has-post-thumbnail","6":"product_cat-medisinsk-og-tilskudd","7":"product_tag-trixie","9":"first","10":"instock","11":"taxable","12":"shipping-taxable","13":"purchasable","14":"product-type-simple"},"supplier_id":null,"supplier_sku":"","barcode":null,"atum_controlled":true,"out_stock_date":null,"out_stock_threshold":null,"inheritable":false,"inbound_stock":0,"stock_on_hold":0,"sold_today":0,"sales_last_days":0,"reserved_stock":0,"customer_returns":0,"warehouse_damage":0,"lost_in_post":0,"other_logs":0,"out_stock_days":0,"lost_sales":0,"has_location":false,"update_date":"2026-04-18T17:36:55","atum_locations":[],"atum_stock_status":"instock","restock_status":false,"low_stock_amount":"","sales_update_date":"2026-04-18T17:36:55","calc_backorders":null,"_links":{"self":[{"href":"https:\/\/xn--trrfor-bya.no\/index.php\/wp-json\/wp\/v2\/product\/807","targetHints":{"allow":["GET"]}}],"collection":[{"href":"https:\/\/xn--trrfor-bya.no\/index.php\/wp-json\/wp\/v2\/product"}],"about":[{"href":"https:\/\/xn--trrfor-bya.no\/index.php\/wp-json\/wp\/v2\/types\/product"}],"replies":[{"embeddable":true,"href":"https:\/\/xn--trrfor-bya.no\/index.php\/wp-json\/wp\/v2\/comments?post=807"}],"wp:featuredmedia":[{"embeddable":true,"href":"https:\/\/xn--trrfor-bya.no\/index.php\/wp-json\/wp\/v2\/media\/1110"}],"wp:attachment":[{"href":"https:\/\/xn--trrfor-bya.no\/index.php\/wp-json\/wp\/v2\/media?parent=807"}],"wp:term":[{"taxonomy":"product_cat","embeddable":true,"href":"https:\/\/xn--trrfor-bya.no\/index.php\/wp-json\/wp\/v2\/product_cat?post=807"},{"taxonomy":"product_tag","embeddable":true,"href":"https:\/\/xn--trrfor-bya.no\/index.php\/wp-json\/wp\/v2\/product_tag?post=807"}],"curies":[{"name":"wp","href":"https:\/\/api.w.org\/{rel}","templated":true}]}}