{"id":804,"date":"2024-09-13T11:38:04","date_gmt":"2024-09-13T11:38:04","guid":{"rendered":"https:\/\/testtorr.no\/index.php\/produkt\/chipscanner-oppladbar-2\/"},"modified":"2024-10-06T14:14:33","modified_gmt":"2024-10-06T14:14:33","slug":"chipscanner-oppladbar-2","status":"publish","type":"product","link":"https:\/\/xn--trrfor-bya.no\/index.php\/produkt\/chipscanner-oppladbar-2\/","title":{"rendered":"Chipscanner oppladbar"},"content":{"rendered":"<p>Bestillingsvare, kan ta noe tid f\u00f8r varen sendes.<\/p>\n<p>Chipscanner som scanner og viser nummeret p\u00e5 chipen til dyret som scanner. Meget hendig enten man er dommer i ulike NJFF\/NKK grener.<\/p>\n<p>&nbsp;<\/p>\n<p>Meget kjekk om du ogs\u00e5 \u00f8nsker \u00e5 hjelpe andre med \u00e5 spore opp eier dersom du finner l\u00f8se dyr.<\/p>\n<p>&nbsp;<\/p>\n<p>&nbsp;<\/p>\n<p>Enheten leveres med usb-c ladekabel, slik at du kan lade den opp slik at den alltid er klar for utfordringer.<\/p>\n<p>Enheten lager en meget praktisk og kort pipelyd n\u00e5r den har funnet en chip.<\/p>\n<p>&nbsp;<\/p>\n<p>&nbsp;<\/p>\n<p>&nbsp;<\/p>\n","protected":false},"excerpt":{"rendered":"<p>Bestillingsvare, kan ta noe tid f\u00f8r varen sendes. Chipscanner som scanner og viser nummeret p\u00e5 chipen til dyret som scanner. Meget hendig enten man er dommer i ulike NJFF\/NKK grener. &nbsp; Meget kjekk om du ogs\u00e5 \u00f8nsker \u00e5 hjelpe andre med \u00e5 spore opp eier dersom du finner l\u00f8se dyr. &nbsp; &nbsp; Enheten leveres med [&hellip;]<\/p>\n","protected":false},"featured_media":0,"comment_status":"open","ping_status":"closed","template":"","meta":{"_crdt_document":""},"product_cat":[15],"product_tag":[],"class_list":{"0":"post-804","1":"product","2":"type-product","3":"status-publish","5":"product_cat-ukategorisert","7":"first","8":"outofstock","9":"taxable","10":"shipping-taxable","11":"purchasable","12":"product-type-simple"},"supplier_id":null,"supplier_sku":"","barcode":null,"atum_controlled":true,"out_stock_date":null,"out_stock_threshold":null,"inheritable":false,"inbound_stock":0,"stock_on_hold":0,"sold_today":0,"sales_last_days":0,"reserved_stock":0,"customer_returns":0,"warehouse_damage":0,"lost_in_post":0,"other_logs":0,"out_stock_days":0,"lost_sales":0,"has_location":false,"update_date":"2026-04-18T17:36:55","atum_locations":[],"atum_stock_status":"outofstock","restock_status":false,"low_stock_amount":"","sales_update_date":"2026-04-18T17:36:55","calc_backorders":null,"_links":{"self":[{"href":"https:\/\/xn--trrfor-bya.no\/index.php\/wp-json\/wp\/v2\/product\/804","targetHints":{"allow":["GET"]}}],"collection":[{"href":"https:\/\/xn--trrfor-bya.no\/index.php\/wp-json\/wp\/v2\/product"}],"about":[{"href":"https:\/\/xn--trrfor-bya.no\/index.php\/wp-json\/wp\/v2\/types\/product"}],"replies":[{"embeddable":true,"href":"https:\/\/xn--trrfor-bya.no\/index.php\/wp-json\/wp\/v2\/comments?post=804"}],"wp:attachment":[{"href":"https:\/\/xn--trrfor-bya.no\/index.php\/wp-json\/wp\/v2\/media?parent=804"}],"wp:term":[{"taxonomy":"product_cat","embeddable":true,"href":"https:\/\/xn--trrfor-bya.no\/index.php\/wp-json\/wp\/v2\/product_cat?post=804"},{"taxonomy":"product_tag","embeddable":true,"href":"https:\/\/xn--trrfor-bya.no\/index.php\/wp-json\/wp\/v2\/product_tag?post=804"}],"curies":[{"name":"wp","href":"https:\/\/api.w.org\/{rel}","templated":true}]}}