{"id":803,"date":"2024-09-13T11:38:03","date_gmt":"2024-09-13T11:38:03","guid":{"rendered":"https:\/\/testtorr.no\/index.php\/produkt\/provit-frossent-vom-m-vitamin-3-kg-2\/"},"modified":"2024-10-18T12:41:42","modified_gmt":"2024-10-18T12:41:42","slug":"provit-frossent-vom-m-vitamin-3-kg-2","status":"publish","type":"product","link":"https:\/\/xn--trrfor-bya.no\/index.php\/produkt\/provit-frossent-vom-m-vitamin-3-kg-2\/","title":{"rendered":"PROVIT Frossent Vom m\/vitamin 3 kg"},"content":{"rendered":"<p>Provit Frossen sendes desverre ikke, m\u00e5 hentes eller leveres<\/p>\n<p>&nbsp;<\/p>\n<p>Ingredienser:<\/p>\n<p>Dypfryst storfevom fra Norge<\/p>\n<p>120gr PROVIT Vitamintilskudd<\/p>\n<p>N\u00e6ringsinnhold pr 100 gram:<\/p>\n<p>Energi ca 200 kcal<\/p>\n<p>Protein 14g<\/p>\n<p>Fett 16g<\/p>\n<p>Holdbarhet:<\/p>\n<p>1-2 d\u00f8gn i kj\u00f8leskap<\/p>\n<p>I dypfryser (-18\u00b0C) se best f\u00f8r dato p\u00e5 pakken<\/p>\n<p>1 gr. PROVIT Vitamintilskudd inneholder:<\/p>\n<p>Vitamin A 140 i.e.<\/p>\n<p>Vitamin D3 15 i.e.<\/p>\n<p>Vitamin E 12,5 mg<\/p>\n<p>Vitamin B1 60 mcg<\/p>\n<p>Vitamin B2 60 mcg<\/p>\n<p>Vitamin B6 30 mcg<\/p>\n<p>Niacin 280 mcg<\/p>\n<p>Panthothensyre 70 mcg<\/p>\n<p>Vitamin B12 1 mcg<\/p>\n<p>Biotin 1,4 mcg<\/p>\n<p>Kalium 3,0 mg<\/p>\n<p>Natrium 6,0 mg<\/p>\n<p>Zink 164 mcg<\/p>\n<p>Jern 460 mcg<\/p>\n<p>Mangan 157 mcg<\/p>\n<p>Kobolt 36 mcg<\/p>\n<p>Kobber 85 mcg<\/p>\n<p>Jod 45 mcg<\/p>\n<p>Vitamin C 10 mg<\/p>\n<p>Magnesium 6,3 mg<\/p>\n<p>Kalcium 204 mg<\/p>\n<p>Fosfor 77 mg<\/p>\n","protected":false},"excerpt":{"rendered":"<p>Provit Frossen sendes desverre ikke, m\u00e5 hentes eller leveres &nbsp; Ingredienser: Dypfryst storfevom fra Norge 120gr PROVIT Vitamintilskudd N\u00e6ringsinnhold pr 100 gram: Energi ca 200 kcal Protein 14g Fett 16g Holdbarhet: 1-2 d\u00f8gn i kj\u00f8leskap I dypfryser (-18\u00b0C) se best f\u00f8r dato p\u00e5 pakken 1 gr. PROVIT Vitamintilskudd inneholder: Vitamin A 140 i.e. Vitamin D3 [&hellip;]<\/p>\n","protected":false},"featured_media":308,"comment_status":"open","ping_status":"closed","template":"","meta":{"_crdt_document":""},"product_cat":[22,52],"product_tag":[29],"class_list":{"0":"post-803","1":"product","2":"type-product","3":"status-publish","4":"has-post-thumbnail","6":"product_cat-hund","7":"product_cat-rafor","8":"product_tag-provit","10":"first","11":"outofstock","12":"taxable","13":"shipping-taxable","14":"purchasable","15":"product-type-simple"},"supplier_id":null,"supplier_sku":"","barcode":null,"atum_controlled":true,"out_stock_date":null,"out_stock_threshold":null,"inheritable":false,"inbound_stock":0,"stock_on_hold":0,"sold_today":0,"sales_last_days":0,"reserved_stock":0,"customer_returns":0,"warehouse_damage":0,"lost_in_post":0,"other_logs":0,"out_stock_days":0,"lost_sales":0,"has_location":false,"update_date":"2026-04-18T17:36:55","atum_locations":[],"atum_stock_status":"outofstock","restock_status":false,"low_stock_amount":"","sales_update_date":"2026-04-18T17:36:55","calc_backorders":null,"_links":{"self":[{"href":"https:\/\/xn--trrfor-bya.no\/index.php\/wp-json\/wp\/v2\/product\/803","targetHints":{"allow":["GET"]}}],"collection":[{"href":"https:\/\/xn--trrfor-bya.no\/index.php\/wp-json\/wp\/v2\/product"}],"about":[{"href":"https:\/\/xn--trrfor-bya.no\/index.php\/wp-json\/wp\/v2\/types\/product"}],"replies":[{"embeddable":true,"href":"https:\/\/xn--trrfor-bya.no\/index.php\/wp-json\/wp\/v2\/comments?post=803"}],"wp:featuredmedia":[{"embeddable":true,"href":"https:\/\/xn--trrfor-bya.no\/index.php\/wp-json\/wp\/v2\/media\/308"}],"wp:attachment":[{"href":"https:\/\/xn--trrfor-bya.no\/index.php\/wp-json\/wp\/v2\/media?parent=803"}],"wp:term":[{"taxonomy":"product_cat","embeddable":true,"href":"https:\/\/xn--trrfor-bya.no\/index.php\/wp-json\/wp\/v2\/product_cat?post=803"},{"taxonomy":"product_tag","embeddable":true,"href":"https:\/\/xn--trrfor-bya.no\/index.php\/wp-json\/wp\/v2\/product_tag?post=803"}],"curies":[{"name":"wp","href":"https:\/\/api.w.org\/{rel}","templated":true}]}}