{"id":802,"date":"2024-09-13T11:38:03","date_gmt":"2024-09-13T11:38:03","guid":{"rendered":"https:\/\/testtorr.no\/index.php\/produkt\/provit-frossent-oksekjott-m-vitamin-3-kg-2\/"},"modified":"2024-10-18T12:48:24","modified_gmt":"2024-10-18T12:48:24","slug":"provit-frossent-oksekjott-m-vitamin-3-kg-2","status":"publish","type":"product","link":"https:\/\/xn--trrfor-bya.no\/index.php\/produkt\/provit-frossent-oksekjott-m-vitamin-3-kg-2\/","title":{"rendered":"PROVIT Frossent Oksekj\u00f8tt m\/vitamin 3 kg"},"content":{"rendered":"<p>Provit Frossen sendes desverre ikke, m\u00e5 hentes eller leveres<\/p>\n<p>&nbsp;<\/p>\n<p>Ingredienser:<br \/>\nDypfryst storfekj\u00f8tt fra Norge<br \/>\n120gr PROVIT Vitamintilskudd<\/p>\n<p>N\u00e6ringsinnhold pr 100 gram:<br \/>\nEnergi ca 200 kcal<br \/>\nProtein 14g<br \/>\nFett 16g<\/p>\n<p>Holdbarhet:<br \/>\n1-2 d\u00f8gn i kj\u00f8leskap<br \/>\nI dypfryser (-18\u00b0C) se best f\u00f8r dato p\u00e5 pakken<\/p>\n<p>1 gr. PROVIT Vitamintilskudd inneholder:<br \/>\nVitamin A 140 i.e.<br \/>\nVitamin D3 15 i.e.<br \/>\nVitamin E 12,5 mg<br \/>\nVitamin B1 60 mcg<br \/>\nVitamin B2 60 mcg<br \/>\nVitamin B6 30 mcg<br \/>\nNiacin 280 mcg<br \/>\nPanthothensyre 70 mcg<br \/>\nVitamin B12 1 mcg<br \/>\nBiotin 1,4 mcg<br \/>\nKalium 3,0 mg<br \/>\nNatrium 6,0 mg<br \/>\nZink 164 mcg<br \/>\nJern 460 mcg<br \/>\nMangan 157 mcg<br \/>\nKobolt 36 mcg<br \/>\nKobber 85 mcg<br \/>\nJod 45 mcg<br \/>\nVitamin C 10 mg<br \/>\nMagnesium 6,3 mg<br \/>\nKalcium 204 mg<br \/>\nFosfor 77 mg<\/p>\n","protected":false},"excerpt":{"rendered":"<p>Provit Frossen sendes desverre ikke, m\u00e5 hentes eller leveres &nbsp; Ingredienser: Dypfryst storfekj\u00f8tt fra Norge 120gr PROVIT Vitamintilskudd N\u00e6ringsinnhold pr 100 gram: Energi ca 200 kcal Protein 14g Fett 16g Holdbarhet: 1-2 d\u00f8gn i kj\u00f8leskap I dypfryser (-18\u00b0C) se best f\u00f8r dato p\u00e5 pakken 1 gr. PROVIT Vitamintilskudd inneholder: Vitamin A 140 i.e. Vitamin D3 [&hellip;]<\/p>\n","protected":false},"featured_media":1256,"comment_status":"open","ping_status":"closed","template":"","meta":{"_crdt_document":""},"product_cat":[22,52],"product_tag":[29],"class_list":{"0":"post-802","1":"product","2":"type-product","3":"status-publish","4":"has-post-thumbnail","6":"product_cat-hund","7":"product_cat-rafor","8":"product_tag-provit","10":"first","11":"instock","12":"taxable","13":"shipping-taxable","14":"purchasable","15":"product-type-simple"},"supplier_id":null,"supplier_sku":"","barcode":null,"atum_controlled":true,"out_stock_date":null,"out_stock_threshold":null,"inheritable":false,"inbound_stock":0,"stock_on_hold":0,"sold_today":0,"sales_last_days":0,"reserved_stock":0,"customer_returns":0,"warehouse_damage":0,"lost_in_post":0,"other_logs":0,"out_stock_days":0,"lost_sales":0,"has_location":false,"update_date":"2026-04-18T17:36:55","atum_locations":[],"atum_stock_status":"instock","restock_status":false,"low_stock_amount":"","sales_update_date":"2026-04-18T17:36:55","calc_backorders":null,"_links":{"self":[{"href":"https:\/\/xn--trrfor-bya.no\/index.php\/wp-json\/wp\/v2\/product\/802","targetHints":{"allow":["GET"]}}],"collection":[{"href":"https:\/\/xn--trrfor-bya.no\/index.php\/wp-json\/wp\/v2\/product"}],"about":[{"href":"https:\/\/xn--trrfor-bya.no\/index.php\/wp-json\/wp\/v2\/types\/product"}],"replies":[{"embeddable":true,"href":"https:\/\/xn--trrfor-bya.no\/index.php\/wp-json\/wp\/v2\/comments?post=802"}],"wp:featuredmedia":[{"embeddable":true,"href":"https:\/\/xn--trrfor-bya.no\/index.php\/wp-json\/wp\/v2\/media\/1256"}],"wp:attachment":[{"href":"https:\/\/xn--trrfor-bya.no\/index.php\/wp-json\/wp\/v2\/media?parent=802"}],"wp:term":[{"taxonomy":"product_cat","embeddable":true,"href":"https:\/\/xn--trrfor-bya.no\/index.php\/wp-json\/wp\/v2\/product_cat?post=802"},{"taxonomy":"product_tag","embeddable":true,"href":"https:\/\/xn--trrfor-bya.no\/index.php\/wp-json\/wp\/v2\/product_tag?post=802"}],"curies":[{"name":"wp","href":"https:\/\/api.w.org\/{rel}","templated":true}]}}