{"id":798,"date":"2024-09-13T11:38:03","date_gmt":"2024-09-13T11:38:03","guid":{"rendered":"https:\/\/testtorr.no\/index.php\/produkt\/provit-frysetorket-vom-1kg-2\/"},"modified":"2024-10-08T16:38:38","modified_gmt":"2024-10-08T16:38:38","slug":"provit-frysetorket-vom-1kg-2","status":"publish","type":"product","link":"https:\/\/xn--trrfor-bya.no\/index.php\/produkt\/provit-frysetorket-vom-1kg-2\/","title":{"rendered":"PROVIT Fryset\u00f8rket Vom 1kg"},"content":{"rendered":"<p>Provit fryset\u00f8rket storfevom er et hundef\u00f4r av h\u00f8yeste kvalitet. F\u00f4ret er 100% naturlig og laget av r\u00e5 storfevom fra norsk storfe. Fryset\u00f8rking bevarer r\u00e5varens kvalitet, smak, n\u00e6ringsinnhold, mineraler og vitaminer. Med vitamintilskuddet er dette et fullverdig f\u00f4r.<\/p>\n<p>Provit fryset\u00f8rket storfevom er det perfekte alternativet for deg som er p\u00e5 reisefot med hunden, eller for deg med lite fryseplass og som \u00f8nsker \u00e5 f\u00f4re hunden p\u00e5 et naturlig kvalitetsf\u00f4r. F\u00f4ret passer ogs\u00e5 godt som en ekstra energikilde for hunden p\u00e5 lengre turer, hunder i jakt, eller annen krevende fysisk aktivitet.<\/p>\n<p>F\u00f4ret er fryset\u00f8rket, noe som gj\u00f8r at det veier lite. Hunden kan derfor b\u00e6re sin egen mat p\u00e5 fjelltur i f.eks. en kl\u00f8v.<\/p>\n<p>Provit fryset\u00f8rket storfevom egner seg for alle hunder og passer spesielt godt til sensitive hunder og hunder med allergier eller f\u00f4rintolleranse, ettersom du er sikret at hunden kun f\u00e5r n\u00e6ring fra \u00e9n proteinkilde.<\/p>\n<p>F\u00f4ret bl\u00f8tes lett opp i lunkent vann (30-60 C). Bruk 1 del fryset\u00f8rket vom og minst 1 del vann.<\/p>\n<p><strong>SAMMENSETNING:\u00a0<\/strong><\/p>\n<p>1 kg fryset\u00f8rket vom fra 4kg r\u00e5 norsk storfevom<\/p>\n<p>170 g Provit vitamin- og mineraltilskudd<\/p>\n<p><strong>N\u00c6RINGSINNHOLD PR 100g:<\/strong><\/p>\n<p>Protein 33,9%, fett 57%, vann ca. 3%<\/p>\n<p>Energi kcal pr. 100g 649.<\/p>\n<p><strong>HOLDBARHET:<\/strong><\/p>\n<p>Se dato p\u00e5 posen.<\/p>\n<p>Om Provit:\u00a0Provit er et kvalitetsf\u00f4r som kan bidra til bedre helse for hunden din. F\u00f4ret er produsert av overskuddet fra norske kj\u00f8ttr\u00e5varer, ved \u00e5 velge Provit bidrar du dermed ogs\u00e5 i kampen mot matsvinn.<\/p>\n<p>Du kan med trygghet og god samvittighet gi hunden din Provit.<\/p>\n","protected":false},"excerpt":{"rendered":"<p>Provit fryset\u00f8rket storfevom er et hundef\u00f4r av h\u00f8yeste kvalitet. F\u00f4ret er 100% naturlig og laget av r\u00e5 storfevom fra norsk storfe. Fryset\u00f8rking bevarer r\u00e5varens kvalitet, smak, n\u00e6ringsinnhold, mineraler og vitaminer. Med vitamintilskuddet er dette et fullverdig f\u00f4r. Provit fryset\u00f8rket storfevom er det perfekte alternativet for deg som er p\u00e5 reisefot med hunden, eller for deg [&hellip;]<\/p>\n","protected":false},"featured_media":1071,"comment_status":"open","ping_status":"closed","template":"","meta":{"_crdt_document":""},"product_cat":[22,51],"product_tag":[29],"class_list":{"0":"post-798","1":"product","2":"type-product","3":"status-publish","4":"has-post-thumbnail","6":"product_cat-hund","7":"product_cat-vatfor","8":"product_tag-provit","10":"first","11":"instock","12":"taxable","13":"shipping-taxable","14":"purchasable","15":"product-type-simple"},"supplier_id":null,"supplier_sku":"","barcode":null,"atum_controlled":true,"out_stock_date":null,"out_stock_threshold":null,"inheritable":false,"inbound_stock":0,"stock_on_hold":0,"sold_today":0,"sales_last_days":0,"reserved_stock":0,"customer_returns":0,"warehouse_damage":0,"lost_in_post":0,"other_logs":0,"out_stock_days":0,"lost_sales":0,"has_location":false,"update_date":"2026-04-18T17:36:55","atum_locations":[],"atum_stock_status":"instock","restock_status":false,"low_stock_amount":"","sales_update_date":"2026-04-18T17:36:55","calc_backorders":null,"_links":{"self":[{"href":"https:\/\/xn--trrfor-bya.no\/index.php\/wp-json\/wp\/v2\/product\/798","targetHints":{"allow":["GET"]}}],"collection":[{"href":"https:\/\/xn--trrfor-bya.no\/index.php\/wp-json\/wp\/v2\/product"}],"about":[{"href":"https:\/\/xn--trrfor-bya.no\/index.php\/wp-json\/wp\/v2\/types\/product"}],"replies":[{"embeddable":true,"href":"https:\/\/xn--trrfor-bya.no\/index.php\/wp-json\/wp\/v2\/comments?post=798"}],"wp:featuredmedia":[{"embeddable":true,"href":"https:\/\/xn--trrfor-bya.no\/index.php\/wp-json\/wp\/v2\/media\/1071"}],"wp:attachment":[{"href":"https:\/\/xn--trrfor-bya.no\/index.php\/wp-json\/wp\/v2\/media?parent=798"}],"wp:term":[{"taxonomy":"product_cat","embeddable":true,"href":"https:\/\/xn--trrfor-bya.no\/index.php\/wp-json\/wp\/v2\/product_cat?post=798"},{"taxonomy":"product_tag","embeddable":true,"href":"https:\/\/xn--trrfor-bya.no\/index.php\/wp-json\/wp\/v2\/product_tag?post=798"}],"curies":[{"name":"wp","href":"https:\/\/api.w.org\/{rel}","templated":true}]}}