{"id":786,"date":"2024-09-13T11:38:02","date_gmt":"2024-09-13T11:38:02","guid":{"rendered":"https:\/\/testtorr.no\/index.php\/produkt\/kong-aqua-m-flyter-2\/"},"modified":"2024-10-18T12:48:42","modified_gmt":"2024-10-18T12:48:42","slug":"kong-aqua-m-flyter-2","status":"publish","type":"product","link":"https:\/\/xn--trrfor-bya.no\/index.php\/produkt\/kong-aqua-m-flyter-2\/","title":{"rendered":"KONG Aqua Medium m\/Flyter"},"content":{"rendered":"<p>KONG Klassisk form med tau st\u00f8tter oppl\u00e6ring av vannretriever<\/p>\n<p>Flyter \u00e5 finne i vannet<\/p>\n<p>tau hjelper til med \u00e5 kaste lenger for sunn trening<\/p>\n<p>Laget i USA. Globalt innhentede materialer.<\/p>\n","protected":false},"excerpt":{"rendered":"<p>KONG Klassisk form med tau st\u00f8tter oppl\u00e6ring av vannretriever Flyter \u00e5 finne i vannet tau hjelper til med \u00e5 kaste lenger for sunn trening Laget i USA. Globalt innhentede materialer.<\/p>\n","protected":false},"featured_media":1027,"comment_status":"open","ping_status":"closed","template":"","meta":{"_crdt_document":""},"product_cat":[22,57],"product_tag":[38],"class_list":{"0":"post-786","1":"product","2":"type-product","3":"status-publish","4":"has-post-thumbnail","6":"product_cat-hund","7":"product_cat-leke","8":"product_tag-kong","10":"first","11":"outofstock","12":"taxable","13":"shipping-taxable","14":"purchasable","15":"product-type-simple"},"supplier_id":null,"supplier_sku":"","barcode":null,"atum_controlled":true,"out_stock_date":"2024-10-07 19:55:31","out_stock_threshold":null,"inheritable":false,"inbound_stock":0,"stock_on_hold":0,"sold_today":0,"sales_last_days":0,"reserved_stock":0,"customer_returns":0,"warehouse_damage":0,"lost_in_post":0,"other_logs":0,"out_stock_days":557,"lost_sales":0,"has_location":false,"update_date":"2026-04-18T17:36:55","atum_locations":[],"atum_stock_status":"outofstock","restock_status":false,"low_stock_amount":"","sales_update_date":"2026-04-18T17:36:55","calc_backorders":null,"_links":{"self":[{"href":"https:\/\/xn--trrfor-bya.no\/index.php\/wp-json\/wp\/v2\/product\/786","targetHints":{"allow":["GET"]}}],"collection":[{"href":"https:\/\/xn--trrfor-bya.no\/index.php\/wp-json\/wp\/v2\/product"}],"about":[{"href":"https:\/\/xn--trrfor-bya.no\/index.php\/wp-json\/wp\/v2\/types\/product"}],"replies":[{"embeddable":true,"href":"https:\/\/xn--trrfor-bya.no\/index.php\/wp-json\/wp\/v2\/comments?post=786"}],"wp:featuredmedia":[{"embeddable":true,"href":"https:\/\/xn--trrfor-bya.no\/index.php\/wp-json\/wp\/v2\/media\/1027"}],"wp:attachment":[{"href":"https:\/\/xn--trrfor-bya.no\/index.php\/wp-json\/wp\/v2\/media?parent=786"}],"wp:term":[{"taxonomy":"product_cat","embeddable":true,"href":"https:\/\/xn--trrfor-bya.no\/index.php\/wp-json\/wp\/v2\/product_cat?post=786"},{"taxonomy":"product_tag","embeddable":true,"href":"https:\/\/xn--trrfor-bya.no\/index.php\/wp-json\/wp\/v2\/product_tag?post=786"}],"curies":[{"name":"wp","href":"https:\/\/api.w.org\/{rel}","templated":true}]}}