{"id":781,"date":"2024-09-13T11:38:01","date_gmt":"2024-09-13T11:38:01","guid":{"rendered":"https:\/\/testtorr.no\/index.php\/produkt\/diagel-4x10g-mot-diare-til-hund-og-katt-2\/"},"modified":"2024-10-20T15:21:13","modified_gmt":"2024-10-20T13:21:13","slug":"diagel-4x10g-mot-diare-til-hund-og-katt-2","status":"publish","type":"product","link":"https:\/\/xn--trrfor-bya.no\/index.php\/produkt\/diagel-4x10g-mot-diare-til-hund-og-katt-2\/","title":{"rendered":"Diagel 4x10g Mot Diare Til Hund og Katt"},"content":{"rendered":"<p>Diagel 4x10g er\u00a0spesielt formulert for \u00e5 gjenopprette naturlige tarmbevegelser og hjelpe til med \u00e5 h\u00e5ndtere diar\u00e9 og forstoppelse hos mindre hunderaser og katter.<\/p>\n<p>Diagel gjenoppretter naturlige tarmbevegelser ved \u00e5:<br \/>\n\u2022\u00a0Absorberer vann, myker herdet avf\u00f8ring og fremmer normal tarmbevegelse.<br \/>\n\u2022\u00a0N\u00e5r den mates t\u00f8rr, absorberer Diagel tarmv\u00e6ske for \u00e5 forbedre konsistensen p\u00e5 avf\u00f8ringen, reduserer do-trang og reduserer antall diar\u00e9episoder.<br \/>\n\u2022 Brukes til behandling av gastrointestinale forstyrrelser som forstoppelse og diar\u00e9.<\/p>\n<p>Diagel for store raser inneholder f\u00f8lgende aktive ingredienser:<br \/>\n\u2022\u00a0Psylliumskall<\/p>\n<p>Slik fungerer Psyllium:<br \/>\nForstoppelse: I tilfeller av forstoppelse hjelper slimeffekten av psyllium til \u00e5 myke opp avf\u00f8ring og \u00f8ke volumet og mengde avf\u00f8ring som for\u00e5rsaker utvidelse av tarmen. Som svar p\u00e5 distensjon startes intestinal peristaltikk for \u00e5 lindre forstoppelsen.<\/p>\n<p>Diar\u00e9: Psyllium i tarmkanalen absorberer overfl\u00f8dig vann og danner slim, noe som bidrar til \u00e5 redusere v\u00e6skeinnholdet i avf\u00f8ringen og forbedrer avf\u00f8ringens konsistens.<\/p>\n<p>\u2022\u00a0Elektrolytter: I tillegg til psylliumskall inneholder Diagel ogs\u00e5 elektrolytter og glukose. Elektrolytter er inkludert for \u00e5 hjelpe til med \u00e5 gjenopprette forstyrrelser i elektrolyttbalansen etter diar\u00e9 og glukose er inkludert som en rask, lettbrukt energikilde<\/p>\n<p>Prebiotisk effekt:<br \/>\nNyere bevis tyder p\u00e5 Psyllium kan ha en prebiotisk effekt.<\/p>\n<p>Diagel kan gis sammen med mat eller l\u00f8ses opp i h\u00e5ndvarmt vann (10 g Diagel per 125 ml vann).<br \/>\nDiagel kan drysses over fuktig eller v\u00e5t mat. Hvis t\u00f8rrf\u00f4r mates, kan Diagel forh\u00e5ndsoppl\u00f8ses i lunkent vann f\u00f8rst og l\u00f8sningen helles over t\u00f8rrf\u00f4ret.<br \/>\nKj\u00e6ledyr b\u00f8r holdes under oppsyn under f\u00f4ring.<\/p>\n<p>Kattunge 1-2kg: \u00bd pose (5g) daglig<br \/>\nKatt opptil 5kg: 1 pose (10 g) daglig<br \/>\nValp opptil 2kg: \u00bd pose (5g) daglig<br \/>\nLiten hund 5-10kg: 2 poser (20 g) daglig<br \/>\nMiddels hund 10-20kg:\u00a04 poser (40 g) daglig<\/p>\n","protected":false},"excerpt":{"rendered":"<p>Diagel 4x10g er\u00a0spesielt formulert for \u00e5 gjenopprette naturlige tarmbevegelser og hjelpe til med \u00e5 h\u00e5ndtere diar\u00e9 og forstoppelse hos mindre hunderaser og katter. Diagel gjenoppretter naturlige tarmbevegelser ved \u00e5: \u2022\u00a0Absorberer vann, myker herdet avf\u00f8ring og fremmer normal tarmbevegelse. \u2022\u00a0N\u00e5r den mates t\u00f8rr, absorberer Diagel tarmv\u00e6ske for \u00e5 forbedre konsistensen p\u00e5 avf\u00f8ringen, reduserer do-trang og reduserer [&hellip;]<\/p>\n","protected":false},"featured_media":1258,"comment_status":"open","ping_status":"closed","template":"","meta":{"_crdt_document":""},"product_cat":[53],"product_tag":[37],"class_list":{"0":"post-781","1":"product","2":"type-product","3":"status-publish","4":"has-post-thumbnail","6":"product_cat-medisinsk-og-tilskudd","7":"product_tag-mervue","9":"first","10":"instock","11":"taxable","12":"shipping-taxable","13":"purchasable","14":"product-type-simple"},"supplier_id":null,"supplier_sku":"","barcode":null,"atum_controlled":true,"out_stock_date":null,"out_stock_threshold":null,"inheritable":false,"inbound_stock":0,"stock_on_hold":0,"sold_today":0,"sales_last_days":0,"reserved_stock":0,"customer_returns":0,"warehouse_damage":0,"lost_in_post":0,"other_logs":0,"out_stock_days":0,"lost_sales":0,"has_location":false,"update_date":"2026-04-18T17:36:55","atum_locations":[],"atum_stock_status":"instock","restock_status":false,"low_stock_amount":"","sales_update_date":"2026-04-18T17:36:55","calc_backorders":null,"_links":{"self":[{"href":"https:\/\/xn--trrfor-bya.no\/index.php\/wp-json\/wp\/v2\/product\/781","targetHints":{"allow":["GET"]}}],"collection":[{"href":"https:\/\/xn--trrfor-bya.no\/index.php\/wp-json\/wp\/v2\/product"}],"about":[{"href":"https:\/\/xn--trrfor-bya.no\/index.php\/wp-json\/wp\/v2\/types\/product"}],"replies":[{"embeddable":true,"href":"https:\/\/xn--trrfor-bya.no\/index.php\/wp-json\/wp\/v2\/comments?post=781"}],"wp:featuredmedia":[{"embeddable":true,"href":"https:\/\/xn--trrfor-bya.no\/index.php\/wp-json\/wp\/v2\/media\/1258"}],"wp:attachment":[{"href":"https:\/\/xn--trrfor-bya.no\/index.php\/wp-json\/wp\/v2\/media?parent=781"}],"wp:term":[{"taxonomy":"product_cat","embeddable":true,"href":"https:\/\/xn--trrfor-bya.no\/index.php\/wp-json\/wp\/v2\/product_cat?post=781"},{"taxonomy":"product_tag","embeddable":true,"href":"https:\/\/xn--trrfor-bya.no\/index.php\/wp-json\/wp\/v2\/product_tag?post=781"}],"curies":[{"name":"wp","href":"https:\/\/api.w.org\/{rel}","templated":true}]}}