{"id":780,"date":"2024-09-13T11:38:01","date_gmt":"2024-09-13T11:38:01","guid":{"rendered":"https:\/\/testtorr.no\/index.php\/produkt\/probio-30ml-probiotika-til-valp-voksen-hund-2\/"},"modified":"2024-10-20T15:20:55","modified_gmt":"2024-10-20T13:20:55","slug":"probio-30ml-probiotika-til-valp-voksen-hund-2","status":"publish","type":"product","link":"https:\/\/xn--trrfor-bya.no\/index.php\/produkt\/probio-30ml-probiotika-til-valp-voksen-hund-2\/","title":{"rendered":"ProBio 30ml Probiotika Til Valp\/Voksen Hund"},"content":{"rendered":"<p>Vi er glade for \u00e5 introdusere v\u00e5r nye og forbedrede ProBio for hunder og valper. ProBio\u00a0er n\u00e5 spesielt formulert for naturlig \u00e5 st\u00f8tte tarmhelse og immunitet hos hunder og valper med kraften til probiotika (enterococcus faecium) og prebiotika (manno oligosaccharides og beta-glucans).<\/p>\n<p>ProBio Paste for hunder og valper kan st\u00f8tte h\u00e5ndteringen av:<\/p>\n<p>\u2022\u00a0Akutt gastrointestinale plager<br \/>\n\u2022\u00a0Kroniske gastrointestinale tilstander<br \/>\n\u2022\u00a0Immunforsvarst\u00f8tte<br \/>\n\u2022\u00a0Intestinal dysbiose<br \/>\n\u2022\u00a0Appetittst\u00f8tte<br \/>\n\u2022\u00a0Forsterkning av tarmbarrieren<br \/>\n\u2022\u00a0Vedlikehold av tarmhelsen<\/p>\n<p>ProBio Paste for hunder og valper inneholder f\u00f8lgende aktive ingredienser:<\/p>\n<p>\u2022\u00a0Prebiotika (mannanoligosakkarider og \u03b2-glukaner)<br \/>\n\u2022\u00a0Probiotika (Enterococcus faecium 10415)<br \/>\n\u2022\u00a0Kaolin<br \/>\n\u2022\u00a0Antioksidanter (askorbinsyre, vitamin E)<br \/>\n\u2022\u00a0Aminosyrer (treonin, leucin, valin)<br \/>\n\u2022\u00a0B-vitaminer<\/p>\n<p>ProBio Paste kan mates direkte til hunden eller valpen ved hjelp av spr\u00f8yten som f\u00f8lger med eller blandes i maten. ProBio Paste kan mates s\u00e5 lenge det anses n\u00f8dvendig eller kan mates p\u00e5 lang sikt. ProBio Paste kan gis til valper over 12 uker. Kj\u00e6ledyr b\u00f8r holdes under oppsyn under f\u00f4ring.<br \/>\nValp\/veldig liten hund under 5kg: 1ml<br \/>\nLiten hund 5-10kg: 2ml<br \/>\nMiddels hund 10-20kg: 3ml<br \/>\nStor hund 20-30kg: 5ml<br \/>\nVeldig stor hund over 30kg: 8ml<\/p>\n","protected":false},"excerpt":{"rendered":"<p>Vi er glade for \u00e5 introdusere v\u00e5r nye og forbedrede ProBio for hunder og valper. ProBio\u00a0er n\u00e5 spesielt formulert for naturlig \u00e5 st\u00f8tte tarmhelse og immunitet hos hunder og valper med kraften til probiotika (enterococcus faecium) og prebiotika (manno oligosaccharides og beta-glucans). ProBio Paste for hunder og valper kan st\u00f8tte h\u00e5ndteringen av: \u2022\u00a0Akutt gastrointestinale plager [&hellip;]<\/p>\n","protected":false},"featured_media":1257,"comment_status":"open","ping_status":"closed","template":"","meta":{"_crdt_document":""},"product_cat":[53],"product_tag":[37],"class_list":{"0":"post-780","1":"product","2":"type-product","3":"status-publish","4":"has-post-thumbnail","6":"product_cat-medisinsk-og-tilskudd","7":"product_tag-mervue","9":"first","10":"instock","11":"taxable","12":"shipping-taxable","13":"purchasable","14":"product-type-simple"},"supplier_id":null,"supplier_sku":"","barcode":null,"atum_controlled":true,"out_stock_date":null,"out_stock_threshold":null,"inheritable":false,"inbound_stock":0,"stock_on_hold":0,"sold_today":0,"sales_last_days":0,"reserved_stock":0,"customer_returns":0,"warehouse_damage":0,"lost_in_post":0,"other_logs":0,"out_stock_days":0,"lost_sales":0,"has_location":false,"update_date":"2026-04-18T17:36:55","atum_locations":[],"atum_stock_status":"instock","restock_status":false,"low_stock_amount":"","sales_update_date":"2026-04-18T17:36:55","calc_backorders":null,"_links":{"self":[{"href":"https:\/\/xn--trrfor-bya.no\/index.php\/wp-json\/wp\/v2\/product\/780","targetHints":{"allow":["GET"]}}],"collection":[{"href":"https:\/\/xn--trrfor-bya.no\/index.php\/wp-json\/wp\/v2\/product"}],"about":[{"href":"https:\/\/xn--trrfor-bya.no\/index.php\/wp-json\/wp\/v2\/types\/product"}],"replies":[{"embeddable":true,"href":"https:\/\/xn--trrfor-bya.no\/index.php\/wp-json\/wp\/v2\/comments?post=780"}],"wp:featuredmedia":[{"embeddable":true,"href":"https:\/\/xn--trrfor-bya.no\/index.php\/wp-json\/wp\/v2\/media\/1257"}],"wp:attachment":[{"href":"https:\/\/xn--trrfor-bya.no\/index.php\/wp-json\/wp\/v2\/media?parent=780"}],"wp:term":[{"taxonomy":"product_cat","embeddable":true,"href":"https:\/\/xn--trrfor-bya.no\/index.php\/wp-json\/wp\/v2\/product_cat?post=780"},{"taxonomy":"product_tag","embeddable":true,"href":"https:\/\/xn--trrfor-bya.no\/index.php\/wp-json\/wp\/v2\/product_tag?post=780"}],"curies":[{"name":"wp","href":"https:\/\/api.w.org\/{rel}","templated":true}]}}