{"id":775,"date":"2024-09-13T11:37:59","date_gmt":"2024-09-13T11:37:59","guid":{"rendered":"https:\/\/testtorr.no\/index.php\/produkt\/flexi-comfort-sort-2\/"},"modified":"2024-10-06T14:14:28","modified_gmt":"2024-10-06T14:14:28","slug":"flexi-comfort-sort-2","status":"publish","type":"product","link":"https:\/\/xn--trrfor-bya.no\/index.php\/produkt\/flexi-comfort-sort-2\/","title":{"rendered":"Flexi Comfort sort"},"content":{"rendered":"<p>Flexi Comfort Hundekobbel &#8211; det ultimate valget for b\u00e5de stil og komfort for din hund. Med dens&nbsp;tilpassede h\u00e5ndtaksjusteringssystem og komfortable bremsesystem, gir dette kobbelet en behagelig opplevelse for b\u00e5de deg og din firbente venn. Det myke grepet og muligheten til \u00e5 tilpasse kobbelet med LED-belysningssystem eller Multi Box gj\u00f8r det enda mer funksjonelt. Gj\u00f8r hver tur spesiell med Flexi Comfort &nbsp;&#8211; kj\u00f8p ditt i dag og opplev kvalitet og komfort i ett.<\/p>\n<p>\u2022&nbsp;Tilpasset h\u00e5ndtaksjusteringssystem<br \/>\u2022&nbsp;Komfortabelt bremsesystem<br \/>\u2022&nbsp;Mykt grep<br \/>\u2022&nbsp;Kan tilpasses med LED-belysningssystem<br \/>\u2022&nbsp;Kan tilpasses med Multi Box<\/p>\n","protected":false},"excerpt":{"rendered":"<p>Flexi Comfort Hundekobbel &#8211; det ultimate valget for b\u00e5de stil og komfort for din hund. Med dens&nbsp;tilpassede h\u00e5ndtaksjusteringssystem og komfortable bremsesystem, gir dette kobbelet en behagelig opplevelse for b\u00e5de deg og din firbente venn. Det myke grepet og muligheten til \u00e5 tilpasse kobbelet med LED-belysningssystem eller Multi Box gj\u00f8r det enda mer funksjonelt. Gj\u00f8r hver [&hellip;]<\/p>\n","protected":false},"featured_media":0,"comment_status":"open","ping_status":"closed","template":"","meta":{"_crdt_document":""},"product_cat":[15],"product_tag":[36],"class_list":{"0":"post-775","1":"product","2":"type-product","3":"status-publish","5":"product_cat-ukategorisert","6":"product_tag-flexi","8":"first","9":"outofstock","10":"taxable","11":"shipping-taxable","12":"purchasable","13":"product-type-simple"},"supplier_id":null,"supplier_sku":"","barcode":null,"atum_controlled":true,"out_stock_date":null,"out_stock_threshold":null,"inheritable":false,"inbound_stock":0,"stock_on_hold":0,"sold_today":0,"sales_last_days":0,"reserved_stock":0,"customer_returns":0,"warehouse_damage":0,"lost_in_post":0,"other_logs":0,"out_stock_days":0,"lost_sales":0,"has_location":false,"update_date":"2026-04-18T17:36:55","atum_locations":[],"atum_stock_status":"outofstock","restock_status":false,"low_stock_amount":"","sales_update_date":"2026-04-18T17:36:55","calc_backorders":null,"_links":{"self":[{"href":"https:\/\/xn--trrfor-bya.no\/index.php\/wp-json\/wp\/v2\/product\/775","targetHints":{"allow":["GET"]}}],"collection":[{"href":"https:\/\/xn--trrfor-bya.no\/index.php\/wp-json\/wp\/v2\/product"}],"about":[{"href":"https:\/\/xn--trrfor-bya.no\/index.php\/wp-json\/wp\/v2\/types\/product"}],"replies":[{"embeddable":true,"href":"https:\/\/xn--trrfor-bya.no\/index.php\/wp-json\/wp\/v2\/comments?post=775"}],"wp:attachment":[{"href":"https:\/\/xn--trrfor-bya.no\/index.php\/wp-json\/wp\/v2\/media?parent=775"}],"wp:term":[{"taxonomy":"product_cat","embeddable":true,"href":"https:\/\/xn--trrfor-bya.no\/index.php\/wp-json\/wp\/v2\/product_cat?post=775"},{"taxonomy":"product_tag","embeddable":true,"href":"https:\/\/xn--trrfor-bya.no\/index.php\/wp-json\/wp\/v2\/product_tag?post=775"}],"curies":[{"name":"wp","href":"https:\/\/api.w.org\/{rel}","templated":true}]}}