{"id":764,"date":"2024-09-13T11:37:57","date_gmt":"2024-09-13T11:37:57","guid":{"rendered":"https:\/\/testtorr.no\/index.php\/produkt\/flexi-multi-box-sort-2\/"},"modified":"2024-10-06T14:14:28","modified_gmt":"2024-10-06T14:14:28","slug":"flexi-multi-box-sort-2","status":"publish","type":"product","link":"https:\/\/xn--trrfor-bya.no\/index.php\/produkt\/flexi-multi-box-sort-2\/","title":{"rendered":"Flexi Multi Box Sort"},"content":{"rendered":"<p>Multiboks settes lett sammen med ditt flexib\u00e5nd, og gj\u00f8r at du kan ta med godbiter eller b\u00e6sjeposer lett og elegant p\u00e5 tur. Oppgrader ditt flexib\u00e5nd og unng\u00e5 feilen alle hundeeiere gj\u00f8r av og til, glemme b\u00e6sjeposer hjemme.<\/p>\n<p>Med multibox kan du elegant bringe med posene.<\/p>\n<p>&nbsp;<\/p>\n<p>Velg mellom Sort eller Gr\u00e5 multibox.<\/p>\n<p>&nbsp;<\/p>\n<p>(Passer til S &#8211; M &#8211; L ,New Comfort, New Classic, Xtreme, Black Design og New Neon)<\/p>\n","protected":false},"excerpt":{"rendered":"<p>Multiboks settes lett sammen med ditt flexib\u00e5nd, og gj\u00f8r at du kan ta med godbiter eller b\u00e6sjeposer lett og elegant p\u00e5 tur. Oppgrader ditt flexib\u00e5nd og unng\u00e5 feilen alle hundeeiere gj\u00f8r av og til, glemme b\u00e6sjeposer hjemme. Med multibox kan du elegant bringe med posene. &nbsp; Velg mellom Sort eller Gr\u00e5 multibox. &nbsp; (Passer til [&hellip;]<\/p>\n","protected":false},"featured_media":0,"comment_status":"open","ping_status":"closed","template":"","meta":{"_crdt_document":""},"product_cat":[15],"product_tag":[],"class_list":{"0":"post-764","1":"product","2":"type-product","3":"status-publish","5":"product_cat-ukategorisert","7":"first","8":"outofstock","9":"taxable","10":"shipping-taxable","11":"purchasable","12":"product-type-simple"},"supplier_id":null,"supplier_sku":"","barcode":null,"atum_controlled":true,"out_stock_date":null,"out_stock_threshold":null,"inheritable":false,"inbound_stock":0,"stock_on_hold":0,"sold_today":0,"sales_last_days":0,"reserved_stock":0,"customer_returns":0,"warehouse_damage":0,"lost_in_post":0,"other_logs":0,"out_stock_days":0,"lost_sales":0,"has_location":false,"update_date":"2026-04-18T17:36:55","atum_locations":[],"atum_stock_status":"outofstock","restock_status":false,"low_stock_amount":"","sales_update_date":"2026-04-18T17:36:55","calc_backorders":null,"_links":{"self":[{"href":"https:\/\/xn--trrfor-bya.no\/index.php\/wp-json\/wp\/v2\/product\/764","targetHints":{"allow":["GET"]}}],"collection":[{"href":"https:\/\/xn--trrfor-bya.no\/index.php\/wp-json\/wp\/v2\/product"}],"about":[{"href":"https:\/\/xn--trrfor-bya.no\/index.php\/wp-json\/wp\/v2\/types\/product"}],"replies":[{"embeddable":true,"href":"https:\/\/xn--trrfor-bya.no\/index.php\/wp-json\/wp\/v2\/comments?post=764"}],"wp:attachment":[{"href":"https:\/\/xn--trrfor-bya.no\/index.php\/wp-json\/wp\/v2\/media?parent=764"}],"wp:term":[{"taxonomy":"product_cat","embeddable":true,"href":"https:\/\/xn--trrfor-bya.no\/index.php\/wp-json\/wp\/v2\/product_cat?post=764"},{"taxonomy":"product_tag","embeddable":true,"href":"https:\/\/xn--trrfor-bya.no\/index.php\/wp-json\/wp\/v2\/product_tag?post=764"}],"curies":[{"name":"wp","href":"https:\/\/api.w.org\/{rel}","templated":true}]}}