{"id":759,"date":"2024-09-13T11:37:57","date_gmt":"2024-09-13T11:37:57","guid":{"rendered":"https:\/\/testtorr.no\/index.php\/produkt\/happy-dog-profi-line-high-energy-30-20-20kg-2\/"},"modified":"2024-10-18T12:53:54","modified_gmt":"2024-10-18T12:53:54","slug":"happy-dog-profi-line-high-energy-30-20-20kg-2","status":"publish","type":"product","link":"https:\/\/xn--trrfor-bya.no\/index.php\/produkt\/happy-dog-profi-line-high-energy-30-20-20kg-2\/","title":{"rendered":"Happy Dog Profi-Line High Energy 30\/20 20Kg"},"content":{"rendered":"<p><strong>Happy Dog Profi-Line High Energy 30\/20-\u00a0<\/strong>Grunnf\u00f4r til alle voksne hunder med h\u00f8yt energibehov.<\/p>\n<p><strong>ingredienser:<\/strong><\/p>\n<p>Fj\u00e6rkreprotein *, hvetemel, fj\u00e6rkrefett, hvete, mais, m\u00e5ltid, hemoglobin **, fiskemel, r\u00f8dbeter **, hydrolysert lever, eple shake **, natriumklorid<\/p>\n<p>* (t\u00f8rket, delvis hydrolysert) ** (t\u00f8rket)<\/p>\n<p><strong>Analyse:<\/strong>\u00a0 ,<\/p>\n<p>R\u00e5protein 30%, r\u00e5fett 20%, r\u00e5fiber 3,0%, R\u00e5aske 7,0%, Calsium 1,6%, Fosfor 0,95%, Natrium 0,35%, Magnesium 0,1%, Kalium 0,5%<\/p>\n<p><strong>Tilsetningsstoffer:<\/strong><\/p>\n<p>Per kg: Vitamin A:10250mg. Vitamin D3:1000mg. Vitamin E: 45mg. Vitamin B1: 3mg. Vitamin B2: 6mg. Calsium D:7,5mg. Niacin: 30mg. Vitamin B6: 2,5mg. Biotin: 250mg. Vitamin B12: 45mg.<\/p>\n<p><strong>Sporstoffer:<\/strong><\/p>\n<p>Per kg: Jern (E1 , jern (II) sulfat, monohydrat) 100 mg, kobber (E4 , sulfat-kobber (II) , pentahydrat) 10 mg, sink (zinkoxid 3b603 80 mg,\u00a0 , mangan (E5 , mangan (II) oxid) 10 mg, iod (Calcium Iodate , vannfri 3b202) 1,25 mg, selen (E8 , natriumselenit) 0,1 mg.<\/p>\n","protected":false},"excerpt":{"rendered":"<p>Happy Dog Profi-Line High Energy 30\/20-\u00a0Grunnf\u00f4r til alle voksne hunder med h\u00f8yt energibehov. ingredienser: Fj\u00e6rkreprotein *, hvetemel, fj\u00e6rkrefett, hvete, mais, m\u00e5ltid, hemoglobin **, fiskemel, r\u00f8dbeter **, hydrolysert lever, eple shake **, natriumklorid * (t\u00f8rket, delvis hydrolysert) ** (t\u00f8rket) Analyse:\u00a0 , R\u00e5protein 30%, r\u00e5fett 20%, r\u00e5fiber 3,0%, R\u00e5aske 7,0%, Calsium 1,6%, Fosfor 0,95%, Natrium 0,35%, Magnesium [&hellip;]<\/p>\n","protected":false},"featured_media":225,"comment_status":"open","ping_status":"closed","template":"","meta":{"_crdt_document":""},"product_cat":[22,23,68],"product_tag":[28],"class_list":{"0":"post-759","1":"product","2":"type-product","3":"status-publish","4":"has-post-thumbnail","6":"product_cat-hund","7":"product_cat-torrfor-hund","8":"product_cat-profi-line","9":"product_tag-happy-dog","11":"first","12":"outofstock","13":"taxable","14":"shipping-taxable","15":"purchasable","16":"product-type-simple"},"supplier_id":null,"supplier_sku":"","barcode":null,"atum_controlled":true,"out_stock_date":"2024-10-08 16:48:06","out_stock_threshold":null,"inheritable":false,"inbound_stock":0,"stock_on_hold":0,"sold_today":0,"sales_last_days":0,"reserved_stock":0,"customer_returns":0,"warehouse_damage":0,"lost_in_post":0,"other_logs":0,"out_stock_days":557,"lost_sales":0,"has_location":false,"update_date":"2026-04-18T17:36:55","atum_locations":[],"atum_stock_status":"outofstock","restock_status":false,"low_stock_amount":"","sales_update_date":"2026-04-18T17:36:55","calc_backorders":null,"_links":{"self":[{"href":"https:\/\/xn--trrfor-bya.no\/index.php\/wp-json\/wp\/v2\/product\/759","targetHints":{"allow":["GET"]}}],"collection":[{"href":"https:\/\/xn--trrfor-bya.no\/index.php\/wp-json\/wp\/v2\/product"}],"about":[{"href":"https:\/\/xn--trrfor-bya.no\/index.php\/wp-json\/wp\/v2\/types\/product"}],"replies":[{"embeddable":true,"href":"https:\/\/xn--trrfor-bya.no\/index.php\/wp-json\/wp\/v2\/comments?post=759"}],"wp:featuredmedia":[{"embeddable":true,"href":"https:\/\/xn--trrfor-bya.no\/index.php\/wp-json\/wp\/v2\/media\/225"}],"wp:attachment":[{"href":"https:\/\/xn--trrfor-bya.no\/index.php\/wp-json\/wp\/v2\/media?parent=759"}],"wp:term":[{"taxonomy":"product_cat","embeddable":true,"href":"https:\/\/xn--trrfor-bya.no\/index.php\/wp-json\/wp\/v2\/product_cat?post=759"},{"taxonomy":"product_tag","embeddable":true,"href":"https:\/\/xn--trrfor-bya.no\/index.php\/wp-json\/wp\/v2\/product_tag?post=759"}],"curies":[{"name":"wp","href":"https:\/\/api.w.org\/{rel}","templated":true}]}}