{"id":758,"date":"2024-09-13T11:37:57","date_gmt":"2024-09-13T11:37:57","guid":{"rendered":"https:\/\/testtorr.no\/index.php\/produkt\/happy-dog-profi-line-multi-mix-balance-23-10-20kg-2\/"},"modified":"2024-10-18T12:53:48","modified_gmt":"2024-10-18T12:53:48","slug":"happy-dog-profi-line-multi-mix-balance-23-10-20kg-2","status":"publish","type":"product","link":"https:\/\/xn--trrfor-bya.no\/index.php\/produkt\/happy-dog-profi-line-multi-mix-balance-23-10-20kg-2\/","title":{"rendered":"Happy Dog Profi-Line Multi-Mix Balance 23\/10 20Kg"},"content":{"rendered":"<p><strong>Profi-Line Multi-Mix Balanc<\/strong>e er et fargerikt og spr\u00f8tt, komplett f\u00f4r for voksne hunder av alle raser med normalt energibehov. Den inneholder storfekj\u00f8tt, h\u00f8yt innhold av gr\u00f8nnsaker og 5 forskjellige korn.<\/p>\n<p>P\u00e5virker positivt ford\u00f8yelsen og ford\u00f8yelsessystemet takket v\u00e6re ekstrakt fra gj\u00e6ret gj\u00e6r, og cottage cheese er en dyrebar kilde til prebiotiske bakterier.<\/p>\n<p>\u2022\u00a0 ,Ideelt f\u00f4r for alle hunder med f\u00f8lsomme mage.<\/p>\n<p>\u2022\u00a0 ,Ingen konserveringsmidler, kunstige fargestoffer eller aromaer.<\/p>\n<p><strong>Ingredienser:<\/strong><\/p>\n<p>Fj\u00e6rkreprotein, fullkorn, hvetemel, fullkornsmais, maismel, rismel, havremel, fullkornsbymel, storfekj\u00f8tt, fiskemel, fj\u00e6rkrefett, oksetall, betemasse, hydrolysert lever, eplegr\u00f8t (t\u00f8rket) ( 0,8%), natriumklorid, cottage cheese (t\u00f8rket) (0,25%), gulrot (t\u00f8rket) (0,1%), gj\u00e6r (ekstrakt) (0,1%), spinatmel (0,08%), alfalfa (t\u00f8rket) (0,08%) .<\/p>\n<p><strong>Analyse:<\/strong><\/p>\n<p>R\u00e5 protein 23%, r\u00e5fett 10%, r\u00e5fiber 2,5%, r\u00e5 aske 7,5%, kalsium 1,4%, fosfor 0,9%, natrium 0,4%.<\/p>\n<p><strong>Tilsetningsstoffer:<\/strong><\/p>\n<p>Vitamin A 10250 IE, vitamin D3 1000 IE, vitamin E 60 mg, vitamin B1 4 mg, vitamin B2 6 mg, vitamin B6 3 mg, biotine 350 ug, kalsium-D-pantotenat 10 mg, niacin 45 mg, vitamin B12 60 \u00b5g, antioksidanter: h\u00f8ye tokoferolekstrakter av naturlig opprinnelse. Sporelementer \/ kg: jern 80 mg, kobber 8 mg, sink 80 mg, mangan 12 mg, jod 1,5 mg, selen 0,1 mg.<\/p>\n","protected":false},"excerpt":{"rendered":"<p>Profi-Line Multi-Mix Balance er et fargerikt og spr\u00f8tt, komplett f\u00f4r for voksne hunder av alle raser med normalt energibehov. Den inneholder storfekj\u00f8tt, h\u00f8yt innhold av gr\u00f8nnsaker og 5 forskjellige korn. P\u00e5virker positivt ford\u00f8yelsen og ford\u00f8yelsessystemet takket v\u00e6re ekstrakt fra gj\u00e6ret gj\u00e6r, og cottage cheese er en dyrebar kilde til prebiotiske bakterier. \u2022\u00a0 ,Ideelt f\u00f4r for [&hellip;]<\/p>\n","protected":false},"featured_media":224,"comment_status":"open","ping_status":"closed","template":"","meta":{"_crdt_document":""},"product_cat":[22,23,68],"product_tag":[28],"class_list":{"0":"post-758","1":"product","2":"type-product","3":"status-publish","4":"has-post-thumbnail","6":"product_cat-hund","7":"product_cat-torrfor-hund","8":"product_cat-profi-line","9":"product_tag-happy-dog","11":"first","12":"outofstock","13":"taxable","14":"shipping-taxable","15":"purchasable","16":"product-type-simple"},"supplier_id":null,"supplier_sku":"","barcode":null,"atum_controlled":true,"out_stock_date":"2024-10-08 16:48:06","out_stock_threshold":null,"inheritable":false,"inbound_stock":0,"stock_on_hold":0,"sold_today":0,"sales_last_days":0,"reserved_stock":0,"customer_returns":0,"warehouse_damage":0,"lost_in_post":0,"other_logs":0,"out_stock_days":557,"lost_sales":0,"has_location":false,"update_date":"2026-04-18T17:36:55","atum_locations":[],"atum_stock_status":"outofstock","restock_status":false,"low_stock_amount":"","sales_update_date":"2026-04-18T17:36:55","calc_backorders":null,"_links":{"self":[{"href":"https:\/\/xn--trrfor-bya.no\/index.php\/wp-json\/wp\/v2\/product\/758","targetHints":{"allow":["GET"]}}],"collection":[{"href":"https:\/\/xn--trrfor-bya.no\/index.php\/wp-json\/wp\/v2\/product"}],"about":[{"href":"https:\/\/xn--trrfor-bya.no\/index.php\/wp-json\/wp\/v2\/types\/product"}],"replies":[{"embeddable":true,"href":"https:\/\/xn--trrfor-bya.no\/index.php\/wp-json\/wp\/v2\/comments?post=758"}],"wp:featuredmedia":[{"embeddable":true,"href":"https:\/\/xn--trrfor-bya.no\/index.php\/wp-json\/wp\/v2\/media\/224"}],"wp:attachment":[{"href":"https:\/\/xn--trrfor-bya.no\/index.php\/wp-json\/wp\/v2\/media?parent=758"}],"wp:term":[{"taxonomy":"product_cat","embeddable":true,"href":"https:\/\/xn--trrfor-bya.no\/index.php\/wp-json\/wp\/v2\/product_cat?post=758"},{"taxonomy":"product_tag","embeddable":true,"href":"https:\/\/xn--trrfor-bya.no\/index.php\/wp-json\/wp\/v2\/product_tag?post=758"}],"curies":[{"name":"wp","href":"https:\/\/api.w.org\/{rel}","templated":true}]}}