{"id":757,"date":"2024-09-13T11:37:57","date_gmt":"2024-09-13T11:37:57","guid":{"rendered":"https:\/\/testtorr.no\/index.php\/produkt\/happy-dog-profi-line-pro-body-25-20-15kg-2\/"},"modified":"2024-10-18T12:53:42","modified_gmt":"2024-10-18T12:53:42","slug":"happy-dog-profi-line-pro-body-25-20-15kg-2","status":"publish","type":"product","link":"https:\/\/xn--trrfor-bya.no\/index.php\/produkt\/happy-dog-profi-line-pro-body-25-20-15kg-2\/","title":{"rendered":"Happy Dog Profi-Line Pro Body 25\/20 15Kg"},"content":{"rendered":"<p><strong>Happy Dog Profi-Line Pro Body 25\/20-<\/strong>\u00a0For avl, sport og prestasjoner. Ogs\u00e5 ideell for veldig delikate hunder.<\/p>\n<p><strong>ingredienser:<\/strong><\/p>\n<p>Mais, fj\u00e6rkreprotein **, rismel, fj\u00e6rkrefett, talg, hemoglobin *, laksemel, lammeprotein *, fiskemel, greener, solsikkeolje, sukkerroer * (sukker), eple aske *, kaliumklorid, rapsolje, gj\u00e6r *, natriumklorid, tang * , bl\u00e5skjellkj\u00f8tt *, gj\u00e6r * (utvunnet), ringblomst, artisjokk, l\u00f8vetann, ingef\u00e6r, bj\u00f8rkeblader, nesle kamille koriander, rosmarin, salvie, lakrisrot, timian (urter * totalt 0,16%) , *) t\u00f8rket, **) t\u00f8rket, proporsjonalt hydrolysert.<\/p>\n<p><strong>Analyse:<\/strong><\/p>\n<p>R\u00e5tt protein 25,0%, R\u00e5fett 20,0%,, R\u00e5 fiber 2,0%,, R\u00e5 aske 6,0%,, Kalsium 1,3%,, Fosfor 0,9%,, Natrium 0,4%,<\/p>\n<p><strong>tilsetningsstoffer:<\/strong><\/p>\n<p>Vitaminer \/ kg:<\/p>\n<p>Per kg: Vitamin A:12000mg. Vitamin D3:1200mg. Vitamin E: 120mg. Vitamin B1: 6mg. Vitamin B2: 6mg. Calsium D:12mg. Niacin: 60mg. Vitamin B6: 5mg. Biotin: 575mg. Vitamin B12: 90mg.<\/p>\n<p><strong>Antioksidant:<\/strong>\u00a0Tokosferolholdige ekstrakter av planteoljer 1b306 (i)<\/p>\n<p><strong>Sporstoffer:<\/strong><\/p>\n<p>kg: Jern (E1 jern (II) sulfatmonohydrat) 110 mg, kobber (E4, kobber (II) sulfatpentahydrat) 10 mg, sink (sinkoksid 3b603 110 mg, aminosyrer-sinkchelat 3b606 25 mg) 135 mg, mangan (E5, mangan (II) oksid) 25 mg, jod (kalsiumjodat vannfri 3b202) 2 mg, selen (E8, natriumselenitt) 0,15 mg<\/p>\n","protected":false},"excerpt":{"rendered":"<p>Happy Dog Profi-Line Pro Body 25\/20-\u00a0For avl, sport og prestasjoner. Ogs\u00e5 ideell for veldig delikate hunder. ingredienser: Mais, fj\u00e6rkreprotein **, rismel, fj\u00e6rkrefett, talg, hemoglobin *, laksemel, lammeprotein *, fiskemel, greener, solsikkeolje, sukkerroer * (sukker), eple aske *, kaliumklorid, rapsolje, gj\u00e6r *, natriumklorid, tang * , bl\u00e5skjellkj\u00f8tt *, gj\u00e6r * (utvunnet), ringblomst, artisjokk, l\u00f8vetann, ingef\u00e6r, bj\u00f8rkeblader, [&hellip;]<\/p>\n","protected":false},"featured_media":222,"comment_status":"open","ping_status":"closed","template":"","meta":{"_crdt_document":""},"product_cat":[22,23,68],"product_tag":[28],"class_list":{"0":"post-757","1":"product","2":"type-product","3":"status-publish","4":"has-post-thumbnail","6":"product_cat-hund","7":"product_cat-torrfor-hund","8":"product_cat-profi-line","9":"product_tag-happy-dog","11":"first","12":"outofstock","13":"taxable","14":"shipping-taxable","15":"purchasable","16":"product-type-simple"},"supplier_id":null,"supplier_sku":"","barcode":null,"atum_controlled":true,"out_stock_date":"2024-10-08 16:48:06","out_stock_threshold":null,"inheritable":false,"inbound_stock":0,"stock_on_hold":0,"sold_today":0,"sales_last_days":0,"reserved_stock":0,"customer_returns":0,"warehouse_damage":0,"lost_in_post":0,"other_logs":0,"out_stock_days":557,"lost_sales":0,"has_location":false,"update_date":"2026-04-18T17:36:55","atum_locations":[],"atum_stock_status":"outofstock","restock_status":false,"low_stock_amount":"","sales_update_date":"2026-04-18T17:36:55","calc_backorders":null,"_links":{"self":[{"href":"https:\/\/xn--trrfor-bya.no\/index.php\/wp-json\/wp\/v2\/product\/757","targetHints":{"allow":["GET"]}}],"collection":[{"href":"https:\/\/xn--trrfor-bya.no\/index.php\/wp-json\/wp\/v2\/product"}],"about":[{"href":"https:\/\/xn--trrfor-bya.no\/index.php\/wp-json\/wp\/v2\/types\/product"}],"replies":[{"embeddable":true,"href":"https:\/\/xn--trrfor-bya.no\/index.php\/wp-json\/wp\/v2\/comments?post=757"}],"wp:featuredmedia":[{"embeddable":true,"href":"https:\/\/xn--trrfor-bya.no\/index.php\/wp-json\/wp\/v2\/media\/222"}],"wp:attachment":[{"href":"https:\/\/xn--trrfor-bya.no\/index.php\/wp-json\/wp\/v2\/media?parent=757"}],"wp:term":[{"taxonomy":"product_cat","embeddable":true,"href":"https:\/\/xn--trrfor-bya.no\/index.php\/wp-json\/wp\/v2\/product_cat?post=757"},{"taxonomy":"product_tag","embeddable":true,"href":"https:\/\/xn--trrfor-bya.no\/index.php\/wp-json\/wp\/v2\/product_tag?post=757"}],"curies":[{"name":"wp","href":"https:\/\/api.w.org\/{rel}","templated":true}]}}