{"id":756,"date":"2024-09-13T11:37:57","date_gmt":"2024-09-13T11:37:57","guid":{"rendered":"https:\/\/testtorr.no\/index.php\/produkt\/happy-dog-profi-line-sensitive-grainfree-24-14-20kg-2\/"},"modified":"2024-10-18T12:54:09","modified_gmt":"2024-10-18T12:54:09","slug":"happy-dog-profi-line-sensitive-grainfree-24-14-20kg-2","status":"publish","type":"product","link":"https:\/\/xn--trrfor-bya.no\/index.php\/produkt\/happy-dog-profi-line-sensitive-grainfree-24-14-20kg-2\/","title":{"rendered":"Happy Dog Profi-Line Sensitive Grainfree 24\/14 20Kg"},"content":{"rendered":"<p>Komplett kornfritt fullf\u00f4r til voksne hunder med et moderat energibehov.<\/p>\n<p><strong>Viktige fordeler:<\/strong><\/p>\n<p>\u2022 Kornfri<\/p>\n<p>\u2022 Til sensitive mager og sensitiv hud<\/p>\n<p><strong>Ingredienser:<\/strong><\/p>\n<p>Potetflak, fj\u00e6rkreprotein *, fj\u00e6rkrefett, laksemel, betemasse (usukret) **, most eple **, natriumklorid, muslin-kj\u00f8tt **<\/p>\n<p>* t\u00f8rket, delvis hydrolisert, ** t\u00f8rket<\/p>\n<p><strong>Tilsetningsstoffer:<\/strong><\/p>\n<p>Per kg:\u00a0 , Vitamin A (I.E.): 10250, Vitamin D3 (I.E.): 1000,\u00a0 , Vitamin E (alle rac-alfa- tocopherylacetat 3a700) 45 mg, vitamin B1 (thiamin-mononitrat 3a821) 3 mg, vitamin B2 (riboflavin) 6 mg, vitamin B6 (pyridoxinhydrochlorid 3a831) 2,5 mg, calcium D-pantothenat (3a841) 7,5 mg, niacin (3a314) 30 mg, vitamin B12 45 mcg, biotin 250 mcg.<\/p>\n<p><strong>Analyse:<\/strong><\/p>\n<p>R\u00e5proteiner 24%, r\u00e5fett 14%, r\u00e5fiber 2,5%, r\u00e5aske 6,5%, kalsium 1,2%, fosfor 0,85%, natrium 0,35%, kalium 0,7%, magnesium 0,10%<\/p>\n<p><strong>Sporstoffer:<\/strong><\/p>\n<p>Per kg: Jern (E1 , jern (II) sulfat, monohydrat) 100 mg, kobber (E4 , sulfat-kobber (II) , pentahydrat) 10 mg, sink (zinkoxid 3b603 80 mg,\u00a0 , mangan (E5 , mangan (II) oxid) 10 mg, iod (Calcium Iodate , vannfri 3b202) 1,25 mg, selen (E8 , natriumselenit) 0,1 mg.<\/p>\n<p><strong>Energiinnhold:<\/strong><\/p>\n<p>3760kJ\/Kg.<\/p>\n","protected":false},"excerpt":{"rendered":"<p>Komplett kornfritt fullf\u00f4r til voksne hunder med et moderat energibehov. Viktige fordeler: \u2022 Kornfri \u2022 Til sensitive mager og sensitiv hud Ingredienser: Potetflak, fj\u00e6rkreprotein *, fj\u00e6rkrefett, laksemel, betemasse (usukret) **, most eple **, natriumklorid, muslin-kj\u00f8tt ** * t\u00f8rket, delvis hydrolisert, ** t\u00f8rket Tilsetningsstoffer: Per kg:\u00a0 , Vitamin A (I.E.): 10250, Vitamin D3 (I.E.): 1000,\u00a0 , [&hellip;]<\/p>\n","protected":false},"featured_media":221,"comment_status":"open","ping_status":"closed","template":"","meta":{"_crdt_document":""},"product_cat":[22,23,68],"product_tag":[28],"class_list":{"0":"post-756","1":"product","2":"type-product","3":"status-publish","4":"has-post-thumbnail","6":"product_cat-hund","7":"product_cat-torrfor-hund","8":"product_cat-profi-line","9":"product_tag-happy-dog","11":"first","12":"outofstock","13":"taxable","14":"shipping-taxable","15":"purchasable","16":"product-type-simple"},"supplier_id":null,"supplier_sku":"","barcode":null,"atum_controlled":true,"out_stock_date":"2024-10-08 16:48:06","out_stock_threshold":null,"inheritable":false,"inbound_stock":0,"stock_on_hold":0,"sold_today":0,"sales_last_days":0,"reserved_stock":0,"customer_returns":0,"warehouse_damage":0,"lost_in_post":0,"other_logs":0,"out_stock_days":557,"lost_sales":0,"has_location":false,"update_date":"2026-04-18T17:36:55","atum_locations":[],"atum_stock_status":"outofstock","restock_status":false,"low_stock_amount":"","sales_update_date":"2026-04-18T17:36:55","calc_backorders":null,"_links":{"self":[{"href":"https:\/\/xn--trrfor-bya.no\/index.php\/wp-json\/wp\/v2\/product\/756","targetHints":{"allow":["GET"]}}],"collection":[{"href":"https:\/\/xn--trrfor-bya.no\/index.php\/wp-json\/wp\/v2\/product"}],"about":[{"href":"https:\/\/xn--trrfor-bya.no\/index.php\/wp-json\/wp\/v2\/types\/product"}],"replies":[{"embeddable":true,"href":"https:\/\/xn--trrfor-bya.no\/index.php\/wp-json\/wp\/v2\/comments?post=756"}],"wp:featuredmedia":[{"embeddable":true,"href":"https:\/\/xn--trrfor-bya.no\/index.php\/wp-json\/wp\/v2\/media\/221"}],"wp:attachment":[{"href":"https:\/\/xn--trrfor-bya.no\/index.php\/wp-json\/wp\/v2\/media?parent=756"}],"wp:term":[{"taxonomy":"product_cat","embeddable":true,"href":"https:\/\/xn--trrfor-bya.no\/index.php\/wp-json\/wp\/v2\/product_cat?post=756"},{"taxonomy":"product_tag","embeddable":true,"href":"https:\/\/xn--trrfor-bya.no\/index.php\/wp-json\/wp\/v2\/product_tag?post=756"}],"curies":[{"name":"wp","href":"https:\/\/api.w.org\/{rel}","templated":true}]}}