{"id":755,"date":"2024-09-13T11:37:56","date_gmt":"2024-09-13T11:37:56","guid":{"rendered":"https:\/\/testtorr.no\/index.php\/produkt\/happy-dog-profi-line-sportive-26-16-20kg-2\/"},"modified":"2024-10-18T12:54:47","modified_gmt":"2024-10-18T12:54:47","slug":"happy-dog-profi-line-sportive-26-16-20kg-2","status":"publish","type":"product","link":"https:\/\/xn--trrfor-bya.no\/index.php\/produkt\/happy-dog-profi-line-sportive-26-16-20kg-2\/","title":{"rendered":"Happy Dog Profi-Line Sportive 26\/16 20Kg"},"content":{"rendered":"<p><strong>Happy Dog Profi-Line Sportive 26\/16-<\/strong>\u00a0Grunnf\u00f4r til alle voksne hunder med normale til h\u00f8yere energibehov.<\/p>\n<p><strong>ingredienser:<\/strong><\/p>\n<p>Hvetemel, fj\u00e6rkrefett, fj\u00e6rkreprotein *, kj\u00f8ttmel, bygg, mais, hvete, hemoglobin **, fiskemel, r\u00f8dbeter **,<\/p>\n<p>hydrolysert lever, eple aske **, natriumklorid<\/p>\n<p>* (t\u00f8rket, delvis hydrolysert) ** (t\u00f8rket)<\/p>\n<p><strong>Analyse:<\/strong><\/p>\n<p>R\u00e5protein 26%, r\u00e5fett 16%, r\u00e5fiber 3%, R\u00e5aske 6,5%, Calsium 1,6%, Fosfor 0,95%, Natrium 0,35%, Magnesium 0,10%, Kalium 0,5%<\/p>\n<p><strong>Tilsetningsstoffer:<\/strong><\/p>\n<p>Per kg: Vitamin A:10250mg. Vitamin D3:1000mg. Vitamin E: 45mg. Vitamin B1: 3mg. Vitamin B2: 6mg. Calsium D:7,5mg. Niacin: 30mg. Vitamin B6: 2,5mg. Biotin: 250mg. Vitamin B12: 45mg.<\/p>\n<p><strong>Sporstoffer:<\/strong><\/p>\n<p>Per kg: Jern (E1 , jern (II) sulfat, monohydrat) 100 mg, kobber (E4 , sulfat-kobber (II) , pentahydrat) 10 mg, sink (zinkoxid 3b603 80 mg,\u00a0 , mangan (E5 , mangan (II) oxid) 10 mg, iod (Calcium Iodate , vannfri 3b202) 1,25 mg, selen (E8 , natriumselenit) 0,1 mg.<\/p>\n","protected":false},"excerpt":{"rendered":"<p>Happy Dog Profi-Line Sportive 26\/16-\u00a0Grunnf\u00f4r til alle voksne hunder med normale til h\u00f8yere energibehov. ingredienser: Hvetemel, fj\u00e6rkrefett, fj\u00e6rkreprotein *, kj\u00f8ttmel, bygg, mais, hvete, hemoglobin **, fiskemel, r\u00f8dbeter **, hydrolysert lever, eple aske **, natriumklorid * (t\u00f8rket, delvis hydrolysert) ** (t\u00f8rket) Analyse: R\u00e5protein 26%, r\u00e5fett 16%, r\u00e5fiber 3%, R\u00e5aske 6,5%, Calsium 1,6%, Fosfor 0,95%, Natrium 0,35%, [&hellip;]<\/p>\n","protected":false},"featured_media":223,"comment_status":"open","ping_status":"closed","template":"","meta":{"_crdt_document":""},"product_cat":[22,23,68],"product_tag":[28],"class_list":{"0":"post-755","1":"product","2":"type-product","3":"status-publish","4":"has-post-thumbnail","6":"product_cat-hund","7":"product_cat-torrfor-hund","8":"product_cat-profi-line","9":"product_tag-happy-dog","11":"first","12":"outofstock","13":"taxable","14":"shipping-taxable","15":"purchasable","16":"product-type-simple"},"supplier_id":null,"supplier_sku":"","barcode":null,"atum_controlled":true,"out_stock_date":"2024-10-08 16:48:06","out_stock_threshold":null,"inheritable":false,"inbound_stock":0,"stock_on_hold":0,"sold_today":0,"sales_last_days":0,"reserved_stock":0,"customer_returns":0,"warehouse_damage":0,"lost_in_post":0,"other_logs":0,"out_stock_days":557,"lost_sales":0,"has_location":false,"update_date":"2026-04-18T17:36:55","atum_locations":[],"atum_stock_status":"outofstock","restock_status":false,"low_stock_amount":"","sales_update_date":"2026-04-18T17:36:55","calc_backorders":null,"_links":{"self":[{"href":"https:\/\/xn--trrfor-bya.no\/index.php\/wp-json\/wp\/v2\/product\/755","targetHints":{"allow":["GET"]}}],"collection":[{"href":"https:\/\/xn--trrfor-bya.no\/index.php\/wp-json\/wp\/v2\/product"}],"about":[{"href":"https:\/\/xn--trrfor-bya.no\/index.php\/wp-json\/wp\/v2\/types\/product"}],"replies":[{"embeddable":true,"href":"https:\/\/xn--trrfor-bya.no\/index.php\/wp-json\/wp\/v2\/comments?post=755"}],"wp:featuredmedia":[{"embeddable":true,"href":"https:\/\/xn--trrfor-bya.no\/index.php\/wp-json\/wp\/v2\/media\/223"}],"wp:attachment":[{"href":"https:\/\/xn--trrfor-bya.no\/index.php\/wp-json\/wp\/v2\/media?parent=755"}],"wp:term":[{"taxonomy":"product_cat","embeddable":true,"href":"https:\/\/xn--trrfor-bya.no\/index.php\/wp-json\/wp\/v2\/product_cat?post=755"},{"taxonomy":"product_tag","embeddable":true,"href":"https:\/\/xn--trrfor-bya.no\/index.php\/wp-json\/wp\/v2\/product_tag?post=755"}],"curies":[{"name":"wp","href":"https:\/\/api.w.org\/{rel}","templated":true}]}}