{"id":753,"date":"2024-09-13T11:37:56","date_gmt":"2024-09-13T11:37:56","guid":{"rendered":"https:\/\/testtorr.no\/index.php\/produkt\/happy-dog-fit-vital-mini-light-calorie-control-4kg-2\/"},"modified":"2024-10-18T13:03:24","modified_gmt":"2024-10-18T13:03:24","slug":"happy-dog-fit-vital-mini-light-calorie-control-4kg-2","status":"publish","type":"product","link":"https:\/\/xn--trrfor-bya.no\/index.php\/produkt\/happy-dog-fit-vital-mini-light-calorie-control-4kg-2\/","title":{"rendered":"Happy Dog Fit &#038; Vital Mini Light Calorie Control"},"content":{"rendered":"<p>Fettfattig og mettende fullf\u00f4r for sm\u00e5 hunder som er lett overvektige eller for \u00e5 opprettholde kroppsvekten.<\/p>\n<p>Naturlig, balansert mat med ekstra helsegoder \u2013\u00a0Happy Dog fit &amp; vital Mini Light er akkurat det du trenger for \u00e5 f\u00e5 hunden din til \u00e5 g\u00e5 ned eller holde seg p\u00e5 \u00f8nsket vekt. I denne formuleringen er det fem forskjellige proteiner \u2013 laks, sj\u00f8fisk, egg, lam og fj\u00e6rfe \u2013 for et sunt utvalg, akkurat som i naturen. Laks inneholder essensielle Omega-3 og Omega-6 fettsyrer, som er bra for hud og pels. Den lettford\u00f8yelige sj\u00f8fisken tilf\u00f8rer kroppen mange forskjellige vitaminer; egg gir biologisk verdifullt protein; og lam leverer mange viktige mineraler. Formuleringen er avrundet av n\u00e6ringsrikt fj\u00e6rfe som leverer mange essensielle sporstoffer.<\/p>\n<p>\u2022 Balansert utvalg av proteiner<br \/>\n\u2022 Redusert fettinnhold<br \/>\n\u2022 Glutenfri formulering<br \/>\n\u2022 Tilfredsstillende fiber<\/p>\n<p>Happy Dog fit &amp; vital Mini Light er perfekt tilpasset kravene til sm\u00e5 hunder opp til 10 kg, som trenger fettfattig n\u00e6ring for \u00e5 opprettholde en god fysisk konstitusjon, eller for \u00e5 opprettholde kroppsvekten, f.eks. i henhold til en spesiell diett. Det smakfulle, glutenfrie fullf\u00f4ret, med kun 7,5 % fett og L-karnitin for metabolismen, er basert p\u00e5 det unike Happy Dog Natural Life Concept\u00ae og er spesielt mettende p\u00e5 grunn av den h\u00f8ye andelen fiber.<\/p>\n<p><strong>Innhold:<\/strong><br \/>\nAnimalske proteiner* (fj\u00e6rfe 16 %, lam 4 %), maismel, mais, ris, bygg, lignocellulose (5,8 %), fiskemel (5 %, hvorav 50 % laksemel), kj\u00f8ttmel, hydrolysert protein, betemasse (avsukket)*, oljer og fett, eplerester*, kaliumklorid, gj\u00e6r*, natriumklorid, tang*, linfr\u00f8 (0,16 %), t\u00f8rket hele egg (0,1 %), melketistel, bl\u00e5skjellkj\u00f8tt* (0,02 %), yucca schidigera*, gj\u00e6r* (ekstrakt), artisjokk, l\u00f8vetann, ingef\u00e6r (0,015 %), bj\u00f8rkeblader, brennesle, kamille, koriander, rosmarin, salvie, lakrisrot, timian, (totalt t\u00f8rkede urter: 0,15 %)<\/p>\n<p>*) t\u00f8rket<\/p>\n<p><strong>Analyse:<\/strong><br \/>\nR\u00e5protein 26,0 %, r\u00e5fett 7,5 %, r\u00e5fiber 5,5 %, r\u00e5aske 7,0 %, kalsium 1,45 %, fosfor 1,0 %, natrium 0,35 %, omega 6 fettsyrer 1,7 %, omega 3 % fettsyrer 02.<\/p>\n<p>Energi: metaboliserbar energi (ME) 3245 kcal\/kg<\/p>\n<p>Tilsetningsstoffer:<br \/>\n<strong>Vitaminer\/kg:<\/strong><br \/>\nVitamin A (3a672a) 17000 IE, vitamin D3 (3a671) 900 IE, L-karnitin (3a910) 500 mg<br \/>\n<strong>Sporelementer\/kg:<\/strong><br \/>\nJern (som 3b103) 50 mg, kobber (som 3b405) 10 mg, sink (som 3b603, 3b606) 100 mg, mangan (som 3b502) 25 mg, jod (som 3b202) 2 mg, selen (som 3b.01) 3b.<br \/>\nAntioksidant, tokoferolrike ekstrakter fra planteoljer 1b306(i)<\/p>\n","protected":false},"excerpt":{"rendered":"<p>Fettfattig og mettende fullf\u00f4r for sm\u00e5 hunder som er lett overvektige eller for \u00e5 opprettholde kroppsvekten. Naturlig, balansert mat med ekstra helsegoder \u2013\u00a0Happy Dog fit &amp; vital Mini Light er akkurat det du trenger for \u00e5 f\u00e5 hunden din til \u00e5 g\u00e5 ned eller holde seg p\u00e5 \u00f8nsket vekt. I denne formuleringen er det fem [&hellip;]<\/p>\n","protected":false},"featured_media":1262,"comment_status":"open","ping_status":"closed","template":"","meta":{"_crdt_document":""},"product_cat":[22,23,46,49],"product_tag":[28],"class_list":{"0":"post-753","1":"product","2":"type-product","3":"status-publish","4":"has-post-thumbnail","6":"product_cat-hund","7":"product_cat-torrfor-hund","8":"product_cat-46","9":"product_cat-hdmini","10":"product_tag-happy-dog","12":"first","13":"outofstock","14":"featured","15":"taxable","16":"shipping-taxable","17":"purchasable","18":"product-type-variable"},"supplier_id":null,"supplier_sku":"","barcode":null,"atum_controlled":true,"out_stock_date":"2024-10-08 16:48:05","out_stock_threshold":null,"inheritable":false,"inbound_stock":0,"stock_on_hold":0,"sold_today":0,"sales_last_days":0,"reserved_stock":0,"customer_returns":0,"warehouse_damage":0,"lost_in_post":0,"other_logs":0,"out_stock_days":557,"lost_sales":0,"has_location":false,"update_date":"2026-04-18T17:36:55","atum_locations":[],"atum_stock_status":"outofstock","restock_status":false,"low_stock_amount":"","sales_update_date":"2026-04-18T17:36:55","calc_backorders":null,"_links":{"self":[{"href":"https:\/\/xn--trrfor-bya.no\/index.php\/wp-json\/wp\/v2\/product\/753","targetHints":{"allow":["GET"]}}],"collection":[{"href":"https:\/\/xn--trrfor-bya.no\/index.php\/wp-json\/wp\/v2\/product"}],"about":[{"href":"https:\/\/xn--trrfor-bya.no\/index.php\/wp-json\/wp\/v2\/types\/product"}],"replies":[{"embeddable":true,"href":"https:\/\/xn--trrfor-bya.no\/index.php\/wp-json\/wp\/v2\/comments?post=753"}],"wp:featuredmedia":[{"embeddable":true,"href":"https:\/\/xn--trrfor-bya.no\/index.php\/wp-json\/wp\/v2\/media\/1262"}],"wp:attachment":[{"href":"https:\/\/xn--trrfor-bya.no\/index.php\/wp-json\/wp\/v2\/media?parent=753"}],"wp:term":[{"taxonomy":"product_cat","embeddable":true,"href":"https:\/\/xn--trrfor-bya.no\/index.php\/wp-json\/wp\/v2\/product_cat?post=753"},{"taxonomy":"product_tag","embeddable":true,"href":"https:\/\/xn--trrfor-bya.no\/index.php\/wp-json\/wp\/v2\/product_tag?post=753"}],"curies":[{"name":"wp","href":"https:\/\/api.w.org\/{rel}","templated":true}]}}