{"id":748,"date":"2024-09-13T11:37:56","date_gmt":"2024-09-13T11:37:56","guid":{"rendered":"https:\/\/testtorr.no\/index.php\/produkt\/happy-cat-kitten-fugl-4kg-fra-5-uker-2\/"},"modified":"2024-10-20T15:55:45","modified_gmt":"2024-10-20T13:55:45","slug":"happy-cat-kitten-fugl-4kg-fra-5-uker-2","status":"publish","type":"product","link":"https:\/\/xn--trrfor-bya.no\/index.php\/produkt\/happy-cat-kitten-fugl-4kg-fra-5-uker-2\/","title":{"rendered":"Happy Cat Kitten Fugl 4kg (Fra 5 uker)"},"content":{"rendered":"<p>Denne smakfulle t\u00f8rrf\u00f4ret\u00a0fra Happy Cat skjemmer bort ikke bare kattungen din &#8211; den gir ogs\u00e5 optimal st\u00f8tte helt fra starten\u00a0i l\u00f8pet av m\u00e5nedene med intensiv vekst. Lettford\u00f8yelig fj\u00e6rkre med frittg\u00e5ende kombinasjon med gulr\u00f8tter og delikat rosmarin gir det ideelle grunnlaget for jevn vekst. Oppskriften inneholder alt den lille kattungen din trenger for \u00e5 \u00f8ke kroppens egen immunforsvar. De ekstra sm\u00e5 bitene\u00a0og utvalgte ingrediensene er spesielt gode for kattunger fra 5 uker til 6 m\u00e5neder.<\/p>\n<p>\u2022 Fremmer jevn vekst<br \/>\n\u2022 \u00d8ker kroppens eget immunforsvar<br \/>\n\u2022 Med fj\u00e6rkre<br \/>\n\u2022 Ogs\u00e5 egnet for diende katter<\/p>\n<p><strong>Innhold:<\/strong><br \/>\nFj\u00e6rkreprotein ** (33,0%), maismel, animalsk fett (inkludert fj\u00e6rfe), rismel, kj\u00f8ttmel, risprotein *, laksemel (4,0%), solsikkeolje (2,4%), lignocellulose, fiskehydrolysat *, bete masse * (avsuget), rapsolje (0,6%), kaliumklorid, gj\u00e6r *, t\u00f8rket helegg, natriumklorid, eplepress * (0,4%), tang, gulr\u00f8tter * (0,2%), linfr\u00f8 (0,2%), sikori pulver (0,15% = 0,1% inulin), yucca schidigera * (0,1%), gj\u00e6r * (ekstrakt, 0,02% = 0,0032% MOS), melketistel, artisjokk, l\u00f8vetann, ingef\u00e6r, bj\u00f8rk, brennesle, kamille, koriander, rosmarin (0,016%), salvie, lakrisrot, timian (totalt t\u00f8rkede urter 0,19%). *) t\u00f8rket, **) t\u00f8rket, delvis hydrolysert.<\/p>\n<p><strong>Analyse:<\/strong><br \/>\nR\u00e5protein 37,5%, r\u00e5fett 21,0%, r\u00e5fiber 2,5%, r\u00e5aske 7,5%, kalsium 1,2%, fosfor 1,05%, natrium 0,55%, kalium 0,6%, magnesium 0,07%, omega 6 fettsyrer 4,0%, omega 3 fett syrer 0,4%<\/p>\n<p><strong>Tilsetningsstoffer:<\/strong><br \/>\n<strong>Vitaminer \/ kg:<\/strong>\u00a0Vitamin A (3a672a) 17000 IE, vitamin D3 (3a671) 800 IE, vitamin E (all-rac-alfa-tokoferylacetat 3a700) 100 mg, vitamin B1 (tiaminmononitrat 3a821) 4 mg, vitamin B2 (riboflavin 3a825ii) 4 mg, vitamin B6 (pyridoksinhydroklorid 3a831) 4 mg, biotin (3a880) 495 mcg, kalsium-d-pantothenat (3a841) 10 mg, niacin (3a314) 50 mg, vitamin B12 70 mcg, vitamin C (natriumkalsium askorbylfosfat 3a312) 30 mg, kolinklorid (3a890) 55 mg, taurin (3a370) 1000 mg,<br \/>\n<strong>sporstoffer \/ kg:\u00a0<\/strong>jern (jern (II) sulfatmonohydrat 3b103) 130 mg, kobber (kobber (II) sulfatpentahydrat 3b405) 12 mg, sink (sinkoksid 3b603 95 mg, sinkchelat av aminosyrer; hydrat 3b606 35 mg,) 130 mg, mangan (mangan (II) oksid 3b502) 30 mg, jod (kalsiumjodat 2,5 mg, vannfritt 3b202) 0,2 mg , selen (natriumselenitt 3b801) 4200 mg, Antioksidant; tokoferolrike ekstrakter fra planteoljer 1b306 (i). Aminosyrer \/ kg: DL-metionin (3c301)<\/p>\n","protected":false},"excerpt":{"rendered":"<p>Denne smakfulle t\u00f8rrf\u00f4ret\u00a0fra Happy Cat skjemmer bort ikke bare kattungen din &#8211; den gir ogs\u00e5 optimal st\u00f8tte helt fra starten\u00a0i l\u00f8pet av m\u00e5nedene med intensiv vekst. Lettford\u00f8yelig fj\u00e6rkre med frittg\u00e5ende kombinasjon med gulr\u00f8tter og delikat rosmarin gir det ideelle grunnlaget for jevn vekst. Oppskriften inneholder alt den lille kattungen din trenger for \u00e5 \u00f8ke kroppens [&hellip;]<\/p>\n","protected":false},"featured_media":1271,"comment_status":"open","ping_status":"closed","template":"","meta":{"_crdt_document":""},"product_cat":[63,64,65],"product_tag":[30],"class_list":{"0":"post-748","1":"product","2":"type-product","3":"status-publish","4":"has-post-thumbnail","6":"product_cat-katt","7":"product_cat-for","8":"product_cat-torrfor","9":"product_tag-happy-cat","11":"first","12":"instock","13":"taxable","14":"shipping-taxable","15":"purchasable","16":"product-type-simple"},"supplier_id":null,"supplier_sku":"","barcode":null,"atum_controlled":true,"out_stock_date":null,"out_stock_threshold":null,"inheritable":false,"inbound_stock":0,"stock_on_hold":0,"sold_today":0,"sales_last_days":0,"reserved_stock":0,"customer_returns":0,"warehouse_damage":0,"lost_in_post":0,"other_logs":0,"out_stock_days":0,"lost_sales":0,"has_location":false,"update_date":"2026-04-18T17:36:55","atum_locations":[],"atum_stock_status":"instock","restock_status":false,"low_stock_amount":"","sales_update_date":"2026-04-18T17:36:55","calc_backorders":null,"_links":{"self":[{"href":"https:\/\/xn--trrfor-bya.no\/index.php\/wp-json\/wp\/v2\/product\/748","targetHints":{"allow":["GET"]}}],"collection":[{"href":"https:\/\/xn--trrfor-bya.no\/index.php\/wp-json\/wp\/v2\/product"}],"about":[{"href":"https:\/\/xn--trrfor-bya.no\/index.php\/wp-json\/wp\/v2\/types\/product"}],"replies":[{"embeddable":true,"href":"https:\/\/xn--trrfor-bya.no\/index.php\/wp-json\/wp\/v2\/comments?post=748"}],"wp:featuredmedia":[{"embeddable":true,"href":"https:\/\/xn--trrfor-bya.no\/index.php\/wp-json\/wp\/v2\/media\/1271"}],"wp:attachment":[{"href":"https:\/\/xn--trrfor-bya.no\/index.php\/wp-json\/wp\/v2\/media?parent=748"}],"wp:term":[{"taxonomy":"product_cat","embeddable":true,"href":"https:\/\/xn--trrfor-bya.no\/index.php\/wp-json\/wp\/v2\/product_cat?post=748"},{"taxonomy":"product_tag","embeddable":true,"href":"https:\/\/xn--trrfor-bya.no\/index.php\/wp-json\/wp\/v2\/product_tag?post=748"}],"curies":[{"name":"wp","href":"https:\/\/api.w.org\/{rel}","templated":true}]}}