{"id":743,"date":"2024-09-13T11:37:54","date_gmt":"2024-09-13T11:37:54","guid":{"rendered":"https:\/\/testtorr.no\/index.php\/produkt\/sarskjerm-m-borrelas-2\/"},"modified":"2024-10-06T14:14:27","modified_gmt":"2024-10-06T14:14:27","slug":"sarskjerm-m-borrelas-2","status":"publish","type":"product","link":"https:\/\/xn--trrfor-bya.no\/index.php\/produkt\/sarskjerm-m-borrelas-2\/","title":{"rendered":"S\u00e5rskjerm m\/borrel\u00e5s"},"content":{"rendered":"<p>Enkel s\u00e5rskjerm som s\u00f8rger for at hunden skjermes mot s\u00e5r eller annet som gj\u00f8r at den beh\u00f8ver skjerm. Festet enkelt p\u00e5 hunden ved at den tres rundt hodet f\u00f8r den festes med borrel\u00e5sen.<\/p>\n<p>&nbsp;<\/p>\n<p>Finnes i ulike st\u00f8rrelser som er m\u00e5lt etter omkrets p\u00e5 hundens nakke.<\/p>\n","protected":false},"excerpt":{"rendered":"<p>Enkel s\u00e5rskjerm som s\u00f8rger for at hunden skjermes mot s\u00e5r eller annet som gj\u00f8r at den beh\u00f8ver skjerm. Festet enkelt p\u00e5 hunden ved at den tres rundt hodet f\u00f8r den festes med borrel\u00e5sen. &nbsp; Finnes i ulike st\u00f8rrelser som er m\u00e5lt etter omkrets p\u00e5 hundens nakke.<\/p>\n","protected":false},"featured_media":0,"comment_status":"open","ping_status":"closed","template":"","meta":{"_crdt_document":""},"product_cat":[15],"product_tag":[31],"class_list":{"0":"post-743","1":"product","2":"type-product","3":"status-publish","5":"product_cat-ukategorisert","6":"product_tag-trixie","8":"first","9":"outofstock","10":"taxable","11":"shipping-taxable","12":"purchasable","13":"product-type-simple"},"supplier_id":null,"supplier_sku":"","barcode":null,"atum_controlled":true,"out_stock_date":null,"out_stock_threshold":null,"inheritable":false,"inbound_stock":null,"stock_on_hold":0,"sold_today":0,"sales_last_days":0,"reserved_stock":null,"customer_returns":null,"warehouse_damage":null,"lost_in_post":null,"other_logs":null,"out_stock_days":0,"lost_sales":0,"has_location":null,"update_date":"2026-04-18T17:36:55","atum_locations":[],"atum_stock_status":"outofstock","restock_status":false,"low_stock_amount":"","sales_update_date":"2026-04-18T17:36:55","calc_backorders":null,"_links":{"self":[{"href":"https:\/\/xn--trrfor-bya.no\/index.php\/wp-json\/wp\/v2\/product\/743","targetHints":{"allow":["GET"]}}],"collection":[{"href":"https:\/\/xn--trrfor-bya.no\/index.php\/wp-json\/wp\/v2\/product"}],"about":[{"href":"https:\/\/xn--trrfor-bya.no\/index.php\/wp-json\/wp\/v2\/types\/product"}],"replies":[{"embeddable":true,"href":"https:\/\/xn--trrfor-bya.no\/index.php\/wp-json\/wp\/v2\/comments?post=743"}],"wp:attachment":[{"href":"https:\/\/xn--trrfor-bya.no\/index.php\/wp-json\/wp\/v2\/media?parent=743"}],"wp:term":[{"taxonomy":"product_cat","embeddable":true,"href":"https:\/\/xn--trrfor-bya.no\/index.php\/wp-json\/wp\/v2\/product_cat?post=743"},{"taxonomy":"product_tag","embeddable":true,"href":"https:\/\/xn--trrfor-bya.no\/index.php\/wp-json\/wp\/v2\/product_tag?post=743"}],"curies":[{"name":"wp","href":"https:\/\/api.w.org\/{rel}","templated":true}]}}