{"id":742,"date":"2024-09-13T11:37:54","date_gmt":"2024-09-13T11:37:54","guid":{"rendered":"https:\/\/testtorr.no\/index.php\/produkt\/provit-geitemelk-torrmelk-500g-2\/"},"modified":"2024-10-18T12:54:59","modified_gmt":"2024-10-18T12:54:59","slug":"provit-geitemelk-torrmelk-500g-2","status":"publish","type":"product","link":"https:\/\/xn--trrfor-bya.no\/index.php\/produkt\/provit-geitemelk-torrmelk-500g-2\/","title":{"rendered":"PROVIT Geitemelk T\u00f8rrmelk 500g"},"content":{"rendered":"<p>PROVIT geitemelkpulver produsert i Norge fra norske geiter. Geitemelkpulveret er ypperlig som morsmelkserstatning og som et ekstra tilskudd til valpen.<\/p>\n<p>Har du en hund som har g\u00e5tt mye ned i vekt, eller sliter med \u00e5 holde vekten, kan pulveret ogs\u00e5 hjelpe for at hunden\u00a0legger p\u00e5 seg.<\/p>\n<p><em>Blandes 1 del (volum) pulver til 4 deler (volum) lunkent vann (40\u00b0C)<\/em><\/p>\n<p><strong>INNHOLD:\u00a0<\/strong><\/p>\n<p>500 g pulver av melk fra norsk geit (5 liter ferdig geitmelk)<\/p>\n<p><strong>N\u00c6RINGSINNHOLD PR 100G:<\/strong><\/p>\n<p>Protein 25,9% \/\/ Aske: 6,9% \/\/ Fett: 29,7% \/\/ Karbohydrater: 35,0% \/\/ T\u00f8rrstoff: 97,5% \/\/ Kalsium: 850 mg \/\/ Magnesium: 100 mg \/\/ Natrium: 300 mg \/\/ Kalium: 1500 mg \/\/ Zink: 2,5 mg \/\/ Kobber: 0,1 mg \/\/ Fosfor: 680 mg<\/p>\n<p>Om Provit:\u00a0Provit er et kvalitetsf\u00f4r som kan bidra til bedre helse for hunden din. F\u00f4ret er produsert av overskuddet fra norske kj\u00f8ttr\u00e5varer, ved \u00e5 velge Provit bidrar du dermed ogs\u00e5 i kampen mot matsvinn.<\/p>\n<p>Du kan med trygghet og god samvittighet gi hunden din Provit.<\/p>\n","protected":false},"excerpt":{"rendered":"<p>PROVIT geitemelkpulver produsert i Norge fra norske geiter. Geitemelkpulveret er ypperlig som morsmelkserstatning og som et ekstra tilskudd til valpen. Har du en hund som har g\u00e5tt mye ned i vekt, eller sliter med \u00e5 holde vekten, kan pulveret ogs\u00e5 hjelpe for at hunden\u00a0legger p\u00e5 seg. Blandes 1 del (volum) pulver til 4 deler (volum) [&hellip;]<\/p>\n","protected":false},"featured_media":1072,"comment_status":"open","ping_status":"closed","template":"","meta":{"_crdt_document":""},"product_cat":[22,53],"product_tag":[29],"class_list":{"0":"post-742","1":"product","2":"type-product","3":"status-publish","4":"has-post-thumbnail","6":"product_cat-hund","7":"product_cat-medisinsk-og-tilskudd","8":"product_tag-provit","10":"first","11":"instock","12":"taxable","13":"shipping-taxable","14":"purchasable","15":"product-type-simple"},"supplier_id":null,"supplier_sku":"","barcode":null,"atum_controlled":true,"out_stock_date":null,"out_stock_threshold":null,"inheritable":false,"inbound_stock":0,"stock_on_hold":0,"sold_today":0,"sales_last_days":0,"reserved_stock":0,"customer_returns":0,"warehouse_damage":0,"lost_in_post":0,"other_logs":0,"out_stock_days":0,"lost_sales":0,"has_location":false,"update_date":"2026-04-18T17:36:55","atum_locations":[],"atum_stock_status":"instock","restock_status":false,"low_stock_amount":"","sales_update_date":"2026-04-18T17:36:55","calc_backorders":null,"_links":{"self":[{"href":"https:\/\/xn--trrfor-bya.no\/index.php\/wp-json\/wp\/v2\/product\/742","targetHints":{"allow":["GET"]}}],"collection":[{"href":"https:\/\/xn--trrfor-bya.no\/index.php\/wp-json\/wp\/v2\/product"}],"about":[{"href":"https:\/\/xn--trrfor-bya.no\/index.php\/wp-json\/wp\/v2\/types\/product"}],"replies":[{"embeddable":true,"href":"https:\/\/xn--trrfor-bya.no\/index.php\/wp-json\/wp\/v2\/comments?post=742"}],"wp:featuredmedia":[{"embeddable":true,"href":"https:\/\/xn--trrfor-bya.no\/index.php\/wp-json\/wp\/v2\/media\/1072"}],"wp:attachment":[{"href":"https:\/\/xn--trrfor-bya.no\/index.php\/wp-json\/wp\/v2\/media?parent=742"}],"wp:term":[{"taxonomy":"product_cat","embeddable":true,"href":"https:\/\/xn--trrfor-bya.no\/index.php\/wp-json\/wp\/v2\/product_cat?post=742"},{"taxonomy":"product_tag","embeddable":true,"href":"https:\/\/xn--trrfor-bya.no\/index.php\/wp-json\/wp\/v2\/product_tag?post=742"}],"curies":[{"name":"wp","href":"https:\/\/api.w.org\/{rel}","templated":true}]}}