{"id":719,"date":"2024-09-13T11:37:49","date_gmt":"2024-09-13T11:37:49","guid":{"rendered":"https:\/\/testtorr.no\/index.php\/produkt\/happy-dog-soft-snack-india-vegetar-100g-4\/"},"modified":"2024-10-18T13:21:38","modified_gmt":"2024-10-18T13:21:38","slug":"happy-dog-soft-snack-india-vegetar-100g-4","status":"publish","type":"product","link":"https:\/\/xn--trrfor-bya.no\/index.php\/produkt\/happy-dog-soft-snack-india-vegetar-100g-4\/","title":{"rendered":"Happy Dog Soft Snack India (Vegetar) 100g"},"content":{"rendered":"<p>Myk, vegetarisk snack med ris, erter og gurkemeie.<\/p>\n<p>Happy Dog India hjerteformede myke snacks er perfekt for \u00e5 skjemme bort kj\u00e6ledyret ditt eller som en liten godbit mellom m\u00e5ltidene. Kombinasjonen av godt tolerert ris og erter med de verdifulle egenskapene til traneb\u00e6r, kokos og gurkemeie gj\u00f8r dette til en ekte smakssensasjon. Denne vegetariske snacksen er ideell selv for sensitive og kresne hunder av mellomstore og store raser. Det anbefales ogs\u00e5 av veterin\u00e6rer for matintoleranse. Snacksen er naturligvis produsert uten tilsatt sukker eller konserveringsmidler, og den gjenlukkbare pakken sikrer langvarig friskhet.<\/p>\n<p><strong>Innhold:<\/strong><\/p>\n<p>Derivater av vegetabilsk opprinnelse (inkludert kokos* (0,09 %), gurkemeie* (0,07 %), ris (15 %), risprotein* (11,5 %), flak-erter (3 %), hydrolysert protein (fra melkederivater) ), solsikkeolje, gj\u00e6r*, kalsiumkarbonat, natriumklorid, t\u00f8rket hele egg, traneb\u00e6r* (0,08 %)<\/p>\n<p>*) t\u00f8rket<\/p>\n<p><strong>Analyse:<\/strong><\/p>\n<p>R\u00e5protein 12,5 %, r\u00e5fett 4,0 %, r\u00e5fiber 4,0 %, r\u00e5aske 5,0 %, fuktighet 14 %, omega-6 fettsyrer 1,0 %, omega-3 fettsyrer 0,1 %<\/p>\n<p><strong>Tilsetningsstoffer:<\/strong><\/p>\n<p><strong>Vitaminer\/kg:<\/strong><\/p>\n<p>Vitamin A (3a672a) 7000 IE, vitamin D3 (3a671) 400 IE, L-karnitin (3a910) 355 mg, taurin (3a370) 780 mg<\/p>\n<p><strong>Sporelementer\/kg:<\/strong><\/p>\n<p>Jern (som 3b103) 25 mg, kobber (som 3b405) 5 mg, sink (som 3b603) 30 mg, mangan (som 3b502) 6 mg, jod (som 3b202) 0,6 mg, selen (som 3b801) 0.1 mg.<\/p>\n<p><strong>Aminosyrer\/kg:<\/strong><\/p>\n<p>DL-metionin (3c301) 1740 mg L-tryptofan (3c440) 780 mg<\/p>\n<p>Antioksidant, tokoferolrike ekstrakter fra planteoljer 1b306(i)<\/p>\n","protected":false},"excerpt":{"rendered":"<p>Myk, vegetarisk snack med ris, erter og gurkemeie. Happy Dog India hjerteformede myke snacks er perfekt for \u00e5 skjemme bort kj\u00e6ledyret ditt eller som en liten godbit mellom m\u00e5ltidene. Kombinasjonen av godt tolerert ris og erter med de verdifulle egenskapene til traneb\u00e6r, kokos og gurkemeie gj\u00f8r dette til en ekte smakssensasjon. Denne vegetariske snacksen er [&hellip;]<\/p>\n","protected":false},"featured_media":1080,"comment_status":"open","ping_status":"closed","template":"","meta":{"_crdt_document":""},"product_cat":[22,27,23],"product_tag":[],"class_list":{"0":"post-719","1":"product","2":"type-product","3":"status-publish","4":"has-post-thumbnail","6":"product_cat-hund","7":"product_cat-godbiter","8":"product_cat-torrfor-hund","10":"first","11":"instock","12":"taxable","13":"shipping-taxable","14":"purchasable","15":"product-type-simple"},"supplier_id":null,"supplier_sku":"","barcode":null,"atum_controlled":true,"out_stock_date":null,"out_stock_threshold":null,"inheritable":false,"inbound_stock":0,"stock_on_hold":0,"sold_today":0,"sales_last_days":0,"reserved_stock":0,"customer_returns":0,"warehouse_damage":0,"lost_in_post":0,"other_logs":0,"out_stock_days":0,"lost_sales":0,"has_location":false,"update_date":"2026-04-18T17:36:55","atum_locations":[],"atum_stock_status":"instock","restock_status":false,"low_stock_amount":"","sales_update_date":"2026-04-18T17:36:55","calc_backorders":null,"_links":{"self":[{"href":"https:\/\/xn--trrfor-bya.no\/index.php\/wp-json\/wp\/v2\/product\/719","targetHints":{"allow":["GET"]}}],"collection":[{"href":"https:\/\/xn--trrfor-bya.no\/index.php\/wp-json\/wp\/v2\/product"}],"about":[{"href":"https:\/\/xn--trrfor-bya.no\/index.php\/wp-json\/wp\/v2\/types\/product"}],"replies":[{"embeddable":true,"href":"https:\/\/xn--trrfor-bya.no\/index.php\/wp-json\/wp\/v2\/comments?post=719"}],"wp:featuredmedia":[{"embeddable":true,"href":"https:\/\/xn--trrfor-bya.no\/index.php\/wp-json\/wp\/v2\/media\/1080"}],"wp:attachment":[{"href":"https:\/\/xn--trrfor-bya.no\/index.php\/wp-json\/wp\/v2\/media?parent=719"}],"wp:term":[{"taxonomy":"product_cat","embeddable":true,"href":"https:\/\/xn--trrfor-bya.no\/index.php\/wp-json\/wp\/v2\/product_cat?post=719"},{"taxonomy":"product_tag","embeddable":true,"href":"https:\/\/xn--trrfor-bya.no\/index.php\/wp-json\/wp\/v2\/product_tag?post=719"}],"curies":[{"name":"wp","href":"https:\/\/api.w.org\/{rel}","templated":true}]}}