{"id":706,"date":"2024-09-13T11:37:47","date_gmt":"2024-09-13T11:37:47","guid":{"rendered":"https:\/\/testtorr.no\/index.php\/produkt\/forstehjelp-til-hund-og-katt-2\/"},"modified":"2024-10-18T18:46:21","modified_gmt":"2024-10-18T18:46:21","slug":"forstehjelp-til-hund-og-katt-2","status":"publish","type":"product","link":"https:\/\/xn--trrfor-bya.no\/index.php\/produkt\/forstehjelp-til-hund-og-katt-2\/","title":{"rendered":"F\u00f8rstehjelp Til Hund og Katt"},"content":{"rendered":"<p>Innhold:<br \/>\n&#8211; Pose med glidel\u00e5s\u00e5pning og borrel\u00e5s til \u00e5 feste i beltet<br \/>\n&#8211; S\u00e5r kompress, sterilt<br \/>\n&#8211; Bandasje, sterilt<br \/>\n&#8211; Teip<br \/>\n&#8211; 2 spritservietter<br \/>\n&#8211; Engangsspr\u00f8yte\u00a020 ml<br \/>\n&#8211; Pinsett<br \/>\n&#8211; 1 par lateks hansker<br \/>\n&#8211; Snute tau<br \/>\n&#8211; Loppe\/luse kam<br \/>\n&#8211; Fl\u00e5tt pinsett<br \/>\n&#8211; Inkl. et hefte med verdifulle tips<\/p>\n","protected":false},"excerpt":{"rendered":"<p>Innhold: &#8211; Pose med glidel\u00e5s\u00e5pning og borrel\u00e5s til \u00e5 feste i beltet &#8211; S\u00e5r kompress, sterilt &#8211; Bandasje, sterilt &#8211; Teip &#8211; 2 spritservietter &#8211; Engangsspr\u00f8yte\u00a020 ml &#8211; Pinsett &#8211; 1 par lateks hansker &#8211; Snute tau &#8211; Loppe\/luse kam &#8211; Fl\u00e5tt pinsett &#8211; Inkl. et hefte med verdifulle tips<\/p>\n","protected":false},"featured_media":0,"comment_status":"open","ping_status":"closed","template":"","meta":{"_crdt_document":""},"product_cat":[53],"product_tag":[31],"class_list":{"0":"post-706","1":"product","2":"type-product","3":"status-publish","5":"product_cat-medisinsk-og-tilskudd","6":"product_tag-trixie","8":"first","9":"outofstock","10":"taxable","11":"shipping-taxable","12":"purchasable","13":"product-type-simple"},"supplier_id":null,"supplier_sku":"","barcode":null,"atum_controlled":true,"out_stock_date":"2024-10-08 16:41:52","out_stock_threshold":null,"inheritable":false,"inbound_stock":0,"stock_on_hold":0,"sold_today":0,"sales_last_days":0,"reserved_stock":0,"customer_returns":0,"warehouse_damage":0,"lost_in_post":0,"other_logs":0,"out_stock_days":557,"lost_sales":0,"has_location":false,"update_date":"2026-04-18T17:36:55","atum_locations":[],"atum_stock_status":"outofstock","restock_status":false,"low_stock_amount":"","sales_update_date":"2026-04-18T17:36:55","calc_backorders":null,"_links":{"self":[{"href":"https:\/\/xn--trrfor-bya.no\/index.php\/wp-json\/wp\/v2\/product\/706","targetHints":{"allow":["GET"]}}],"collection":[{"href":"https:\/\/xn--trrfor-bya.no\/index.php\/wp-json\/wp\/v2\/product"}],"about":[{"href":"https:\/\/xn--trrfor-bya.no\/index.php\/wp-json\/wp\/v2\/types\/product"}],"replies":[{"embeddable":true,"href":"https:\/\/xn--trrfor-bya.no\/index.php\/wp-json\/wp\/v2\/comments?post=706"}],"wp:attachment":[{"href":"https:\/\/xn--trrfor-bya.no\/index.php\/wp-json\/wp\/v2\/media?parent=706"}],"wp:term":[{"taxonomy":"product_cat","embeddable":true,"href":"https:\/\/xn--trrfor-bya.no\/index.php\/wp-json\/wp\/v2\/product_cat?post=706"},{"taxonomy":"product_tag","embeddable":true,"href":"https:\/\/xn--trrfor-bya.no\/index.php\/wp-json\/wp\/v2\/product_tag?post=706"}],"curies":[{"name":"wp","href":"https:\/\/api.w.org\/{rel}","templated":true}]}}