{"id":699,"date":"2024-09-13T11:37:46","date_gmt":"2024-09-13T11:37:46","guid":{"rendered":"https:\/\/testtorr.no\/index.php\/produkt\/happy-cat-junior-fugl-fra-4-mnd-2\/"},"modified":"2024-10-18T14:21:10","modified_gmt":"2024-10-18T14:21:10","slug":"happy-cat-junior-fugl-fra-4-mnd-2","status":"publish","type":"product","link":"https:\/\/xn--trrfor-bya.no\/index.php\/produkt\/happy-cat-junior-fugl-fra-4-mnd-2\/","title":{"rendered":"Happy Cat Junior Fugl (Fra 4 mnd)"},"content":{"rendered":"<p>Smakfull og lettford\u00f8yelig med delikat frittg\u00e5ende fj\u00e6rkre, gulr\u00f8tter og koriander gir det beste grunnlaget for jevn vekst og et langt, sunt liv fullt av vitalitet. Beriket med mange viktige n\u00e6ringsstoffer som sink og C-vitamin, vil denne t\u00f8rr\u00a0maten \u00f8ke kroppens eget immunforsvar. De sm\u00e5 bitene med balansert n\u00e6ringsinnhold er perfekt tilpasset tennene til unge katter fra 4 til 12 m\u00e5neder.<\/p>\n<p>\u2022 Fremmer jevn vekst<br \/>\n\u2022 \u00d8ker kroppens eget immunforsvar<br \/>\n\u2022 Med fj\u00e6rkre<br \/>\n\u2022 Ogs\u00e5 for kastrerte kattunger<\/p>\n<p><strong>Innhold:<\/strong><br \/>\nFj\u00e6rkreprotein ** (29,5%), maismel, animalsk fett (inkludert fj\u00e6rkre), rismel, risprotein *, kj\u00f8ttmel, laksemel, lignocellulose (2,0%), solsikkeolje (1,6%), fiskehydrolysat *, bete masse * (avsuget), kaliumklorid, gj\u00e6r *, t\u00f8rket helt egg, natriumklorid, rapsolje (0,4%), eplepress * (0,35%), tang, gulr\u00f8tter (0,2%), linfr\u00f8 (0,2%), cikoripulver (0,15% = 0,1% inulin), yucca schidigera * (0,1%), gj\u00e6r * (ekstrakt, 0,02% = 0,0032% MOS), melketistel, artisjokk, l\u00f8vetann, ingef\u00e6r, bj\u00f8rk, brennesle, kamille, koriander (0,016% ), rosmarin, salvie, lakrisrot, timian (totalt t\u00f8rkede urter 0,19%).<br \/>\n*) t\u00f8rket, **) t\u00f8rket, delvis hydrolysert.<\/p>\n<p><strong>Analyse:<\/strong><br \/>\nR\u00e5protein 36,0%, r\u00e5fett 18,5%, r\u00e5fiber 3,0%, r\u00e5aske 7,5%, kalsium 1,1%, fosfor 1,0%, natrium 0,55%, kalium 0,6%, magnesium 0,07%, omega 6 fettsyrer 4,0%, omega 3 fett syrer 0,4%<\/p>\n<p><strong>Tilsetningsstoffer:<\/strong><br \/>\nVitaminer \/ kg: Vitamin A (3a672a) 17000 IE, vitamin D3 (3a671) 1000 IE, vitamin E (all-rac-alfa-tokoferylacetat 3a700) 100 mg, vitamin B1 (tiaminmononitrat 3a821) 4 mg, vitamin B2 (riboflavin 3a825ii) 4 mg, vitamin B6 (pyridoksinhydroklorid 3a831) 4 mg, biotin (3a880) 495 mcg, kalsium-d-pantothenat (3a841) 10 mg, niacin (3a314) 50 mg, vitamin B12 70 mcg, vitamin C (natriumkalsium askorbylfosfat 3a312) 30 mg, kolinklorid (3a890) 70 mg, taurin (3a370) 1000 mg,<br \/>\nsporstoffer \/ kg: jern (jern (II) sulfatmonohydrat 3b103) 130 mg, kobber (kobber (II) sulfatpentahydrat 3b405) 12 mg, sink (sinkoksid 3b603 95 mg, sinkchelat av aminosyrer; hydrat 3b606 35 mg,) 125 mg, mangan (mangan (II) oksid 3b502) 30 mg, jod (kalsiumjodat 2,5 mg, vannfritt 3b202) 0,2 mg , selen (natriumselenitt 3b801) 4200 mg, Antioksidant; tokoferolrike ekstrakter fra planteoljer 1b306 (i). Aminosyrer \/ kg: DL-metionin (3c301) selen (natriumselenitt 3b801) 4200 mg, Antioksidant , tokoferolrike ekstrakter fra planteoljer 1b306 (i). Aminosyrer \/ kg: DL-metionin (3c301),<\/p>\n","protected":false},"excerpt":{"rendered":"<p>Smakfull og lettford\u00f8yelig med delikat frittg\u00e5ende fj\u00e6rkre, gulr\u00f8tter og koriander gir det beste grunnlaget for jevn vekst og et langt, sunt liv fullt av vitalitet. Beriket med mange viktige n\u00e6ringsstoffer som sink og C-vitamin, vil denne t\u00f8rr\u00a0maten \u00f8ke kroppens eget immunforsvar. De sm\u00e5 bitene med balansert n\u00e6ringsinnhold er perfekt tilpasset tennene til unge katter fra [&hellip;]<\/p>\n","protected":false},"featured_media":1275,"comment_status":"open","ping_status":"closed","template":"","meta":{"_crdt_document":""},"product_cat":[63,64,65],"product_tag":[30],"class_list":{"0":"post-699","1":"product","2":"type-product","3":"status-publish","4":"has-post-thumbnail","6":"product_cat-katt","7":"product_cat-for","8":"product_cat-torrfor","9":"product_tag-happy-cat","11":"first","12":"outofstock","13":"taxable","14":"shipping-taxable","15":"purchasable","16":"product-type-variable"},"supplier_id":null,"supplier_sku":"","barcode":null,"atum_controlled":true,"out_stock_date":"2024-10-07 19:44:17","out_stock_threshold":null,"inheritable":false,"inbound_stock":0,"stock_on_hold":0,"sold_today":0,"sales_last_days":0,"reserved_stock":0,"customer_returns":0,"warehouse_damage":0,"lost_in_post":0,"other_logs":0,"out_stock_days":557,"lost_sales":0,"has_location":false,"update_date":"2026-04-18T17:36:55","atum_locations":[],"atum_stock_status":"outofstock","restock_status":false,"low_stock_amount":"","sales_update_date":"2026-04-18T17:36:55","calc_backorders":null,"_links":{"self":[{"href":"https:\/\/xn--trrfor-bya.no\/index.php\/wp-json\/wp\/v2\/product\/699","targetHints":{"allow":["GET"]}}],"collection":[{"href":"https:\/\/xn--trrfor-bya.no\/index.php\/wp-json\/wp\/v2\/product"}],"about":[{"href":"https:\/\/xn--trrfor-bya.no\/index.php\/wp-json\/wp\/v2\/types\/product"}],"replies":[{"embeddable":true,"href":"https:\/\/xn--trrfor-bya.no\/index.php\/wp-json\/wp\/v2\/comments?post=699"}],"wp:featuredmedia":[{"embeddable":true,"href":"https:\/\/xn--trrfor-bya.no\/index.php\/wp-json\/wp\/v2\/media\/1275"}],"wp:attachment":[{"href":"https:\/\/xn--trrfor-bya.no\/index.php\/wp-json\/wp\/v2\/media?parent=699"}],"wp:term":[{"taxonomy":"product_cat","embeddable":true,"href":"https:\/\/xn--trrfor-bya.no\/index.php\/wp-json\/wp\/v2\/product_cat?post=699"},{"taxonomy":"product_tag","embeddable":true,"href":"https:\/\/xn--trrfor-bya.no\/index.php\/wp-json\/wp\/v2\/product_tag?post=699"}],"curies":[{"name":"wp","href":"https:\/\/api.w.org\/{rel}","templated":true}]}}