{"id":698,"date":"2024-09-13T11:37:46","date_gmt":"2024-09-13T11:37:46","guid":{"rendered":"https:\/\/testtorr.no\/index.php\/produkt\/happy-cat-minkas-sterilisert-fugl-10kg-2\/"},"modified":"2024-10-18T19:27:00","modified_gmt":"2024-10-18T19:27:00","slug":"happy-cat-minkas-sterilisert-fugl-10kg-2","status":"publish","type":"product","link":"https:\/\/xn--trrfor-bya.no\/index.php\/produkt\/happy-cat-minkas-sterilisert-fugl-10kg-2\/","title":{"rendered":"Happy Cat Minkas Sterilisert Fugl 10Kg"},"content":{"rendered":"<p>Happy Cat Minkas Sterilisert fugl er spesielt tilpasset behovene til steriliserte katter. Denne balanserte komplette dietten med redusert fettinnhold og optimalisert andel tilfredsstillende grovt f\u00f4r, hjelper katten din til \u00e5 opprettholde sin ideelle vekt. V\u00e5r oppskrift med h\u00f8y andel verdifulle animalske proteiner er 100% balansert og naturlig. Dette smakfulle t\u00f8rr f\u00f4ret inneholder mange vitaminer og mineraler for \u00e5 st\u00f8tte immunforsvaret. Og selvf\u00f8lgelig inneholder v\u00e5re oppskrifter ingen kunstige smaker eller konserveringsmidler.<\/p>\n<p>Skjem bort katten din med den smakfulle Minkas Sterilisert fugl. Denne velsmakende maten er rik p\u00e5 omega 3 og omega 6 fettsyrer for \u00e5 fremme en sunn hud og glatt pels.<\/p>\n<p><strong>Viktige fordeler:<\/strong><br \/>\n\u2022\u00a083% animalsk protein *<br \/>\n\u2022\u00a0St\u00f8tter metabolismen til kastrerte katter<br \/>\n\u2022\u00a0Ikke tilsatt sukker<br \/>\n\u2022\u00a0Med verdifulle vitaminer<br \/>\n* Av total protein<\/p>\n<p><strong>Ingredienser:<\/strong><br \/>\nFj\u00e6rkreprotein ** (25%), mais, kj\u00f8tt mel, hvetemel, hvete, maismel, cellulose, fiskemel, fj\u00e6rfefett, betemasse * (usukret), solsikkeolje, eplepomace *, natriumklorid, kaliumklorid, rapsfr\u00f8olje, yucca schidigera * (0,04%) , * t\u00f8rket, ** t\u00f8rket, delvis hydrolysert<br \/>\n<strong>Tilsetningsstoffer:<\/strong><br \/>\nPr. kg: Vitamin A (3a672a) 15000 IE, vitamin D3 (3a671) 1250 IE, E-vitamin (all-rac-alfa-tocopherylacetat 3a700) 75 mg, taurin (3a370) 1000 mg, antioksidant: tokoferolrike ekstrakter fra planteoljer 1b306 (i).<br \/>\n<strong>Analyse:<\/strong><br \/>\nR\u00e5protein 33,0%, r\u00e5fett 9,0%, r\u00e5fiber 5,0%, r\u00e5 aske 5,5%, kalsium 1,05% fosfor 0,7% natrium 0,45% kalium 0,65% magnesium 0,1% omega 6 fettsyrer 2,0% omega 3 fett syrer 0,2%<br \/>\n<strong>Sporstoffer:<\/strong><br \/>\nPr kg: Jern (jern (II) sulfat, monohydrat 3b103) 130 mg, kobber (II) sulfatpentahydrat 3b405) 12 mg, sink (sinkoksyd 3b603) 100 mg, mangan (mangan (II) oksid , ) 15 mg, jod (kalsiumjodat, vannfritt 3b202) 1,5 mg, selen (E8 , natrium selenitt) 0,15 mg, aminosyrer \/ kg: DL metionin (3c301) 4500 mg\u00a0 ,<\/p>\n<p><strong>F\u00f4ringsveiledning:<\/strong><br \/>\nIdeal vekt,\u00a0 Daglig normalt matbehov (huskatt) &#8211; Daglig \u00f8kt matbehov (utekatt)<br \/>\n2 kg\u00a0 \u00a0 \u00a0 \u00a0 \u00a0 \u00a0 \u00a0 \u00a0 \u00a0 \u00a0 \u00a0 \u00a0 \u00a0 \u00a0 \u00a0 \u00a0 \u00a0 \u00a0 \u00a0 \u00a0 \u00a030 g\u00a0 \u00a0 \u00a0 \u00a0 \u00a0 \u00a0 \u00a0 \u00a0 \u00a0 \u00a0 \u00a0 \u00a0 \u00a0 \u00a0 \u00a0 \u00a0 \u00a0 \u00a0\u00a040 g<br \/>\n3 kg\u00a0 \u00a0 \u00a0 \u00a0 \u00a0 \u00a0 \u00a0 \u00a0 \u00a0 \u00a0 \u00a0 \u00a0 \u00a0 \u00a0 \u00a0 \u00a0 \u00a0 \u00a0 \u00a0 \u00a0 \u00a040 g\u00a0 \u00a0 \u00a0 \u00a0 \u00a0 \u00a0 \u00a0 \u00a0 \u00a0 \u00a0 \u00a0 \u00a0 \u00a0 \u00a0 \u00a0 \u00a0 \u00a0 \u00a0\u00a050 g<br \/>\n4 kg\u00a0 \u00a0 \u00a0 \u00a0 \u00a0 \u00a0 \u00a0 \u00a0 \u00a0 \u00a0 \u00a0 \u00a0 \u00a0 \u00a0 \u00a0 \u00a0 \u00a0 \u00a0 \u00a0 \u00a0 \u00a050 g\u00a0 \u00a0 \u00a0 \u00a0 \u00a0 \u00a0 \u00a0 \u00a0 \u00a0 \u00a0 \u00a0 \u00a0 \u00a0 \u00a0 \u00a0 \u00a0 \u00a0 \u00a0\u00a060 g<br \/>\n5 kg\u00a0 \u00a0 \u00a0 \u00a0 \u00a0 \u00a0 \u00a0 \u00a0 \u00a0 \u00a0 \u00a0 \u00a0 \u00a0 \u00a0 \u00a0 \u00a0 \u00a0 \u00a0 \u00a0 \u00a0 \u00a060 g\u00a0 \u00a0 \u00a0 \u00a0 \u00a0 \u00a0 \u00a0 \u00a0 \u00a0 \u00a0 \u00a0 \u00a0 \u00a0 \u00a0 \u00a0 \u00a0 \u00a0 \u00a0\u00a070 g<br \/>\n6 kg\u00a0 \u00a0 \u00a0 \u00a0 \u00a0 \u00a0 \u00a0 \u00a0 \u00a0 \u00a0 \u00a0 \u00a0 \u00a0 \u00a0 \u00a0 \u00a0 \u00a0 \u00a0 \u00a0 \u00a0 \u00a065 g\u00a0 \u00a0 \u00a0 \u00a0 \u00a0 \u00a0 \u00a0 \u00a0 \u00a0 \u00a0 \u00a0 \u00a0 \u00a0 \u00a0 \u00a0 \u00a0 \u00a0 \u00a0\u00a080 g<br \/>\n7 kg\u00a0 \u00a0 \u00a0 \u00a0 \u00a0 \u00a0 \u00a0 \u00a0 \u00a0 \u00a0 \u00a0 \u00a0 \u00a0 \u00a0 \u00a0 \u00a0 \u00a0 \u00a0 \u00a0 \u00a0 \u00a075 g\u00a0 \u00a0 \u00a0 \u00a0 \u00a0 \u00a0 \u00a0 \u00a0 \u00a0 \u00a0 \u00a0 \u00a0 \u00a0 \u00a0 \u00a0 \u00a0 \u00a0 \u00a0\u00a090 g<br \/>\n8 kg\u00a0 \u00a0 \u00a0 \u00a0 \u00a0 \u00a0 \u00a0 \u00a0 \u00a0 \u00a0 \u00a0 \u00a0 \u00a0 \u00a0 \u00a0 \u00a0 \u00a0 \u00a0 \u00a0 \u00a0 \u00a080 g\u00a0 \u00a0 \u00a0 \u00a0 \u00a0 \u00a0 \u00a0 \u00a0 \u00a0 \u00a0 \u00a0 \u00a0 \u00a0 \u00a0 \u00a0 \u00a0 \u00a0 \u00a0\u00a095 g<\/p>\n<p>Tilby fersk, rent vann til enhver tid og hold vannsk\u00e5len litt avstand fra matsk\u00e5len. Individuelle katter har ulike behov, s\u00e5 de oppgitte mengdene kan \u00f8kes eller reduseres med opptil 15%. Du b\u00f8r ogs\u00e5 redusere mengden hvis du gir katten din v\u00e5tf\u00f4r eller snacks.<\/p>\n","protected":false},"excerpt":{"rendered":"<p>Happy Cat Minkas Sterilisert fugl er spesielt tilpasset behovene til steriliserte katter. Denne balanserte komplette dietten med redusert fettinnhold og optimalisert andel tilfredsstillende grovt f\u00f4r, hjelper katten din til \u00e5 opprettholde sin ideelle vekt. V\u00e5r oppskrift med h\u00f8y andel verdifulle animalske proteiner er 100% balansert og naturlig. Dette smakfulle t\u00f8rr f\u00f4ret inneholder mange vitaminer og [&hellip;]<\/p>\n","protected":false},"featured_media":1315,"comment_status":"open","ping_status":"closed","template":"","meta":{"_crdt_document":""},"product_cat":[63,64,65],"product_tag":[30],"class_list":{"0":"post-698","1":"product","2":"type-product","3":"status-publish","4":"has-post-thumbnail","6":"product_cat-katt","7":"product_cat-for","8":"product_cat-torrfor","9":"product_tag-happy-cat","11":"first","12":"outofstock","13":"taxable","14":"shipping-taxable","15":"purchasable","16":"product-type-simple"},"supplier_id":null,"supplier_sku":"","barcode":null,"atum_controlled":true,"out_stock_date":"2024-10-07 19:44:18","out_stock_threshold":null,"inheritable":false,"inbound_stock":0,"stock_on_hold":0,"sold_today":0,"sales_last_days":0,"reserved_stock":0,"customer_returns":0,"warehouse_damage":0,"lost_in_post":0,"other_logs":0,"out_stock_days":557,"lost_sales":0,"has_location":false,"update_date":"2026-04-18T17:36:55","atum_locations":[],"atum_stock_status":"outofstock","restock_status":false,"low_stock_amount":"","sales_update_date":"2026-04-18T17:36:55","calc_backorders":null,"_links":{"self":[{"href":"https:\/\/xn--trrfor-bya.no\/index.php\/wp-json\/wp\/v2\/product\/698","targetHints":{"allow":["GET"]}}],"collection":[{"href":"https:\/\/xn--trrfor-bya.no\/index.php\/wp-json\/wp\/v2\/product"}],"about":[{"href":"https:\/\/xn--trrfor-bya.no\/index.php\/wp-json\/wp\/v2\/types\/product"}],"replies":[{"embeddable":true,"href":"https:\/\/xn--trrfor-bya.no\/index.php\/wp-json\/wp\/v2\/comments?post=698"}],"wp:featuredmedia":[{"embeddable":true,"href":"https:\/\/xn--trrfor-bya.no\/index.php\/wp-json\/wp\/v2\/media\/1315"}],"wp:attachment":[{"href":"https:\/\/xn--trrfor-bya.no\/index.php\/wp-json\/wp\/v2\/media?parent=698"}],"wp:term":[{"taxonomy":"product_cat","embeddable":true,"href":"https:\/\/xn--trrfor-bya.no\/index.php\/wp-json\/wp\/v2\/product_cat?post=698"},{"taxonomy":"product_tag","embeddable":true,"href":"https:\/\/xn--trrfor-bya.no\/index.php\/wp-json\/wp\/v2\/product_tag?post=698"}],"curies":[{"name":"wp","href":"https:\/\/api.w.org\/{rel}","templated":true}]}}