{"id":695,"date":"2024-09-13T11:37:45","date_gmt":"2024-09-13T11:37:45","guid":{"rendered":"https:\/\/testtorr.no\/index.php\/produkt\/happy-cat-sterilisert-adult-atlantik-laks-2\/"},"modified":"2024-10-18T19:32:06","modified_gmt":"2024-10-18T19:32:06","slug":"happy-cat-sterilisert-adult-atlantik-laks-2","status":"publish","type":"product","link":"https:\/\/xn--trrfor-bya.no\/index.php\/produkt\/happy-cat-sterilisert-adult-atlantik-laks-2\/","title":{"rendered":"Happy Cat Sterilisert Adult Atlantik-Laks"},"content":{"rendered":"<p>Skjem bort katten din med denne balanserte sammensetningen av godt tolerert atlantisk laks, verdifull rosmarin og melketistel. Denne smakfulle og tilfredsstillende oppskriften ble spesielt utviklet for kastrerte katter og inneholder bare 10,5% fett. Den h\u00f8ye andelen naturlig kostfiber bidrar ogs\u00e5 til \u00e5 minimere h\u00e5rballer. De lett ford\u00f8yelige ingrediensene er gode for aktive katter.<\/p>\n<p>\u2022 Fyllende og velsmakende med bare 10,5% fett<br \/>\n\u2022 St\u00f8tter en blank pels<br \/>\n\u2022 Ogs\u00e5 for aktive katter<br \/>\n\u2022 For kastrerte katter<\/p>\n<p><strong>Innhold:<\/strong><br \/>\nFj\u00e6rkreprotein **, kj\u00f8ttmel, laksemel (11,0%), maismel, rismel, mais, potetflak, lignocellulose (5,5%), animalsk fett (inkludert fj\u00e6rkre), betemasse * (desugared), solsikkeolje (1,6 %), fiskehydrolysat *, eplepress * (0,8%), kaliumklorid, rapsolje (0,4%), gj\u00e6r *, natriumklorid, kattemynte (0,25%), t\u00f8rket hele egg, tang *, linfr\u00f8 (0,16%), sikoriapulver (0,15% = 0,1% inulin), yucca schidigera * (0,1%), bl\u00e5skjellkj\u00f8tt * (0,05%), gj\u00e6r * (ekstrakt, 0,02% = 0,0032% MOS), melketistel (0,013%), artisjokk (0,013 %), l\u00f8vetann (0,013%), ingef\u00e6r (0,013%), bj\u00f8rkeblad (0,013%), brennesle (0,013%), kamille (0,013%), koriander (0,013%), rosmarin (0,013%), salvie (0,013 %), lakrisrot (0,013%), timian (0,013%). *) t\u00f8rket, **) t\u00f8rket, delvis hydrolysert.<\/p>\n<p><strong>Analyse:<\/strong><br \/>\nR\u00e5protein 37,0%, r\u00e5fett 10,5%, r\u00e5fiber 5,5%, r\u00e5aske 7,5%, kalsium 1,3%, fosfor 1,05%, natrium 0,65%, kalium 0,65%, magnesium 0,09%, omega 6 fettsyrer 2,5%, omega 3 fett syrer 0,3%<\/p>\n<p><strong>Tilsetningsstoffer:<\/strong><br \/>\n<strong>Vitaminer \/ kg:\u00a0<\/strong>Vitamin A (3a672a) 17000 IE, vitamin D3 (3a671) 1000 IE, vitamin E (all-rac-alfa-tokoferylacetat 3a700) 100 mg, vitamin B1 (tiaminmononitrat 3a821) 4 mg, vitamin B2 (riboflavin 3a825ii) 4 mg, vitamin B6 (pyridoksinhydroklorid 3a831) 4 mg, biotin (3a880) 500 mcg, kalsium-d-pantotenat (3a841) 10 mg, niacin (3a314) 55 mg, vitamin B12 75 mcg, vitamin C (natriumkalsium askorbylfosfat 3a312) 30 mg, kolinklorid (3a890) 60 mg, taurin (3a370) 1000 mg,<br \/>\n<strong>Sporstoffer \/ kg:<\/strong>\u00a0Jern (jern (II) sulfatmonohydrat 3b103) 105 mg, kobber (kobber (II) sulfatpentahydrat 3b405) 10 mg, sink (sinkoksid 3b603 80 mg, sinkchelat av aminosyrer; hydrat 3b606 25 mg,) 105 mg, mangan (mangan (II) oksid 3b502) 25 mg, jod (kalsiumjodat 2 mg, vannfritt 3b202) 0,15 mg , selen (natriumselenitt 3b801) 4200 mg, Antioksidant; tokoferolrike ekstrakter fra planteoljer 1b306 (i). Aminosyrer \/ kg: DL-metionin (3c301)<\/p>\n","protected":false},"excerpt":{"rendered":"<p>Skjem bort katten din med denne balanserte sammensetningen av godt tolerert atlantisk laks, verdifull rosmarin og melketistel. Denne smakfulle og tilfredsstillende oppskriften ble spesielt utviklet for kastrerte katter og inneholder bare 10,5% fett. Den h\u00f8ye andelen naturlig kostfiber bidrar ogs\u00e5 til \u00e5 minimere h\u00e5rballer. De lett ford\u00f8yelige ingrediensene er gode for aktive katter. \u2022 Fyllende [&hellip;]<\/p>\n","protected":false},"featured_media":1307,"comment_status":"open","ping_status":"closed","template":"","meta":{"_crdt_document":""},"product_cat":[63,64,65],"product_tag":[30],"class_list":{"0":"post-695","1":"product","2":"type-product","3":"status-publish","4":"has-post-thumbnail","6":"product_cat-katt","7":"product_cat-for","8":"product_cat-torrfor","9":"product_tag-happy-cat","11":"first","12":"outofstock","13":"taxable","14":"shipping-taxable","15":"purchasable","16":"product-type-variable"},"supplier_id":null,"supplier_sku":"","barcode":null,"atum_controlled":true,"out_stock_date":"2024-10-07 19:44:18","out_stock_threshold":null,"inheritable":false,"inbound_stock":0,"stock_on_hold":0,"sold_today":0,"sales_last_days":0,"reserved_stock":0,"customer_returns":0,"warehouse_damage":0,"lost_in_post":0,"other_logs":0,"out_stock_days":557,"lost_sales":0,"has_location":false,"update_date":"2026-04-18T17:36:55","atum_locations":[],"atum_stock_status":"outofstock","restock_status":false,"low_stock_amount":"","sales_update_date":"2026-04-18T17:36:55","calc_backorders":null,"_links":{"self":[{"href":"https:\/\/xn--trrfor-bya.no\/index.php\/wp-json\/wp\/v2\/product\/695","targetHints":{"allow":["GET"]}}],"collection":[{"href":"https:\/\/xn--trrfor-bya.no\/index.php\/wp-json\/wp\/v2\/product"}],"about":[{"href":"https:\/\/xn--trrfor-bya.no\/index.php\/wp-json\/wp\/v2\/types\/product"}],"replies":[{"embeddable":true,"href":"https:\/\/xn--trrfor-bya.no\/index.php\/wp-json\/wp\/v2\/comments?post=695"}],"wp:featuredmedia":[{"embeddable":true,"href":"https:\/\/xn--trrfor-bya.no\/index.php\/wp-json\/wp\/v2\/media\/1307"}],"wp:attachment":[{"href":"https:\/\/xn--trrfor-bya.no\/index.php\/wp-json\/wp\/v2\/media?parent=695"}],"wp:term":[{"taxonomy":"product_cat","embeddable":true,"href":"https:\/\/xn--trrfor-bya.no\/index.php\/wp-json\/wp\/v2\/product_cat?post=695"},{"taxonomy":"product_tag","embeddable":true,"href":"https:\/\/xn--trrfor-bya.no\/index.php\/wp-json\/wp\/v2\/product_tag?post=695"}],"curies":[{"name":"wp","href":"https:\/\/api.w.org\/{rel}","templated":true}]}}