{"id":692,"date":"2024-09-13T11:37:45","date_gmt":"2024-09-13T11:37:45","guid":{"rendered":"https:\/\/testtorr.no\/index.php\/produkt\/happy-cat-sterilisert-adult-oksekjott-2\/"},"modified":"2024-10-20T18:15:31","modified_gmt":"2024-10-20T16:15:31","slug":"happy-cat-sterilisert-adult-oksekjott-2","status":"publish","type":"product","link":"https:\/\/xn--trrfor-bya.no\/index.php\/produkt\/happy-cat-sterilisert-adult-oksekjott-2\/","title":{"rendered":"Happy Cat Sterilisert Adult Oksekj\u00f8tt"},"content":{"rendered":"<p>Oppskriften p\u00e5 Happy Cat Sterilisert med oksekj\u00f8tt ble spesielt utviklet for \u00e5 dekke kostbehovet til kastrerte katter. De mettende og smakfulle bitene inneholder bare 10,5% fett, og med solid bayersk oksekj\u00f8tt, sunn rosmarin og melketistel gir de st\u00f8rre variasjon i matsk\u00e5len. Strukturen til disse store bitene st\u00f8tter ogs\u00e5 daglig tannpleie.<\/p>\n<p><strong>Innhold:<\/strong><br \/>\nKj\u00f8ttmel (totalt 23,0%, hvorav 75,0% kj\u00f8ttmel), fj\u00f8rfeprotein **, mais, maismel, potetflak, rismel, lignocellulose, animalsk protein * (inkludert oksekj\u00f8tt 1,8%), animalsk fett (inkludert oksekj\u00f8tt) , betemasse * (desugared), solsikkeolje (1,6%), hemoglobin *, fiskehydrolysat *, eplepress * (0,8%), kaliumklorid, rapsolje (0,4%), gj\u00e6r *, natriumklorid, t\u00f8rket helt egg, tang *, linfr\u00f8 (0,16%), sikoriapulver (0,15% = 0,1% inulin), yucca schidigera * (0,1%), bl\u00e5skjellkj\u00f8tt * (0,05%), gj\u00e6r * (ekstrakt, 0,02% = 0,0032% MOS), melk tidsel (0,013%), artisjokk (0,013%), l\u00f8vetann (0,013%), ingef\u00e6r (0,013%), bj\u00f8rkeblader (0,013%), brennesle (0,013%), kamille (0,013%), koriander (0,013%), rosmarin (0,013%), salvie (0,013%), lakrisrot (0,013%), timian (0,013%). *) t\u00f8rket, **) t\u00f8rket, delvis hydrolysert.<\/p>\n<p><strong>Analyse:<\/strong><br \/>\nR\u00e5protein 37,0%, r\u00e5fett 10,5%, r\u00e5fiber 5,5%, r\u00e5aske 7,0%, kalsium 1,05%, fosfor 0,85%, natrium 0,6%, kalium 0,65%, magnesium 0,08%, omega 6 fettsyrer 2,5%, omega 3 fett syrer 0,3%<\/p>\n<p><strong>Tilsetningsstoffer:<\/strong><br \/>\n<strong>Vitaminer \/ kg:<\/strong>\u00a0 ,Vitamin A (3a672a) 17000 IE, vitamin D3 (3a671) 1000 IE, vitamin E (all-rac-alfa-tokoferylacetat 3a700) 100 mg, vitamin B1 (tiaminmononitrat 3a821) 4 mg, vitamin B2 (riboflavin 3a825ii) 4 mg, vitamin B6 (pyridoksinhydroklorid 3a831) 4 mg, biotin (3a880) 500 mcg, kalsium-d-pantotenat (3a841) 10 mg, niacin (3a314) 55 mg, vitamin B12 75 mcg, vitamin C (natriumkalsium askorbylfosfat 3a312) 30 mg, kolinklorid (3a890) 60 mg, taurin (3a370) 1000 mg,<br \/>\n<strong>Sporstoffer \/ kg:<\/strong>\u00a0 ,Jern (jern (II) sulfatmonohydrat 3b103) 105 mg, kobber (kobber (II) sulfatpentahydrat 3b405) 10 mg, sink (sinkoksid 3b603 80 mg, sinkchelat av aminosyrer , hydrat 3b606 25 mg,) 105 mg, mangan (mangan (II) oksid 3b502) 25 mg, jod (kalsiumjodat 2 mg, vannfritt 3b202) 0,15 mg , selen (natriumselenitt 3b801) 4200 mg, Antioksidant , tokoferolrike ekstrakter fra planteoljer 1b306 (i). Aminosyrer \/ kg: DL-metionin (3c301)<\/p>\n","protected":false},"excerpt":{"rendered":"<p>Oppskriften p\u00e5 Happy Cat Sterilisert med oksekj\u00f8tt ble spesielt utviklet for \u00e5 dekke kostbehovet til kastrerte katter. De mettende og smakfulle bitene inneholder bare 10,5% fett, og med solid bayersk oksekj\u00f8tt, sunn rosmarin og melketistel gir de st\u00f8rre variasjon i matsk\u00e5len. Strukturen til disse store bitene st\u00f8tter ogs\u00e5 daglig tannpleie. Innhold: Kj\u00f8ttmel (totalt 23,0%, hvorav [&hellip;]<\/p>\n","protected":false},"featured_media":1319,"comment_status":"open","ping_status":"closed","template":"","meta":{"_crdt_document":""},"product_cat":[63,64,65],"product_tag":[30],"class_list":{"0":"post-692","1":"product","2":"type-product","3":"status-publish","4":"has-post-thumbnail","6":"product_cat-katt","7":"product_cat-for","8":"product_cat-torrfor","9":"product_tag-happy-cat","11":"first","12":"instock","13":"taxable","14":"shipping-taxable","15":"purchasable","16":"product-type-variable"},"supplier_id":null,"supplier_sku":"","barcode":null,"atum_controlled":true,"out_stock_date":"2024-10-07 19:44:18","out_stock_threshold":null,"inheritable":false,"inbound_stock":0,"stock_on_hold":0,"sold_today":0,"sales_last_days":0,"reserved_stock":0,"customer_returns":0,"warehouse_damage":0,"lost_in_post":0,"other_logs":0,"out_stock_days":557,"lost_sales":0,"has_location":false,"update_date":"2026-04-18T17:36:55","atum_locations":[],"atum_stock_status":"instock","restock_status":false,"low_stock_amount":"","sales_update_date":"2026-04-18T17:36:55","calc_backorders":null,"_links":{"self":[{"href":"https:\/\/xn--trrfor-bya.no\/index.php\/wp-json\/wp\/v2\/product\/692","targetHints":{"allow":["GET"]}}],"collection":[{"href":"https:\/\/xn--trrfor-bya.no\/index.php\/wp-json\/wp\/v2\/product"}],"about":[{"href":"https:\/\/xn--trrfor-bya.no\/index.php\/wp-json\/wp\/v2\/types\/product"}],"replies":[{"embeddable":true,"href":"https:\/\/xn--trrfor-bya.no\/index.php\/wp-json\/wp\/v2\/comments?post=692"}],"wp:featuredmedia":[{"embeddable":true,"href":"https:\/\/xn--trrfor-bya.no\/index.php\/wp-json\/wp\/v2\/media\/1319"}],"wp:attachment":[{"href":"https:\/\/xn--trrfor-bya.no\/index.php\/wp-json\/wp\/v2\/media?parent=692"}],"wp:term":[{"taxonomy":"product_cat","embeddable":true,"href":"https:\/\/xn--trrfor-bya.no\/index.php\/wp-json\/wp\/v2\/product_cat?post=692"},{"taxonomy":"product_tag","embeddable":true,"href":"https:\/\/xn--trrfor-bya.no\/index.php\/wp-json\/wp\/v2\/product_tag?post=692"}],"curies":[{"name":"wp","href":"https:\/\/api.w.org\/{rel}","templated":true}]}}